{"id":8208,"date":"2025-12-15T12:00:10","date_gmt":"2025-12-15T09:00:10","guid":{"rendered":"https:\/\/eltechnika.eu\/produktas\/aeon-elite-nova-10-14-16\/"},"modified":"2025-08-21T15:40:55","modified_gmt":"2025-08-21T12:40:55","slug":"aeon-elite-nova-10-14-16","status":"publish","type":"product","link":"https:\/\/eltechnika.eu\/et\/toode\/aeon-elite-nova-10-14-16\/","title":{"rendered":"Aeon Elite Nova 10\/14\/16"},"content":{"rendered":"<h2><strong>AEON Elite NOVA: Kui parimad muutuvad veelgi paremaks<\/strong><\/h2>\n<p>AEON Elite NOVA-seeria on t\u00e4iustatud ja veelgi v\u00f5imsam versioon populaarsest NOVA-seeriast. See on m\u00f5eldud professionaalidele ja tootmisettev\u00f5tetele, kes p\u00fc\u00fcavad saavutada absoluutset maksimumi ja ei saa endale lubada mingeid kompromisse. Elite-mudelid s\u00e4ilitavad NOVA t\u00f6\u00f6kindla ja usaldusv\u00e4\u00e4rse platvormi, sealhulgas revolutsioonilise Clean Pack-tehnoloogia, kuid t\u00e4iendavad seda tipptasemel vahelduvvooluservomootoritega, mis annavad h\u00e4mmastava kiiruse ja kiirenduse eelise.  <\/p>\n<h2><strong>Peamine eelis: vahelduvvoolu servomootorid<\/strong><\/h2>\n<p>Suurim erinevus, mis viib Elite-seeria j\u00e4rgmisele tasemele, on suure j\u00f5udlusega AC-servomootori s\u00fcsteem. Erinevalt tavalistest samm- v\u00f5i h\u00fcbriidmootoritest pakub servos\u00fcsteem selgeid eeliseid. <\/p>\n<h3><strong>Fenomenaalne kiirus ja kiirendus<\/strong><\/h3>\n<p>Vahelduvvoolu servomootorid v\u00f5imaldavad palju suuremaid l\u00f5ikamis- ja graveerimiskiirusi ning, mis veelgi t\u00e4htsam, palju suuremat kiirendust. See t\u00e4hendab, et masin ei liigu mitte ainult kiiremini sirgetel joontel, vaid muudab ka koheselt suunda, nii et keeruliste kujude, v\u00e4ikeste detailide ja keeruliste mustrite l\u00f5ikamine v\u00f5tab oluliselt v\u00e4hem aega. Teie tootmise tootlikkus v\u00f5ib kohati suureneda.  <\/p>\n<h3><strong>T\u00f5rgetu t\u00e4psus ja sujuvus<\/strong><\/h3>\n<p>Servos\u00fcsteem t\u00f6\u00f6tab tagasisidep\u00f5hiselt, reguleerides pidevalt mootori asendit. See tagab absoluutse t\u00e4psuse, sujuvamad kurvid ja teravamad nurgad, isegi maksimaalsel kiirusel. Tulemuseks on kvaliteetsem l\u00f5pptoode v\u00e4iksema t\u00f5rjega.  <\/p>\n<h2><strong>Usaldusv\u00e4\u00e4rne ja ajaproovitud platvorm<\/strong><\/h2>\n<p>Elite-seeria on ehitatud NOVA tugeva vundamendi peale, nii et saate mitte ainult kiiruse, vaid ka k\u00f5ik funktsioonid, mis on teinud NOVA-seeriast turuliidri.<\/p>\n<h3><strong>&#8220;Puhta pakendi tehnoloogia<\/strong><\/h3>\n<p>Nagu standardmudelite puhul, on k\u00f5ik liikuvad osad t\u00e4ielikult kapseldatud. See kaitseb kallist mehaanikat tolmu eest, pikendab nende kasutusiga ja hoiab hoolduskulud minimaalseks. <\/p>\n<h3><strong>T\u00f6\u00f6stuslik All-in-One disain<\/strong><\/h3>\n<p>Te ei pea muretsema v\u00e4liste tarvikute p\u00e4rast. V\u00f5imas t\u00f6\u00f6stuslik jahuti, suitsueemaldaja ja \u00f5hukompressor on juba masina korpusesse integreeritud, et tagada stabiilne ja ohutu t\u00f6\u00f6. <\/p>\n<h2><strong>Valige oma Elite NOVA mudel<\/strong><\/h2>\n<p>Elite-seeria pakub kolme suurust, mis v\u00f5imaldab teil kohandada masinat vastavalt teie ruumile ja tootmisvajadustele.<\/p>\n<ul>\n<li><strong>Elite NOVA 10:<\/strong> <strong>1000 x 700 mm<\/strong> t\u00f6\u00f6pinnaga on v\u00f5imas ja mitmek\u00fclgne t\u00f6\u00f6riist, mis sobib paljude t\u00f6\u00f6stuslike t\u00f6\u00f6de jaoks.<\/li>\n<li><strong>Elite NOVA 14:<\/strong><strong>1400 x 900 mm<\/strong> t\u00f6\u00f6pind v\u00f5imaldab teil t\u00f5husalt t\u00f6\u00f6tada suurte materjalilehtedega, maksimeerides tootlikkust.<\/li>\n<li><strong>Elite NOVA 16:<\/strong> maksimaalse t\u00f6\u00f6pinnaga <strong>1600 x 1000 mm<\/strong> on Elite <strong>NOVA 16<\/strong> m\u00f5eldud k\u00f5rgeimate tootmismahtude ja kohandatud projektide jaoks ilma piiranguteta.<\/li>\n<\/ul>\n<div class=\"product-descr-table\">\n<table width=\"971\">\n<tbody>\n<tr>\n<td colspan=\"4\" width=\"971\">SPETSIFIKATSIOON<\/td>\n<\/tr>\n<tr>\n<td width=\"221\"><strong>MUDEL<\/strong><\/td>\n<td style=\"text-align: center;\" width=\"250\"><strong>NOVA10 Elite<\/strong><\/td>\n<td style=\"text-align: center;\" width=\"250\"><strong>NOVA14 Elite<\/strong><\/td>\n<td style=\"text-align: center;\" width=\"250\"><strong>NOVA16 Elite<\/strong><\/td>\n<\/tr>\n<tr>\n<td width=\"221\"><strong>T\u00f6\u00f6piirkond<\/strong><\/td>\n<td style=\"text-align: center;\" width=\"250\">700&#215;1000 mm<\/td>\n<td style=\"text-align: center;\" width=\"250\">900&#215;1400 mm<\/td>\n<td style=\"text-align: center;\" width=\"250\">1000&#215;1600 mm<\/td>\n<\/tr>\n<tr>\n<td width=\"221\"><strong>Maksimaalne motoriseeritud Z-telje k\u00f5rgus<\/strong><\/td>\n<td style=\"text-align: center;\" width=\"250\">200 mm<\/td>\n<td style=\"text-align: center;\" width=\"250\">200 mm<\/td>\n<td style=\"text-align: center;\" width=\"250\">200 mm<\/td>\n<\/tr>\n<tr>\n<td width=\"221\"><strong>Maksimaalne t\u00f5stev\u00f5ime<\/strong><\/td>\n<td style=\"text-align: center;\" width=\"250\">120 kg<\/td>\n<td style=\"text-align: center;\" width=\"250\">120 kg<\/td>\n<td style=\"text-align: center;\" width=\"250\">120 kg<\/td>\n<\/tr>\n<tr>\n<td rowspan=\"2\" width=\"221\"><strong>Laseri t\u00fc\u00fcp\/v\u00f5imsus<\/strong><\/td>\n<td style=\"text-align: center;\" width=\"250\">DC klaas 90\/100W<\/td>\n<td style=\"text-align: center;\" width=\"250\">DC Glass 90\/100\/130W<\/td>\n<td style=\"text-align: center;\" width=\"250\">DC Glass 90\/100\/130\/150W<\/td>\n<\/tr>\n<tr>\n<td style=\"text-align: center;\" width=\"250\">RF Metal 30\/60W<\/td>\n<td style=\"text-align: center;\" width=\"250\">RF Metal 30\/60W<\/td>\n<td style=\"text-align: center;\" width=\"250\">RF Metal 30\/60W<\/td>\n<\/tr>\n<tr>\n<td width=\"221\"><strong>Maksimaalne graveerimiskiirus<\/strong><\/td>\n<td style=\"text-align: center;\" width=\"250\">DC 1200 mm\/s, RF 4000 mm\/s<\/td>\n<td style=\"text-align: center;\" colspan=\"2\" width=\"500\">DC 1200 mm\/s, RF 4200 mm\/s<\/td>\n<\/tr>\n<tr>\n<td rowspan=\"2\" width=\"221\"><strong>Kiirendus<\/strong><\/td>\n<td style=\"text-align: center;\" colspan=\"3\">5G (ALALISVOOL)<\/td>\n<\/tr>\n<tr>\n<td style=\"text-align: center;\" colspan=\"3\">8G (RF)<\/td>\n<\/tr>\n<tr>\n<td rowspan=\"2\" width=\"221\"><strong>Mootori t\u00fc\u00fcp<\/strong><\/td>\n<td style=\"text-align: center;\" colspan=\"3\">DC Stepper (DC)<\/td>\n<\/tr>\n<tr>\n<td style=\"text-align: center;\" colspan=\"3\">AC servo (RF)<\/td>\n<\/tr>\n<tr>\n<td width=\"221\"><strong>Alalisvoolu allika maksimaalne eraldusv\u00f5ime<\/strong><\/td>\n<td style=\"text-align: center;\" colspan=\"3\" width=\"750\">1000 DPI<\/td>\n<\/tr>\n<tr>\n<td width=\"221\"><strong>RF-allika maksimaalne eraldusv\u00f5ime<\/strong><\/td>\n<td style=\"text-align: center;\" colspan=\"3\" width=\"750\">4000 DPI<\/td>\n<\/tr>\n<tr>\n<td width=\"221\"><strong>Kirja graveerimise minimaalne suurus<\/strong><\/td>\n<td style=\"text-align: center;\" colspan=\"3\" width=\"750\">1 x 1mm (RF)<\/td>\n<\/tr>\n<tr>\n<td width=\"221\"><strong>Positsioneerimise t\u00e4psus<\/strong><\/td>\n<td style=\"text-align: center;\" colspan=\"3\" width=\"750\">&lt; 0,01 mm<\/td>\n<\/tr>\n<tr>\n<td width=\"221\"><strong>L\u00f5ike paksus<\/strong><\/td>\n<td style=\"text-align: center;\" colspan=\"3\" width=\"750\">&lt; 15mm (s\u00f5ltuvalt materjalist ja allika v\u00f5imsusest)<\/td>\n<\/tr>\n<tr>\n<td width=\"221\"><strong>T\u00f6\u00f6laud<\/strong><\/td>\n<td style=\"text-align: center;\" colspan=\"3\" width=\"750\">Cellular + spetsiaalne l\u00f5iket\u00f6\u00f6pind<\/td>\n<\/tr>\n<tr>\n<td width=\"221\"><strong>Jahutamine<\/strong><\/td>\n<td style=\"text-align: center;\" width=\"250\">DC: vesijahuti CW5000<\/td>\n<td style=\"text-align: center;\" colspan=\"2\" width=\"500\">DC: Vesijahuti CW5200<\/td>\n<\/tr>\n<tr>\n<td width=\"221\"><\/td>\n<td style=\"text-align: center;\" colspan=\"3\" width=\"750\">RF: \u00d5hujahutus<\/td>\n<\/tr>\n<tr>\n<td width=\"221\"><strong>Suitsu v\u00e4ljat\u00f5mbeventilaator<\/strong><\/td>\n<td style=\"text-align: center;\" colspan=\"3\" width=\"750\">500W<\/td>\n<\/tr>\n<tr>\n<td width=\"221\"><strong>Integreeritud \u00f5hupump<\/strong><\/td>\n<td style=\"text-align: center;\" width=\"250\">750W ja 24L \u00f5huv\u00f5imsus<\/td>\n<td style=\"text-align: center;\" colspan=\"2\" width=\"500\">750W 40L \u00f5humahuga<\/td>\n<\/tr>\n<tr>\n<td width=\"221\"><strong>Autofookus<\/strong><\/td>\n<td style=\"text-align: center;\" colspan=\"3\" width=\"750\">Sisseehitatud<\/td>\n<\/tr>\n<tr>\n<td width=\"221\"><strong>Kaamera<\/strong><\/td>\n<td style=\"text-align: center;\" colspan=\"3\">100\u00b0 8 megapikslit<\/td>\n<\/tr>\n<tr>\n<td width=\"221\"><strong>Laserite ohutuse klassifikatsioon<\/strong><\/td>\n<td style=\"text-align: center;\" colspan=\"3\">Klassi 1 lasertoode<\/td>\n<\/tr>\n<tr>\n<td width=\"221\"><strong>Tarkvara<\/strong><\/td>\n<td style=\"text-align: center;\" colspan=\"3\" width=\"750\">RDWorks (Lightburn soovitatav, eraldi tasuline litsents)<\/td>\n<\/tr>\n<tr>\n<td width=\"221\"><strong>Toetatud vormingud<\/strong><\/td>\n<td style=\"text-align: center;\" colspan=\"3\" width=\"750\">DSP\/PLT\/BMP\/DXF\/AI\/DWG\/SVG<\/td>\n<\/tr>\n<tr>\n<td><strong>Masina m\u00f5\u00f5tmed<\/strong><\/td>\n<td style=\"text-align: center;\">1500*1210*1125 mm<\/td>\n<td style=\"text-align: center;\">1900*1410*1125 mm<\/td>\n<td style=\"text-align: center;\">2100*1510*1125 mm<\/td>\n<\/tr>\n<tr>\n<td><strong>Brutokaal<\/strong><\/td>\n<td style=\"text-align: center;\">532 kg<\/td>\n<td style=\"text-align: center;\">683 kg<\/td>\n<td style=\"text-align: center;\">730 kg<\/td>\n<\/tr>\n<tr>\n<td><strong>Netokaal<\/strong><\/td>\n<td style=\"text-align: center;\">415 kg<\/td>\n<td style=\"text-align: center;\">560 kg<\/td>\n<td style=\"text-align: center;\">566 kg<\/td>\n<\/tr>\n<tr>\n<td width=\"221\"><strong>Toitepinge<\/strong><\/td>\n<td style=\"text-align: center;\" colspan=\"3\" width=\"750\">220V AC 50Hz<\/td>\n<\/tr>\n<tr>\n<td width=\"221\"><strong>Koguv\u00f5imsus<\/strong><\/td>\n<td style=\"text-align: center;\" colspan=\"3\" width=\"750\">2300W<\/td>\n<\/tr>\n<tr>\n<td width=\"221\"><strong>Rotary<\/strong><\/td>\n<td style=\"text-align: center;\" colspan=\"3\" width=\"750\">Valikuline (toorik\/rull)<\/td>\n<\/tr>\n<\/tbody>\n<\/table>\n<\/div>\n","protected":false},"excerpt":{"rendered":"<p><strong>AEON Elite NOVA<\/strong> on k\u00f5rgekvaliteediliste t\u00f6\u00f6stuslaserite seeria, mis on m\u00f5eldud k\u00f5ige n\u00f5udlikumatele kasutajatele. Sisseehitatud <strong>vahelduvvoolu servomootorid<\/strong> viivad kiiruse ja kiirenduse uuele tasemele, pakkudes v\u00f5rratut j\u00f5udlust ja l\u00f5ikekvaliteeti. S\u00e4ilitades k\u00f5ik parimad NOVA omadused, nagu n\u00e4iteks Clean Pack tehnoloogia, on Elite seeria ideaalne valik suurte tootmismahtude jaoks, kus iga sekund loeb ja kus on oluline absoluutne t\u00e4psus.  <\/p>\n","protected":false},"featured_media":8209,"template":"","meta":{"_acf_changed":false},"product_brand":[],"product_cat":[319,318],"product_tag":[],"class_list":{"0":"post-8208","1":"product","2":"type-product","3":"status-publish","4":"has-post-thumbnail","6":"product_cat-aeon-co2-laserloikus-graveerimismasin","7":"product_cat-laser-toopingid","8":"","9":"woocommerce-text-align-center","10":"woocommerce-image-align-center","11":"wc-has-gallery","13":"first","14":"instock","15":"shipping-taxable","16":"purchasable","17":"product-type-simple"},"acf":[],"_links":{"self":[{"href":"https:\/\/eltechnika.eu\/et\/wp-json\/wp\/v2\/product\/8208","targetHints":{"allow":["GET"]}}],"collection":[{"href":"https:\/\/eltechnika.eu\/et\/wp-json\/wp\/v2\/product"}],"about":[{"href":"https:\/\/eltechnika.eu\/et\/wp-json\/wp\/v2\/types\/product"}],"wp:featuredmedia":[{"embeddable":true,"href":"https:\/\/eltechnika.eu\/et\/wp-json\/wp\/v2\/media\/8209"}],"wp:attachment":[{"href":"https:\/\/eltechnika.eu\/et\/wp-json\/wp\/v2\/media?parent=8208"}],"wp:term":[{"taxonomy":"product_brand","embeddable":true,"href":"https:\/\/eltechnika.eu\/et\/wp-json\/wp\/v2\/product_brand?post=8208"},{"taxonomy":"product_cat","embeddable":true,"href":"https:\/\/eltechnika.eu\/et\/wp-json\/wp\/v2\/product_cat?post=8208"},{"taxonomy":"product_tag","embeddable":true,"href":"https:\/\/eltechnika.eu\/et\/wp-json\/wp\/v2\/product_tag?post=8208"}],"curies":[{"name":"wp","href":"https:\/\/api.w.org\/{rel}","templated":true}]}}