{"id":7976,"date":"2025-12-15T14:00:15","date_gmt":"2025-12-15T11:00:15","guid":{"rendered":"https:\/\/eltechnika.eu\/produktas\/aeon-mira-s-5-7-9\/"},"modified":"2025-08-21T15:40:44","modified_gmt":"2025-08-21T12:40:44","slug":"aeon-mira-s-5-7-9","status":"publish","type":"product","link":"https:\/\/eltechnika.eu\/et\/toode\/aeon-mira-s-5-7-9\/","title":{"rendered":"Aeon Mira S 5\/7\/9"},"content":{"rendered":"<h2><strong>AEON MIRA S: kompaktne suurus, t\u00f6\u00f6stuslik v\u00f5imsus<\/strong><\/h2>\n<p><strong>AEON MIRA <span style=\"color: #ff0000;\">S-seeria<\/span><\/strong> on otsene vastus turu n\u00f5udlusele veelgi v\u00f5imsama ja kiirema laualaseri j\u00e4rele. Populaarsele MIRA platvormile ehitatud S (Strong) mudelid on nagu MIRA steroididel &#8211; need s\u00e4ilitavad k\u00f5ik eelk\u00e4ijate parimad omadused, nagu n\u00e4iteks k\u00f5ik-\u00fches-disain ja kompaktsus, kuid t\u00f5stavad j\u00f5udluse t\u00e4iesti uuele tasemele. Need masinad on m\u00f5eldud professionaalidele ja intensiivsele tootmisele, kus iga sekund loeb.  <\/p>\n<h3><strong>Fenomenaalne kiirus: oma klassi kiireim<\/strong><\/h3>\n<p><strong>MIRA <span style=\"color: #ff0000;\">S-seeria<\/span><\/strong> k\u00f5ige silmapaistvam omadus on muljetavaldav graveerimiskiirus kuni <strong>2000 mm\/s<\/strong>. See on peaaegu kaks korda kiirem kui tavalised MIRA mudelid, mis teeb <strong>MIRA <span style=\"color: #ff0000;\">S-st<\/span><\/strong> \u00fche maailma kiireima lauaarvutigraveerija. See kiirus v\u00f5imaldab teil oluliselt v\u00e4hendada tootmist\u00e4htaegu ja t\u00e4ita suure mahuga tellimusi rekordajaga.  <\/p>\n<h3><strong>Tugevdatud konstruktsioon intensiivseks t\u00f6\u00f6ks<\/strong><\/h3>\n<p><strong>MIRA <span style=\"color: #ff0000;\">S-mudelitel<\/span><\/strong> on tugevam, t\u00e4ielikult suletud korpus, mis on kavandatud vastu pidama rasketele ja p\u00fcsivatele koormustele. K\u00f5ik komponendid on k\u00f5rgema kvaliteediga, mis tagab vastupidavuse ja stabiilsuse ka maksimaalsel kiirusel. Nagu standardseeria puhul, leiate integreeritud jahutus-, \u00f5huvarustus- ja suitsueemalduss\u00fcsteemid, kuid k\u00f5ik need on kavandatud suurema v\u00f5imsuse ja intensiivsuse jaoks.  <\/p>\n<h3><strong>Suurem v\u00f5imsus ja mitmek\u00fclgsus<\/strong><\/h3>\n<p><strong>MIRA <span style=\"color: #ff0000;\">S-seeria<\/span><\/strong> pakub v\u00f5imalust integreerida v\u00f5imsamaid laserallikaid, sealhulgas vastupidavaid <strong>metallist RF (raadiosagedus) lasertorusid kuni 60 W<\/strong>. See mitte ainult ei pikenda laserallika kasutusiga, vaid tagab ka veelgi suurema t\u00e4psuse ja v\u00f5imaluse t\u00f6\u00f6delda laiemat materjali valikut. Loomulikult on masinal s\u00e4ilinud k\u00f5ik mugavusfunktsioonid, nagu <strong>Clean Pack tehnoloogia<\/strong> ja <strong>Wi-Fi \u00fchenduvus<\/strong>.  <\/p>\n<hr>\n<h2><strong>Valige endale sobiv MIRA S mudel<\/strong><\/h2>\n<p>MIRA S-seeria pakub kolme mudelit, millest iga\u00fchel on erinev t\u00f6\u00f6piirkond. Valige optimaalne variant, mis vastab teie tootmisvajadustele. <\/p>\n<h3><strong>MIRA S 5: maksimaalne v\u00f5imsus v\u00e4ikseimas ruumis<\/strong><\/h3>\n<p><strong>500 x 300 mm<\/strong> t\u00f6\u00f6pinnaga on see mudel k\u00f5ige v\u00f5imsam valik \u00e4\u00e4rmiselt piiratud ruumi puhul. See on ideaalne, kui iga sentimeeter loeb, kuid kiiruse ja kvaliteedi osas ei tohi teha kompromisse. <\/p>\n<h3><strong>MIRA S 7: tasakaalustatud v\u00f5imsus<\/strong><\/h3>\n<p><strong>700 x 450 mm<\/strong> t\u00f6\u00f6pinnaga on see mitmek\u00fclgne lahendus paljude \u00fclesannete jaoks. See mudel saavutab t\u00e4iusliku tasakaalu kompaktsuse ja suuremate t\u00f6\u00f6deldavate detailide t\u00f6\u00f6tlemise v\u00f5ime vahel, mist\u00f5ttu on see populaarne valik kasvavate ettev\u00f5tete seas. <\/p>\n<h3><strong>MIRA S 9: Maksimaalne j\u00f5udlus t\u00f6\u00f6lauaversioonis<\/strong><\/h3>\n<p><strong>900 x 600 mm<\/strong> suurune t\u00f6\u00f6pind pakub laualaserite maksimaalseid v\u00f5imalusi. MIRA S 9 v\u00f5imaldab materjalilehtede t\u00f5husat kasutamist, suuri tootmisvoore ja seeriatootmist ilma piiranguteta. <\/p>\n<div class=\"product-descr-table\">\n<table width=\"940\">\n<tbody>\n<tr>\n<td colspan=\"4\" width=\"940\"><strong>SPETSIFIKATSIOON<\/strong><\/td>\n<\/tr>\n<tr>\n<td width=\"214\"><strong>MUDEL<\/strong><\/td>\n<td width=\"242\"><strong>MIRA 5<\/strong><strong>S<\/strong><\/td>\n<td width=\"242\"><strong>MIRA 7<\/strong><strong>S<\/strong><\/td>\n<td width=\"242\"><strong>MIRA 9<\/strong><strong>S<\/strong><\/td>\n<\/tr>\n<tr>\n<td width=\"214\"><strong>T\u00f6\u00f6piirkond<\/strong><\/td>\n<td width=\"242\">300&#215;500 mm<\/td>\n<td width=\"242\">500&#215;700 mm<\/td>\n<td width=\"242\">600&#215;900 mm<\/td>\n<\/tr>\n<tr>\n<td width=\"214\"><strong>Maksimaalne motoriseeritud Z-telje k\u00f5rgus<\/strong><\/td>\n<td width=\"242\">140 mm<\/td>\n<td width=\"242\">140 mm<\/td>\n<td width=\"242\">150 mm<\/td>\n<\/tr>\n<tr>\n<td width=\"214\"><strong>Maksimaalne t\u00f5stev\u00f5ime<\/strong><\/td>\n<td width=\"242\">15 kg<\/td>\n<td width=\"242\">25 kg<\/td>\n<td width=\"242\">25 kg<\/td>\n<\/tr>\n<tr>\n<td rowspan=\"2\" width=\"214\"><strong>Laseri t\u00fc\u00fcp\/v\u00f5imsus<\/strong><\/td>\n<td width=\"242\">DC klaas 45\/60W<\/td>\n<td width=\"242\">DC klaas 60\/75\/80W<\/td>\n<td width=\"242\">DC Glass 60\/75\/80\/90\/100W<\/td>\n<\/tr>\n<tr>\n<td width=\"242\">RF Metal 30\/60W<\/td>\n<td width=\"242\">RF Metal 30\/60W<\/td>\n<td width=\"242\">RF Metal 30\/60W<\/td>\n<\/tr>\n<tr>\n<td width=\"214\"><strong>Maksimaalne graveerimiskiirus<\/strong><\/td>\n<td width=\"242\">DC 1200 mm\/s, RF 3500 mm\/s<\/td>\n<td colspan=\"2\" width=\"484\">DC 1200 mm\/s, RF 4000 mm\/s<\/td>\n<\/tr>\n<tr>\n<td rowspan=\"2\" width=\"214\"><strong>Kiirendus<\/strong><\/td>\n<td colspan=\"3\" width=\"726\">5G (ALALISVOOL)<\/td>\n<\/tr>\n<tr>\n<td colspan=\"3\" width=\"726\">8G (RF)<\/td>\n<\/tr>\n<tr>\n<td rowspan=\"2\" width=\"214\"><strong>Mootori t\u00fc\u00fcp<\/strong><\/td>\n<td colspan=\"3\" width=\"726\">DC Stepper (DC)<\/td>\n<\/tr>\n<tr>\n<td colspan=\"3\" width=\"726\">AC servo (RF)<\/td>\n<\/tr>\n<tr>\n<td width=\"214\"><strong>Alalisvoolu allika maksimaalne eraldusv\u00f5ime<\/strong><\/td>\n<td colspan=\"3\" width=\"726\">1000 DPI<\/td>\n<\/tr>\n<tr>\n<td width=\"214\"><strong>RF-allika maksimaalne eraldusv\u00f5ime<\/strong><\/td>\n<td colspan=\"3\" width=\"726\">4000 DPI<\/td>\n<\/tr>\n<tr>\n<td width=\"214\"><strong>Kirja graveerimise minimaalne suurus<\/strong><\/td>\n<td colspan=\"3\" width=\"726\">1 x 1mm (RF)<\/td>\n<\/tr>\n<tr>\n<td width=\"214\"><strong>Positsioneerimise t\u00e4psus<\/strong><\/td>\n<td colspan=\"3\" width=\"726\">&lt; 0,01 mm<\/td>\n<\/tr>\n<tr>\n<td width=\"214\"><strong>L\u00f5ike paksus<\/strong><\/td>\n<td colspan=\"3\" width=\"726\">&lt; 10mm (s\u00f5ltuvalt materjalist ja allika v\u00f5imsusest)<\/td>\n<\/tr>\n<tr>\n<td width=\"214\"><strong>T\u00f6\u00f6laud<\/strong><\/td>\n<td width=\"242\">Koret<\/td>\n<td colspan=\"2\" width=\"484\">Kork + spetsiaalne l\u00f5iket\u00f6\u00f6pind<\/td>\n<\/tr>\n<tr>\n<td width=\"214\"><strong>Jahutamine<\/strong><\/td>\n<td colspan=\"2\" width=\"484\">DC: vesijahuti CW3000<\/td>\n<td width=\"242\">DC: Vesijahuti CW5000<\/td>\n<\/tr>\n<tr>\n<td width=\"214\"><\/td>\n<td colspan=\"3\" width=\"726\">RF: \u00d5hujahutus<\/td>\n<\/tr>\n<tr>\n<td width=\"214\"><strong>Suitsu v\u00e4ljat\u00f5mbeventilaator<\/strong><\/td>\n<td width=\"242\">60W<\/td>\n<td colspan=\"2\" width=\"484\">75W<\/td>\n<\/tr>\n<tr>\n<td width=\"214\"><strong>Integreeritud \u00f5hupump<\/strong><\/td>\n<td width=\"242\">45W<\/td>\n<td colspan=\"2\" width=\"484\">85W<\/td>\n<\/tr>\n<tr>\n<td width=\"214\"><strong>Autofookus<\/strong><\/td>\n<td colspan=\"3\" width=\"726\">Sisseehitatud<\/td>\n<\/tr>\n<tr>\n<td width=\"214\"><strong>Kaamera<\/strong><\/td>\n<td width=\"242\">160\u00b0 5 megapiksline<\/td>\n<td colspan=\"2\" width=\"484\">90\u00b0 5 megapiksline<\/td>\n<\/tr>\n<tr>\n<td width=\"214\"><strong>Laserite ohutuse klassifikatsioon<\/strong><\/td>\n<td colspan=\"3\" width=\"726\">Klassi 1 lasertoode<\/td>\n<\/tr>\n<tr>\n<td width=\"214\"><strong>Tarkvara<\/strong><\/td>\n<td colspan=\"3\" width=\"726\">RDWorks (Lightburn soovitatav, eraldi tasuline litsents)<\/td>\n<\/tr>\n<tr>\n<td width=\"214\"><strong>Toetatud vormingud<\/strong><\/td>\n<td colspan=\"3\" width=\"726\">DSP\/PLT\/BMP\/DXF\/AI\/DWG\/SVG (punkt-, vektor- ja kombineeritud)<\/td>\n<\/tr>\n<tr>\n<td width=\"214\"><strong>Masina m\u00f5\u00f5tmed<\/strong><\/td>\n<td width=\"242\">900*700*410 mm<\/td>\n<td width=\"242\">1128*945*510 mm<\/td>\n<td width=\"242\">1328*1070*530 mm<\/td>\n<\/tr>\n<tr>\n<td width=\"214\"><strong>Brutokaal<\/strong><\/td>\n<td width=\"242\">125 kg<\/td>\n<td width=\"242\">230 kg<\/td>\n<td width=\"242\">290 kg<\/td>\n<\/tr>\n<tr>\n<td width=\"214\"><strong>Netokaal<\/strong><\/td>\n<td width=\"242\">110 kg<\/td>\n<td width=\"242\">180 kg<\/td>\n<td width=\"242\">220 kg<\/td>\n<\/tr>\n<tr>\n<td width=\"214\"><strong>Toitepinge<\/strong><\/td>\n<td colspan=\"3\" width=\"726\">220V AC 50Hz<\/td>\n<\/tr>\n<tr>\n<td width=\"214\"><strong>Koguv\u00f5imsus<\/strong><\/td>\n<td colspan=\"3\" width=\"726\">1200W<\/td>\n<\/tr>\n<tr>\n<td width=\"214\"><strong>Rotary<\/strong><\/td>\n<td colspan=\"3\" width=\"726\">Valikuline (toorik\/rull)<\/td>\n<\/tr>\n<\/tbody>\n<\/table>\n<\/div>\n<p>&nbsp;<\/p>\n","protected":false},"excerpt":{"rendered":"<p>AEON MIRA S on MIRA-seeria professionaalne, tugevdatud versioon, mis on m\u00f5eldud maksimaalset kiirust ja vastupidavust n\u00f5udvatele kasutajatele. H\u00e4mmastava <strong>graveerimiskiirusega 2000 mm\/s<\/strong> on see masin \u00fcks kiireimaid lauselaserid turul. Vastupidav, t\u00e4ielikult suletud konstruktsioon ja v\u00f5imsamad komponendid tagavad usaldusv\u00e4\u00e4rse t\u00f6\u00f6 ka k\u00f5ige pingelisemates tingimustes. MIRA S on t\u00f6\u00f6stuslik v\u00f5imsus kompaktses korpuses.   <\/p>\n","protected":false},"featured_media":7977,"template":"","meta":{"_acf_changed":false},"product_brand":[],"product_cat":[319,318],"product_tag":[],"class_list":{"0":"post-7976","1":"product","2":"type-product","3":"status-publish","4":"has-post-thumbnail","6":"product_cat-aeon-co2-laserloikus-graveerimismasin","7":"product_cat-laser-toopingid","8":"","9":"woocommerce-text-align-center","10":"woocommerce-image-align-center","11":"wc-has-gallery","13":"first","14":"instock","15":"shipping-taxable","16":"purchasable","17":"product-type-simple"},"acf":[],"_links":{"self":[{"href":"https:\/\/eltechnika.eu\/et\/wp-json\/wp\/v2\/product\/7976","targetHints":{"allow":["GET"]}}],"collection":[{"href":"https:\/\/eltechnika.eu\/et\/wp-json\/wp\/v2\/product"}],"about":[{"href":"https:\/\/eltechnika.eu\/et\/wp-json\/wp\/v2\/types\/product"}],"wp:featuredmedia":[{"embeddable":true,"href":"https:\/\/eltechnika.eu\/et\/wp-json\/wp\/v2\/media\/7977"}],"wp:attachment":[{"href":"https:\/\/eltechnika.eu\/et\/wp-json\/wp\/v2\/media?parent=7976"}],"wp:term":[{"taxonomy":"product_brand","embeddable":true,"href":"https:\/\/eltechnika.eu\/et\/wp-json\/wp\/v2\/product_brand?post=7976"},{"taxonomy":"product_cat","embeddable":true,"href":"https:\/\/eltechnika.eu\/et\/wp-json\/wp\/v2\/product_cat?post=7976"},{"taxonomy":"product_tag","embeddable":true,"href":"https:\/\/eltechnika.eu\/et\/wp-json\/wp\/v2\/product_tag?post=7976"}],"curies":[{"name":"wp","href":"https:\/\/api.w.org\/{rel}","templated":true}]}}