{"id":7691,"date":"2025-12-15T13:00:10","date_gmt":"2025-12-15T10:00:10","guid":{"rendered":"https:\/\/eltechnika.eu\/produktas\/aeon-nova-10-14-16\/"},"modified":"2025-08-21T15:40:42","modified_gmt":"2025-08-21T12:40:42","slug":"aeon-nova-10-14-16","status":"publish","type":"product","link":"https:\/\/eltechnika.eu\/et\/toode\/aeon-nova-10-14-16\/","title":{"rendered":"Aeon Nova 10\/14\/16"},"content":{"rendered":"<h2><strong>AEON NOVA: t\u00f6\u00f6stuslik v\u00f5imsus ja usaldusv\u00e4\u00e4rsus iga p\u00e4ev<\/strong><\/h2>\n<p>AEON NOVA seeria on AEONi lipulaev, mis on loodud spetsiaalselt t\u00f6\u00f6stuslike rakenduste jaoks, kus on vaja maksimaalset t\u00f6\u00f6kindlust, vastupidavust ja t\u00f5husust. See on kaasaegne, kiire ja stabiilne masin, mis on loodud t\u00f6\u00f6tama pikalt, ilma et see kahjustaks kvaliteeti. NOVA-seeria iga komponent on konstrueeritud nii, et see peab vastu suurele koormusele ja tagab sujuva tootmisprotsessi esimesest kuni viimase detailini.  <\/p>\n<h2><strong>Innovatiivne puhta pakendi tehnoloogia<\/strong><\/h2>\n<p>NOVA-seeria suurim eelis ja tipphetk on revolutsiooniline Clean Pack-tehnoloogia. K\u00f5ik mehaanika liikuvad osad, sealhulgas teljed, r\u00f6\u00f6pad ja laagrid, on t\u00e4ielikult kapseldatud ja kaitstud tolmu, suitsu ja vaigu sissetungi eest. See v\u00e4hendab drastiliselt hooldusvajadust, hoiab \u00e4ra osade kulumise ja tagab masina pikaajalise t\u00e4psuse ja stabiilsuse. Clean Packi abil v\u00f5ite unustada oma mehaanika pideva puhastamise ja keskenduda ainult tootmisele.   <\/p>\n<h2><strong>M\u00f5eldud t\u00f5hususe ja mugavuse tagamiseks<\/strong><\/h2>\n<p>NOVA-seeria on t\u00e4ielik k\u00f5ik-\u00fches t\u00f6\u00f6stuslik seade. T\u00f6\u00f6stuslik vesijahuti (jahuti), suitsueemaldusventilaator ja \u00f5hukompressor on juba masina korpusesse integreeritud. Te ei vaja \u00fchtegi v\u00e4list seadet, mis s\u00e4\u00e4stab ruumi ja lihtsustab paigaldamist. Igal mudelil on standardvarustuses kaks t\u00f6\u00f6pinki &#8211; tera ja meeplaat -, mis annab teile paindlikkuse, et kohandada masinat nii v\u00e4ikeste detailide l\u00f5ikamiseks kui ka graveerimiseks.   <\/p>\n<h2><strong>Valige oma tootmisskaala: NOVA 10, 14 ja 16<\/strong><\/h2>\n<p>NOVA-seeria t\u00f6\u00f6pindala on erinev, mis v\u00f5imaldab teil valida optimaalse suuruse vastavalt teie tootmismahule ja materjaliformaadile. K\u00f5ikidel mudelitel on l\u00e4bilaskev konstruktsioon, mis v\u00f5imaldab t\u00f6\u00f6delda suuremaid materjalivorminguid. <\/p>\n<h3><strong>NOVA 10: universaalne t\u00f6\u00f6stuslik start<\/strong><\/h3>\n<p>NOVA 10 on <strong>1000 x 700 mm<\/strong> t\u00f6\u00f6pinnaga ideaalne valik ettev\u00f5tetele, kes soovivad liikuda t\u00f6\u00f6stusliku tootmise tasemele. See mudel on piisavalt mitmek\u00fclgne paljude \u00fclesannete jaoks, alates reklaamitootmisest kuni t\u00f6\u00f6stusliku m\u00e4rgistamiseni. <\/p>\n<h3><strong>NOVA 14: suurvormingute spetsialist<\/strong><\/h3>\n<p><strong>1400 x 900 mm<\/strong> suurune t\u00f6\u00f6pind v\u00f5imaldab standardse lehtmaterjali formaatide t\u00f5husat k\u00e4itlemist. See on k\u00f5ige populaarsem valik m\u00f6\u00f6blit\u00f6\u00f6stuses, suureformaadilise reklaami tootmisel ja k\u00f5ikjal, kus on vaja maksimaalselt \u00e4ra kasutada materjali pindala. <\/p>\n<h3><strong>NOVA 16: maksimaalne j\u00f5udlus ilma kompromissideta<\/strong><\/h3>\n<p>Seeria suurim mudel, mille t\u00f6\u00f6pindala on <strong>1600 x 1000 mm<\/strong>, on m\u00f5eldud k\u00f5ige suuremate tootmismahtude jaoks. NOVA 16 v\u00f5imaldab t\u00f6\u00f6delda v\u00e4ga suuri toorikuid v\u00f5i laotada suuri koguseid v\u00e4iksemaid tooteid, maksimeerides tootlikkust ja v\u00e4hendades tootmiskulusid. <\/p>\n<div class=\"product-descr-table\">\n<table width=\"642\">\n<tbody>\n<tr>\n<td colspan=\"4\" width=\"642\">\n<p style=\"text-align: center;\"><strong>SPETSIFIKATSIOON<\/strong><\/p>\n<\/td>\n<\/tr>\n<tr>\n<td width=\"189\">\n<p style=\"text-align: center;\"><strong>MUDEL<\/strong><\/p>\n<\/td>\n<td style=\"text-align: center;\" width=\"132\"><strong>NOVA 10<\/strong><\/td>\n<td style=\"text-align: center;\" width=\"142\"><strong>NOVA 14<\/strong><\/td>\n<td width=\"180\">\n<p style=\"text-align: center;\"><strong>NOVA 16<\/strong><\/p>\n<\/td>\n<\/tr>\n<tr>\n<td width=\"189\">\n<p style=\"text-align: center;\"><strong>T\u00f6\u00f6piirkond<\/strong><\/p>\n<\/td>\n<td style=\"text-align: center;\" width=\"132\">1000x700mm<\/td>\n<td style=\"text-align: center;\" width=\"142\">1400x900mm<\/td>\n<td width=\"180\">\n<p style=\"text-align: center;\">1600x1000mm<\/p>\n<\/td>\n<\/tr>\n<tr>\n<td width=\"189\">\n<p style=\"text-align: center;\"><strong>Masina m\u00f5\u00f5tmed<\/strong><\/p>\n<\/td>\n<td style=\"text-align: center;\" width=\"132\">1520x1295x1025mm<\/td>\n<td style=\"text-align: center;\" width=\"142\">1920x1495x1025mm<\/td>\n<td width=\"180\">\n<p style=\"text-align: center;\">2120x1585x1025mm<\/p>\n<\/td>\n<\/tr>\n<tr>\n<td width=\"189\">\n<p style=\"text-align: center;\"><strong>Laseri t\u00fc\u00fcp\/v\u00f5imsus<\/strong><\/p>\n<\/td>\n<td style=\"text-align: center;\" width=\"132\">CO2 (60W\/75W\/80W\/90W\/100W)<\/p>\n<p>RF 30W\/60W<\/td>\n<td style=\"text-align: center;\" width=\"142\">CO2 (80W\/90W\/100W\/130W\/150W)<\/p>\n<p>RF 30W\/60W<\/td>\n<td width=\"180\">\n<p style=\"text-align: center;\">CO2 (80W\/90W\/100W\/130W\/150W)<br \/>\nRF 30W\/60W<\/p>\n<\/td>\n<\/tr>\n<tr>\n<td width=\"189\">\n<p style=\"text-align: center;\"><strong>Z-telje k\u00f5rgus<\/strong><\/p>\n<\/td>\n<td style=\"text-align: center;\" width=\"132\">200mm<\/td>\n<td style=\"text-align: center;\" width=\"142\">200mm<\/td>\n<td width=\"180\">\n<p style=\"text-align: center;\">200mm<\/p>\n<\/td>\n<\/tr>\n<tr>\n<td width=\"189\">\n<p style=\"text-align: center;\"><strong>Masina kaal<\/strong><\/p>\n<\/td>\n<td style=\"text-align: center;\" width=\"132\">370 kg<\/td>\n<td style=\"text-align: center;\" width=\"142\">540 kg<\/td>\n<td width=\"180\">\n<p style=\"text-align: center;\">560 kg<\/p>\n<\/td>\n<\/tr>\n<tr>\n<td width=\"189\">\n<p style=\"text-align: center;\"><strong>T\u00f6\u00f6laud<\/strong><\/p>\n<\/td>\n<td colspan=\"3\" width=\"453\">\n<p style=\"text-align: center;\">Cellular + spetsiaalne l\u00f5ikepind<\/p>\n<\/td>\n<\/tr>\n<tr>\n<td width=\"189\">\n<p style=\"text-align: center;\"><strong>Toitepinge<\/strong><\/p>\n<\/td>\n<td colspan=\"3\" width=\"453\">\n<p style=\"text-align: center;\">220V AC 50Hz<\/p>\n<\/td>\n<\/tr>\n<tr>\n<td width=\"189\">\n<p style=\"text-align: center;\"><strong>Koguv\u00f5imsus<\/strong><\/p>\n<\/td>\n<td colspan=\"3\" width=\"453\">\n<p style=\"text-align: center;\">1905W + allikas<\/p>\n<\/td>\n<\/tr>\n<tr>\n<td width=\"189\">\n<p style=\"text-align: center;\"><strong>Maksimaalne graveerimiskiirus<\/strong><\/p>\n<\/td>\n<td colspan=\"3\" width=\"453\">\n<p style=\"text-align: center;\">1200mm\/s<\/p>\n<\/td>\n<\/tr>\n<tr>\n<td width=\"189\">\n<p style=\"text-align: center;\"><strong>Maksimaalne l\u00f5ikamiskiirus<\/strong><\/p>\n<\/td>\n<td colspan=\"3\" width=\"453\">\n<p style=\"text-align: center;\">680mm\/s<\/p>\n<\/td>\n<\/tr>\n<tr>\n<td width=\"189\">\n<p style=\"text-align: center;\"><strong>Minimaalne graveeringu suurus<\/strong><\/p>\n<\/td>\n<td colspan=\"3\" width=\"453\">\n<p style=\"text-align: center;\">1 x 1mm<\/p>\n<\/td>\n<\/tr>\n<tr>\n<td width=\"189\">\n<p style=\"text-align: center;\"><strong>CO2-allika maksimaalne eraldusv\u00f5ime<\/strong><\/p>\n<\/td>\n<td colspan=\"3\" width=\"453\">\n<p style=\"text-align: center;\">1000 DPI<\/p>\n<\/td>\n<\/tr>\n<tr>\n<td width=\"189\">\n<p style=\"text-align: center;\"><strong>RF-allika maksimaalne eraldusv\u00f5ime<\/strong><\/p>\n<\/td>\n<td colspan=\"3\" width=\"453\">\n<p style=\"text-align: center;\">4000 DPI<\/p>\n<\/td>\n<\/tr>\n<tr>\n<td width=\"189\">\n<p style=\"text-align: center;\"><strong>Positsioneerimise t\u00e4psus<\/strong><\/p>\n<\/td>\n<td colspan=\"3\" width=\"453\">\n<p style=\"text-align: center;\">&lt;  0,01 mm<\/p>\n<\/td>\n<\/tr>\n<tr>\n<td width=\"189\">\n<p style=\"text-align: center;\"><strong>L\u00f5ike paksus<\/strong><\/p>\n<\/td>\n<td colspan=\"3\" width=\"453\">\n<p style=\"text-align: center;\">&lt;  15mm (s\u00f5ltuvalt materjalist ja allika v\u00f5imsusest)<\/p>\n<\/td>\n<\/tr>\n<tr>\n<td width=\"189\">\n<p style=\"text-align: center;\"><strong>\u00d5hupump<\/strong><\/p>\n<\/td>\n<td style=\"text-align: center;\" width=\"132\">135W \u00f5hupump paigaldatud<\/td>\n<td style=\"text-align: center;\" width=\"142\">135W \u00f5hupump paigaldatud<\/td>\n<td width=\"180\">\n<p style=\"text-align: center;\">135W \u00f5hupump paigaldatud<\/p>\n<\/td>\n<\/tr>\n<tr>\n<td width=\"189\">\n<p style=\"text-align: center;\"><strong>Jahutamine<\/strong><\/p>\n<\/td>\n<td style=\"text-align: center;\" width=\"132\">Veejahuti<br \/>\nCW5000<\/td>\n<td style=\"text-align: center;\" width=\"142\">Veejahuti<br \/>\nCW5000<\/td>\n<td width=\"180\">\n<p style=\"text-align: center;\">Veejahuti<br \/>\nCW5000<\/p>\n<\/td>\n<\/tr>\n<tr>\n<td width=\"189\">\n<p style=\"text-align: center;\"><strong>Ventilatsioon<\/strong><\/p>\n<\/td>\n<td style=\"text-align: center;\" width=\"132\">Suitsu v\u00e4ljat\u00f5mbeventilaator 750W<\/td>\n<td style=\"text-align: center;\" width=\"142\">Suitsu v\u00e4ljat\u00f5mbeventilaator 750W<\/td>\n<td width=\"180\">\n<p style=\"text-align: center;\">Suitsu v\u00e4ljat\u00f5mbeventilaator 750W<\/p>\n<\/td>\n<\/tr>\n<tr>\n<td width=\"189\">\n<p style=\"text-align: center;\"><strong>Autofookus<\/strong><\/p>\n<\/td>\n<td colspan=\"3\" width=\"453\">\n<p style=\"text-align: center;\">Integreeritud aadressil<\/p>\n<\/td>\n<\/tr>\n<tr>\n<td width=\"189\">\n<p style=\"text-align: center;\"><strong>Tarkvara<\/strong><\/p>\n<\/td>\n<td colspan=\"3\" width=\"453\">\n<p style=\"text-align: center;\">Rdworks (Lightburn soovitatav lisatasu eest)<\/p>\n<\/td>\n<\/tr>\n<tr>\n<td width=\"189\">\n<p style=\"text-align: center;\"><strong>Toetatud vormingud<\/strong><\/p>\n<\/td>\n<td colspan=\"3\" width=\"453\">\n<p style=\"text-align: center;\">DSP\/PLT\/BMP\/DXF\/AI\/DWG\/SVG jne.<\/p>\n<\/td>\n<\/tr>\n<tr>\n<td width=\"189\">\n<p style=\"text-align: center;\"><strong>Rotary<\/strong><\/p>\n<\/td>\n<td colspan=\"3\" width=\"453\">\n<p style=\"text-align: center;\">Valikuv\u00f5imalus (toorik\/rull)<\/p>\n<\/td>\n<\/tr>\n<\/tbody>\n<\/table>\n<\/div>\n<p>&nbsp;<\/p>\n","protected":false},"excerpt":{"rendered":"<p>AEON NOVA-seeria on t\u00f6\u00f6stusklassi CO2-lasermasin, mis on m\u00f5eldud intensiivseks tootmiseks ja suureformaadiliseks t\u00f6\u00f6tlemiseks. Ainulaadne Clean Pack tehnoloogia kaitseb liikuvaid osi tolmu eest, tagades pika eluea ja minimaalse hoolduse. V\u00f5imsad h\u00fcbriidservomootorid, integreeritud jahutuss\u00fcsteem ja kaks standardset t\u00f6\u00f6pinki (nuga ja mesilasi) teevad NOVA-seeriast usaldusv\u00e4\u00e4rse ja t\u00f5husa lahenduse igasse tootmis\u00fcksusesse.  <\/p>\n","protected":false},"featured_media":7692,"template":"","meta":{"_acf_changed":false},"product_brand":[],"product_cat":[319,318],"product_tag":[],"class_list":{"0":"post-7691","1":"product","2":"type-product","3":"status-publish","4":"has-post-thumbnail","6":"product_cat-aeon-co2-laserloikus-graveerimismasin","7":"product_cat-laser-toopingid","8":"","9":"woocommerce-text-align-center","10":"woocommerce-image-align-center","11":"wc-has-gallery","13":"first","14":"instock","15":"shipping-taxable","16":"purchasable","17":"product-type-simple"},"acf":[],"_links":{"self":[{"href":"https:\/\/eltechnika.eu\/et\/wp-json\/wp\/v2\/product\/7691","targetHints":{"allow":["GET"]}}],"collection":[{"href":"https:\/\/eltechnika.eu\/et\/wp-json\/wp\/v2\/product"}],"about":[{"href":"https:\/\/eltechnika.eu\/et\/wp-json\/wp\/v2\/types\/product"}],"wp:featuredmedia":[{"embeddable":true,"href":"https:\/\/eltechnika.eu\/et\/wp-json\/wp\/v2\/media\/7692"}],"wp:attachment":[{"href":"https:\/\/eltechnika.eu\/et\/wp-json\/wp\/v2\/media?parent=7691"}],"wp:term":[{"taxonomy":"product_brand","embeddable":true,"href":"https:\/\/eltechnika.eu\/et\/wp-json\/wp\/v2\/product_brand?post=7691"},{"taxonomy":"product_cat","embeddable":true,"href":"https:\/\/eltechnika.eu\/et\/wp-json\/wp\/v2\/product_cat?post=7691"},{"taxonomy":"product_tag","embeddable":true,"href":"https:\/\/eltechnika.eu\/et\/wp-json\/wp\/v2\/product_tag?post=7691"}],"curies":[{"name":"wp","href":"https:\/\/api.w.org\/{rel}","templated":true}]}}