{"id":7564,"date":"2025-12-15T15:00:59","date_gmt":"2025-12-15T12:00:59","guid":{"rendered":"https:\/\/eltechnika.eu\/produktas\/aeon-mira-5-7-9\/"},"modified":"2025-08-21T15:40:34","modified_gmt":"2025-08-21T12:40:34","slug":"aeon-mira-5-7-9","status":"publish","type":"product","link":"https:\/\/eltechnika.eu\/et\/toode\/aeon-mira-5-7-9\/","title":{"rendered":"Aeon Mira 5\/7\/9"},"content":{"rendered":"<h2><strong>AEON MIRA: kus kohtuvad kiirus ja kompaktsus<\/strong><\/h2>\n<p>AEON MIRA-seeria on loodud nende kasutajate vajaduste rahuldamiseks, kes vajavad maksimaalset kiirust, kuid kelle t\u00f6\u00f6jaama suurus on piiratud. Need lauaarvutid on oma klassi kiireimad ja pakuvad professionaalse taseme graveerimis- ja l\u00f5ikamisv\u00f5imalusi. T\u00e4nu nutikale disainile saab MIRA-d h\u00f5lpsasti tuua l\u00e4bi tavaliste uste, samas v\u00f5imaldab kaasaegne k\u00f5ik-\u00fches-konstruktsioon ruumi kokkuhoidu ja t\u00e4iendavate perifeeriaseadmete k\u00f5rvaldamist. See on ideaalne lahendus neile, kes ei soovi ohverdada kvaliteeti suuruse nimel.   <\/p>\n<h3><strong>Erakordne kiirus ja t\u00f5husus<\/strong><\/h3>\n<p>MIRA-seeria \u00fcks peamisi eeliseid on h\u00e4mmastav graveerimiskiirus kuni <strong>1200 mm\/s<\/strong>. See v\u00f5imaldab projekte palju kiiremini l\u00f5pule viia kui paljude turul olevate sarnaste seadmetega. Koos kiire liikumisega s\u00e4ilitab masin t\u00e4iusliku t\u00e4psuse, nii et ka k\u00f5ige v\u00e4iksemaid detaile saab veatult reprodutseerida.  <\/p>\n<h3><strong>T\u00e4iustatud All-in-One disain<\/strong><\/h3>\n<p>MIRA mudeleid iseloomustab integreeritud s\u00fcsteem, kus k\u00f5ik vajalik on juba seadme sees:<\/p>\n<ul>\n<li><strong>Integreeritud vesijahutus:<\/strong> ei vaja v\u00e4list jahutit (jahuti), s\u00fcsteem t\u00f6\u00f6tab t\u00f5husalt ja vaikselt.<\/li>\n<li><strong>Integreeritud \u00f5huvarustus:<\/strong> v\u00f5imas \u00f5hukompressor kaitseb objektiivi ja tagab puhta l\u00f5ike.<\/li>\n<li><strong>Integreeritud suitsu piiraja:<\/strong> eemaldab t\u00f5husalt suitsu t\u00f6\u00f6piirkonnast.<\/li>\n<\/ul>\n<p>Selline lahendus ei s\u00e4\u00e4sta mitte ainult ruumi, vaid tagab ka selle, et k\u00f5ik komponendid on \u00fcksteisega optimaalselt sobitatud, suurendades seega s\u00fcsteemi t\u00f6\u00f6kindlust.<\/p>\n<h3><strong>Innovatiivsed tehnoloogiad mugavaks t\u00f6\u00f6ks<\/strong><\/h3>\n<p>Vastupidavuse ja mugavuse tagamiseks on MIRA-seerias <strong>Clean Pack tehnoloogia<\/strong>. See kaitseb k\u00f5iki liikuvaid osi &#8211; telge, r\u00f6\u00f6paid, laagreid &#8211; tolmu ja t\u00f5rva ladestumise eest. See v\u00e4hendab oluliselt hooldusvajadust ja pikendab masina kasutusiga. Mugavuse lisamiseks on masinal <strong>Wi-Fi-\u00fchendus<\/strong>, mis v\u00f5imaldab t\u00f6\u00f6d saata ilma juhtmeta.   <\/p>\n<hr>\n<h2><strong>Valige oma MIRA mudel<\/strong><\/h2>\n<p>MIRA 5, MIRA 7 ja MIRA 9 mudelite peamine erinevus on t\u00f6\u00f6laua suurus. See v\u00f5imaldab teil valida oma vajadustele ja toodete erip\u00e4rale k\u00f5ige sobivama variandi. <\/p>\n<h3><strong>MIRA 5: Maksimaalne kompaktsus<\/strong><\/h3>\n<p><strong>500 x 300 mm suuruse<\/strong> t\u00f6\u00f6pinnaga on see mudel ideaalne valik, kui ruumipuudus on suur probleem. Sobib ideaalselt templi valmistamiseks, v\u00e4ikeste suveniiride isikup\u00e4rastamiseks, mobiiltelefoni tarvikute graveerimiseks v\u00f5i kodus t\u00f6\u00f6tamiseks. <\/p>\n<h3><strong>MIRA 7: mitmek\u00fclgne ja populaarne valik<\/strong><\/h3>\n<p><strong>700 x 450 mm<\/strong> suurune t\u00f6\u00f6ala pakub palju rohkem paindlikkust. See on k\u00f5ige populaarsem mudel v\u00e4ikeettev\u00f5tete seas, v\u00f5imaldades neil t\u00f6\u00f6delda suuremaid materjalilehti ja toota laiemat tootevalikut. MIRA 7 on ideaalne tasakaal kompaktse suuruse ja suure v\u00f5imsuse vahel.  <\/p>\n<h3><strong>MIRA 9: Maksimaalne t\u00f6\u00f6ala t\u00f6\u00f6lauaversioonis<\/strong><\/h3>\n<p>Kui teil on vaja maksimaalset t\u00f6\u00f6pinda, mida lauamasin v\u00f5ib pakkuda, on <strong>900 x 600 mm<\/strong> MIRA 9 teie valik. See mudel v\u00f5imaldab teil teostada suuremaid projekte, paigutada v\u00e4iksemaid tooteid t\u00f5husamalt materjalilehele ja t\u00f6\u00f6tada suuremate t\u00f6\u00f6deldavate detailidega, s\u00e4ilitades samas k\u00f5ik MIRA-seeria eelised. <\/p>\n<div class=\"product-descr-table\">\n<table>\n<tbody>\n<tr>\n<td colspan=\"4\" width=\"548\">\n<p style=\"text-align: center;\"><strong>SPETSIFIKATSIOON<\/strong><\/p>\n<\/td>\n<\/tr>\n<tr>\n<td width=\"189\">\n<p style=\"text-align: center;\"><strong>MUDEL<\/strong><\/p>\n<\/td>\n<td style=\"text-align: center;\" width=\"113\"><strong>MIRA 5<\/strong><\/td>\n<td style=\"text-align: center;\" width=\"123\"><strong>MIRA 7<\/strong><\/td>\n<td width=\"123\">\n<p style=\"text-align: center;\"><strong>MIRA 9<\/strong><\/p>\n<\/td>\n<\/tr>\n<tr>\n<td width=\"189\">\n<p style=\"text-align: center;\"><strong>T\u00f6\u00f6piirkond<\/strong><\/p>\n<\/td>\n<td style=\"text-align: center;\" width=\"113\">300x500mm<\/td>\n<td style=\"text-align: center;\" width=\"123\">450x700mm<\/td>\n<td width=\"123\">\n<p style=\"text-align: center;\">900x600mm<\/p>\n<\/td>\n<\/tr>\n<tr>\n<td width=\"189\">\n<p style=\"text-align: center;\"><strong>Masina m\u00f5\u00f5tmed<\/strong><\/p>\n<\/td>\n<td style=\"text-align: center;\" width=\"113\">900x710x430mm<\/td>\n<td style=\"text-align: center;\" width=\"123\">1100x845x480mm<\/td>\n<td width=\"123\">\n<p style=\"text-align: center;\">1300x1012x514mm<\/p>\n<\/td>\n<\/tr>\n<tr>\n<td width=\"189\">\n<p style=\"text-align: center;\"><strong>Laseri t\u00fc\u00fcp\/v\u00f5imsus<\/strong><\/p>\n<\/td>\n<td style=\"text-align: center;\" width=\"113\">CO2 (40\/60W)<br \/>\nRF 30W<\/td>\n<td style=\"text-align: center;\" width=\"123\">CO2 (40\/60\/80W)<br \/>\nRF 30W<\/td>\n<td width=\"123\">\n<p style=\"text-align: center;\">CO2 (40\/60\/80\/100W)<br \/>\nRF 30W<\/p>\n<\/td>\n<\/tr>\n<tr>\n<td width=\"189\">\n<p style=\"text-align: center;\"><strong>Z-telje k\u00f5rgus<\/strong><\/p>\n<\/td>\n<td style=\"text-align: center;\" width=\"113\">100mm Reguleeritav<\/td>\n<td style=\"text-align: center;\" width=\"123\">150mm Reguleeritav<\/td>\n<td width=\"123\">\n<p style=\"text-align: center;\">150mm Reguleeritav<\/p>\n<\/td>\n<\/tr>\n<tr>\n<td width=\"189\">\n<p style=\"text-align: center;\"><strong>Masina kaal<\/strong><\/p>\n<\/td>\n<td style=\"text-align: center;\" width=\"113\">105 kg<\/td>\n<td style=\"text-align: center;\" width=\"123\">158 kg<\/td>\n<td width=\"123\">\n<p style=\"text-align: center;\">185 kg<\/p>\n<\/td>\n<\/tr>\n<tr>\n<td width=\"189\">\n<p style=\"text-align: center;\"><strong>T\u00f6\u00f6laud<\/strong><\/p>\n<\/td>\n<td style=\"text-align: center;\" width=\"113\">Kork<\/td>\n<td colspan=\"2\" width=\"246\">\n<p style=\"text-align: center;\">Cellular + spetsiaalne l\u00f5ikepind<\/p>\n<\/td>\n<\/tr>\n<tr>\n<td width=\"189\">\n<p style=\"text-align: center;\"><strong>Toitepinge<\/strong><\/p>\n<\/td>\n<td colspan=\"3\" width=\"359\">\n<p style=\"text-align: center;\">220V AC 50Hz<\/p>\n<\/td>\n<\/tr>\n<tr>\n<td width=\"189\">\n<p style=\"text-align: center;\"><strong>Koguv\u00f5imsus<\/strong><\/p>\n<\/td>\n<td colspan=\"3\" width=\"359\">\n<p style=\"text-align: center;\">1200W<\/p>\n<\/td>\n<\/tr>\n<tr>\n<td width=\"189\">\n<p style=\"text-align: center;\"><strong>Maksimaalne graveerimiskiirus<\/strong><\/p>\n<\/td>\n<td colspan=\"3\" width=\"359\">\n<p style=\"text-align: center;\">1200mm\/s<\/p>\n<\/td>\n<\/tr>\n<tr>\n<td width=\"189\">\n<p style=\"text-align: center;\"><strong>Maksimaalne l\u00f5ikamiskiirus<\/strong><\/p>\n<\/td>\n<td colspan=\"3\" width=\"359\">\n<p style=\"text-align: center;\">680mm\/s<\/p>\n<\/td>\n<\/tr>\n<tr>\n<td width=\"189\">\n<p style=\"text-align: center;\"><strong>Minimaalne graveeringu suurus<\/strong><\/p>\n<\/td>\n<td colspan=\"3\" width=\"359\">\n<p style=\"text-align: center;\">1 x 1mm<\/p>\n<\/td>\n<\/tr>\n<tr>\n<td width=\"189\">\n<p style=\"text-align: center;\"><strong>CO2-allika maksimaalne eraldusv\u00f5ime<\/strong><\/p>\n<\/td>\n<td colspan=\"3\" width=\"359\">\n<p style=\"text-align: center;\">1000 DPI<\/p>\n<\/td>\n<\/tr>\n<tr>\n<td width=\"189\">\n<p style=\"text-align: center;\"><strong>RF-allika maksimaalne eraldusv\u00f5ime<\/strong><\/p>\n<\/td>\n<td colspan=\"3\" width=\"359\">\n<p style=\"text-align: center;\">4000 DPI<\/p>\n<\/td>\n<\/tr>\n<tr>\n<td width=\"189\">\n<p style=\"text-align: center;\"><strong>Positsioneerimise t\u00e4psus<\/strong><\/p>\n<\/td>\n<td colspan=\"3\" width=\"359\">\n<p style=\"text-align: center;\">&lt;  0,01 mm<\/p>\n<\/td>\n<\/tr>\n<tr>\n<td width=\"189\">\n<p style=\"text-align: center;\"><strong>L\u00f5ike paksus<\/strong><\/p>\n<\/td>\n<td colspan=\"3\" width=\"359\">\n<p style=\"text-align: center;\">&lt;  10mm (s\u00f5ltuvalt materjalist ja allika v\u00f5imsusest)<\/p>\n<\/td>\n<\/tr>\n<tr>\n<td width=\"189\">\n<p style=\"text-align: center;\"><strong>\u00d5hupump<\/strong><\/p>\n<\/td>\n<td style=\"text-align: center;\" width=\"113\">paigaldatud 18W \u00f5hupump<\/td>\n<td style=\"text-align: center;\" width=\"123\">Paigaldatud 105W \u00f5hupump<\/td>\n<td width=\"123\">\n<p style=\"text-align: center;\">Paigaldatud 105W \u00f5hupump<\/p>\n<\/td>\n<\/tr>\n<tr>\n<td width=\"189\">\n<p style=\"text-align: center;\"><strong>Jahutamine<\/strong><\/p>\n<\/td>\n<td style=\"text-align: center;\" width=\"113\">Veejahuti<br \/>\n34W<\/td>\n<td style=\"text-align: center;\" width=\"123\">Veejahuti<br \/>\nCW3000<\/td>\n<td width=\"123\">\n<p style=\"text-align: center;\">Veejahuti<br \/>\nCW5000<\/p>\n<\/td>\n<\/tr>\n<tr>\n<td width=\"189\">\n<p style=\"text-align: center;\"><strong>Ventilatsioon<\/strong><\/p>\n<\/td>\n<td style=\"text-align: center;\" width=\"113\">Suitsueemaldus<br \/>\nventilaator 45W<\/td>\n<td style=\"text-align: center;\" width=\"123\">Suitsueemaldus<br \/>\nventilaator 330W<\/td>\n<td width=\"123\">\n<p style=\"text-align: center;\">Suitsueemaldus<br \/>\nventilaator 330W<\/p>\n<\/td>\n<\/tr>\n<tr>\n<td width=\"189\">\n<p style=\"text-align: center;\"><strong>Autofookus<\/strong><\/p>\n<\/td>\n<td colspan=\"3\" width=\"359\">\n<p style=\"text-align: center;\">Integreeritud aadressil<\/p>\n<\/td>\n<\/tr>\n<tr>\n<td width=\"189\">\n<p style=\"text-align: center;\"><strong>Tarkvara<\/strong><\/p>\n<\/td>\n<td colspan=\"3\" width=\"359\">\n<p style=\"text-align: center;\">RDWorks (Lightburn soovitatav, eraldi tasuline litsents)<\/p>\n<\/td>\n<\/tr>\n<tr>\n<td width=\"189\">\n<p style=\"text-align: center;\"><strong>Toetatud vormingud<\/strong><\/p>\n<\/td>\n<td colspan=\"3\" width=\"359\">\n<p style=\"text-align: center;\">DSP\/PLT\/BMP\/DXF\/AI\/DWG\/SVG<\/p>\n<\/td>\n<\/tr>\n<tr>\n<td width=\"189\">\n<p style=\"text-align: center;\"><strong>Rotary<\/strong><\/p>\n<\/td>\n<td colspan=\"3\" width=\"359\">\n<p style=\"text-align: center;\">Lisav\u00f5imalus (Chuck\/Roller)<\/p>\n<\/td>\n<\/tr>\n<\/tbody>\n<\/table>\n<\/div>\n<p>&nbsp;<\/p>\n","protected":false},"excerpt":{"rendered":"<p><strong>AEON MIRA-seeria<\/strong> on revolutsiooniks t\u00f6\u00f6laaseri maailmas, \u00fchendades t\u00f6\u00f6stusliku taseme kiiruse ja professionaalse t\u00e4psuse kompaktse disainiga, mis sobib isegi v\u00e4ikestesse t\u00f6\u00f6kodadesse. Ainulaadne &#8220;k\u00f5ik \u00fches&#8221; kontseptsioon koos integreeritud jahutuse, \u00f5huvarustuse ja suitsu v\u00e4ljal\u00fclitusega tagab maksimaalse mugavuse ja kiire k\u00e4ivitamise. Ideaalne valik v\u00e4ikeettev\u00f5tetele, haridusasutustele v\u00f5i n\u00f5udlikele hobikasutajatele, kes soovivad tippkvaliteediga tulemusi.  <\/p>\n","protected":false},"featured_media":7565,"template":"","meta":{"_acf_changed":false},"product_brand":[],"product_cat":[319],"product_tag":[],"class_list":{"0":"post-7564","1":"product","2":"type-product","3":"status-publish","4":"has-post-thumbnail","6":"product_cat-aeon-co2-laserloikus-graveerimismasin","7":"","8":"woocommerce-text-align-center","9":"woocommerce-image-align-center","10":"wc-has-gallery","12":"first","13":"instock","14":"shipping-taxable","15":"purchasable","16":"product-type-simple"},"acf":[],"_links":{"self":[{"href":"https:\/\/eltechnika.eu\/et\/wp-json\/wp\/v2\/product\/7564","targetHints":{"allow":["GET"]}}],"collection":[{"href":"https:\/\/eltechnika.eu\/et\/wp-json\/wp\/v2\/product"}],"about":[{"href":"https:\/\/eltechnika.eu\/et\/wp-json\/wp\/v2\/types\/product"}],"wp:featuredmedia":[{"embeddable":true,"href":"https:\/\/eltechnika.eu\/et\/wp-json\/wp\/v2\/media\/7565"}],"wp:attachment":[{"href":"https:\/\/eltechnika.eu\/et\/wp-json\/wp\/v2\/media?parent=7564"}],"wp:term":[{"taxonomy":"product_brand","embeddable":true,"href":"https:\/\/eltechnika.eu\/et\/wp-json\/wp\/v2\/product_brand?post=7564"},{"taxonomy":"product_cat","embeddable":true,"href":"https:\/\/eltechnika.eu\/et\/wp-json\/wp\/v2\/product_cat?post=7564"},{"taxonomy":"product_tag","embeddable":true,"href":"https:\/\/eltechnika.eu\/et\/wp-json\/wp\/v2\/product_tag?post=7564"}],"curies":[{"name":"wp","href":"https:\/\/api.w.org\/{rel}","templated":true}]}}