{"id":7412,"date":"2025-12-15T11:00:23","date_gmt":"2025-12-15T08:00:23","guid":{"rendered":"https:\/\/eltechnika.eu\/produktas\/aeon-super-nova-10-14-16\/"},"modified":"2025-08-21T15:40:34","modified_gmt":"2025-08-21T12:40:34","slug":"aeon-super-nova-10-14-16","status":"publish","type":"product","link":"https:\/\/eltechnika.eu\/et\/toode\/aeon-super-nova-10-14-16\/","title":{"rendered":"Aeon Super Nova 10\/14\/16"},"content":{"rendered":"<h2><strong>AEON Super NOVA: Universaalne laserkeskus<\/strong><\/h2>\n<p>AEON Super NOVA on lasertehnoloogia tipp, mis on loodud mitmek\u00fclgse lahendusena, mis v\u00f5ib asendada mitmeid erinevaid seadmeid. See ei ole lihtsalt l\u00f5ikamis- v\u00f5i graveerimismasin &#8211; see on t\u00e4ielik t\u00f6\u00f6tlemiskeskus, mis \u00fchendab eri t\u00fc\u00fcpi CO2-laserite parimad omadused \u00fches korpuses. Super NOVA on m\u00f5eldud tootmisettev\u00f5tetele, kes seisavad silmitsi mitmesuguste \u00fclesannetega ja soovivad \u00fchte masinat, mis suudab k\u00f5ike laitmatult teha.  <\/p>\n<h2><strong>Kaks laserpead &#8211; topeltv\u00f5imalused<\/strong><\/h2>\n<p>Super NOVA peamine uuendus on h\u00fcbriids\u00fcsteem, mille kaks eraldi laserallikat ja -pead on paigaldatud samale teljele. See tagab v\u00f5rratu paindlikkuse ja t\u00f5hususe. <\/p>\n<h3><strong>Klaasist CO2-toru: v\u00f5imsus ja l\u00f5iket\u00f5husus<\/strong><\/h3>\n<p>Esimene pea on \u00fchendatud suure v\u00f5imsusega (100-150 W) klaasist alalisvoolu (DC) lasertoruga. See allikas sobib ideaalselt paksude orgaaniliste materjalide, nagu puit, vineer, akr\u00fc\u00fcl, nahk, l\u00f5ikamiseks. See tagab suure kiiruse ja s\u00fcgavad l\u00f5iked ning on kuluefektiivne lahendus l\u00f5ikamisrakenduste jaoks.  <\/p>\n<h3><strong>Metallist RF (raadiosagedus) toru: t\u00e4psus ja vastupidavus<\/strong><\/h3>\n<p>Teine pea kasutab vastupidavat metallist RF (raadiosagedus) laserallikat (30-60 W). RF-laser tekitab palju v\u00e4iksema ja stabiilsema laserkiire, mis muudab selle h\u00e4davajalikuks \u00e4\u00e4rmiselt peeneks, fotokvaliteediga graveerimiseks. See on ideaalne ka \u00f5hukeste materjalide l\u00f5ikamiseks, kus on vaja minimaalset termilist m\u00f5ju ja v\u00e4ga puhast l\u00f5ikeserva.  <\/p>\n<h2><strong>Integreeritud kaamera &#8211; t\u00f6\u00f6 ilma arup\u00e4rimiseta<\/strong><\/h2>\n<p>Super NOVA on standardselt varustatud integreeritud k\u00f5rglahutuskaameraga, mis lihtsustab ja kiirendab t\u00f6\u00f6protsessi m\u00e4rkimisv\u00e4\u00e4rselt.<\/p>\n<ul>\n<li><strong>Visuaalne positsioneerimine:<\/strong> n\u00e4ete oma t\u00f6\u00f6lauda otse arvutiekraanil. Asetage oma kujundus h\u00f5lpsasti ja t\u00e4pselt ebakorrap\u00e4rase kujuga toorikule, v\u00e4ltides materjali raiskamist. <\/li>\n<li><strong>Tr\u00fckkimise tuvastamine (Print &amp; Cut):<\/strong> kaamera tunneb automaatselt \u00e4ra tr\u00fckitud registreerimism\u00e4rgid, mis v\u00f5imaldab teil l\u00f5igata tr\u00fckitud pilte t\u00e4pselt kontuuri j\u00e4rgi.<\/li>\n<\/ul>\n<h2><strong>M\u00f5eldud maksimaalseks j\u00f5udluseks ja paindlikkuseks<\/strong><\/h2>\n<p>Super NOVA on p\u00e4rinud k\u00f5ik Elite NOVA seeria parimad omadused, sealhulgas v\u00f5imsad <strong>vahelduvvoolu servomootorid<\/strong> maksimaalse kiiruse saavutamiseks ja <strong>Clean Pack tehnoloogia<\/strong> mehaanika kaitsmiseks. Samuti on masinal mootoriga t\u00f6\u00f6laud, autofookus ja mugav &#8220;k\u00f5ik \u00fches&#8221; konstruktsioon koos integreeritud jahutuse, \u00f5huvarustuse ja suitsueemaldusega. <\/p>\n<h2><strong>Valige oma Super NOVA suurus<\/strong><\/h2>\n<p>S\u00f5ltuvalt tootmismahust saate valida kolme erineva suuruse vahel:<\/p>\n<ul>\n<li><strong>Super NOVA 10:<\/strong><strong>1000 x 700 mm<\/strong> t\u00f6\u00f6pindala.<\/li>\n<li><strong>Super NOVA 14:<\/strong><strong>1400 x 900 mm<\/strong> t\u00f6\u00f6pindala.<\/li>\n<li><strong>Super NOVA 16:<\/strong><strong>1600 x 1000 mm<\/strong> t\u00f6\u00f6pindala.<\/li>\n<\/ul>\n<div class=\"product-descr-table\">\n<table width=\"971\">\n<tbody>\n<tr>\n<td colspan=\"4\" width=\"971\"><strong>SPETSIFIKATSIOON<\/strong><\/td>\n<\/tr>\n<tr>\n<td width=\"221\"><strong>MUDEL<\/strong><\/td>\n<td style=\"text-align: center;\" width=\"250\"><strong>NOVA10 Super<\/strong><\/td>\n<td style=\"text-align: center;\" width=\"250\"><strong>NOVA14 Super<\/strong><\/td>\n<td style=\"text-align: center;\" width=\"250\"><strong>NOVA16 Super<\/strong><\/td>\n<\/tr>\n<tr>\n<td width=\"221\"><strong>T\u00f6\u00f6piirkond<\/strong><\/td>\n<td style=\"text-align: center;\" width=\"250\">700&#215;1000 mm<\/td>\n<td style=\"text-align: center;\" width=\"250\">900&#215;1400 mm<\/td>\n<td style=\"text-align: center;\" width=\"250\">1000&#215;1600 mm<\/td>\n<\/tr>\n<tr>\n<td width=\"221\"><strong>Maksimaalne motoriseeritud Z-telje k\u00f5rgus<\/strong><\/td>\n<td style=\"text-align: center;\" width=\"250\">200 mm<\/td>\n<td style=\"text-align: center;\" width=\"250\">200 mm<\/td>\n<td style=\"text-align: center;\" width=\"250\">200 mm<\/td>\n<\/tr>\n<tr>\n<td width=\"221\"><strong>Maksimaalne t\u00f5stev\u00f5ime<\/strong><\/td>\n<td style=\"text-align: center;\" width=\"250\">120 kg<\/td>\n<td style=\"text-align: center;\" width=\"250\">120 kg<\/td>\n<td style=\"text-align: center;\" width=\"250\">120 kg<\/td>\n<\/tr>\n<tr>\n<td rowspan=\"2\" width=\"221\"><strong>Laseri t\u00fc\u00fcp\/v\u00f5imsus<\/strong><\/td>\n<td style=\"text-align: center;\" width=\"250\">DC klaas 90\/100W<\/td>\n<td style=\"text-align: center;\" width=\"250\">DC Glass 90\/100\/130W<\/td>\n<td style=\"text-align: center;\" width=\"250\">DC Glass 90\/100\/130\/150W<\/td>\n<\/tr>\n<tr>\n<td style=\"text-align: center;\" width=\"250\">RF Metal 30\/60W<\/td>\n<td style=\"text-align: center;\" width=\"250\">RF Metal 30\/60W<\/td>\n<td style=\"text-align: center;\" width=\"250\">RF Metal 30\/60W<\/td>\n<\/tr>\n<tr>\n<td width=\"221\"><strong>Maksimaalne graveerimiskiirus<\/strong><\/td>\n<td style=\"text-align: center;\" width=\"250\">DC 1200 mm\/s, RF 4000 mm\/s<\/td>\n<td style=\"text-align: center;\" colspan=\"2\" width=\"500\">DC 1200 mm\/s, RF 4200 mm\/s<\/td>\n<\/tr>\n<tr>\n<td rowspan=\"2\" width=\"221\"><strong>Kiirendus<\/strong><\/td>\n<td style=\"text-align: center;\" colspan=\"3\">5G (ALALISVOOL)<\/td>\n<\/tr>\n<tr>\n<td style=\"text-align: center;\" colspan=\"3\">8G (RF)<\/td>\n<\/tr>\n<tr>\n<td rowspan=\"2\" width=\"221\"><strong>Mootori t\u00fc\u00fcp<\/strong><\/td>\n<td style=\"text-align: center;\" colspan=\"3\">DC Stepper (DC)<\/td>\n<\/tr>\n<tr>\n<td style=\"text-align: center;\" colspan=\"3\">AC servo (RF)<\/td>\n<\/tr>\n<tr>\n<td width=\"221\"><strong>Alalisvoolu allika maksimaalne eraldusv\u00f5ime<\/strong><\/td>\n<td style=\"text-align: center;\" colspan=\"3\" width=\"750\">1000 DPI<\/td>\n<\/tr>\n<tr>\n<td width=\"221\"><strong>RF-allika maksimaalne eraldusv\u00f5ime<\/strong><\/td>\n<td style=\"text-align: center;\" colspan=\"3\" width=\"750\">4000 DPI<\/td>\n<\/tr>\n<tr>\n<td width=\"221\"><strong>Kirja graveerimise minimaalne suurus<\/strong><\/td>\n<td style=\"text-align: center;\" colspan=\"3\" width=\"750\">1 x 1mm (RF)<\/td>\n<\/tr>\n<tr>\n<td width=\"221\"><strong>Positsioneerimise t\u00e4psus<\/strong><\/td>\n<td style=\"text-align: center;\" colspan=\"3\" width=\"750\">&lt; 0,01 mm<\/td>\n<\/tr>\n<tr>\n<td width=\"221\"><strong>L\u00f5ike paksus<\/strong><\/td>\n<td style=\"text-align: center;\" colspan=\"3\" width=\"750\">&lt; 15mm (s\u00f5ltuvalt materjalist ja allika v\u00f5imsusest)<\/td>\n<\/tr>\n<tr>\n<td width=\"221\"><strong>T\u00f6\u00f6laud<\/strong><\/td>\n<td style=\"text-align: center;\" colspan=\"3\" width=\"750\">Cellular + spetsiaalne l\u00f5iket\u00f6\u00f6pind<\/td>\n<\/tr>\n<tr>\n<td width=\"221\"><strong>Jahutamine<\/strong><\/td>\n<td style=\"text-align: center;\" width=\"250\">DC: vesijahuti CW5000<\/td>\n<td style=\"text-align: center;\" colspan=\"2\" width=\"500\">DC: Vesijahuti CW5200<\/td>\n<\/tr>\n<tr>\n<td width=\"221\"><\/td>\n<td style=\"text-align: center;\" colspan=\"3\" width=\"750\">RF: \u00d5hujahutus<\/td>\n<\/tr>\n<tr>\n<td width=\"221\"><strong>Suitsu v\u00e4ljat\u00f5mbeventilaator<\/strong><\/td>\n<td style=\"text-align: center;\" colspan=\"3\" width=\"750\">500W<\/td>\n<\/tr>\n<tr>\n<td width=\"221\"><strong>Integreeritud \u00f5hupump<\/strong><\/td>\n<td style=\"text-align: center;\" width=\"250\">750W ja 24L \u00f5huv\u00f5imsus<\/td>\n<td style=\"text-align: center;\" colspan=\"2\" width=\"500\">750W 40L \u00f5humahuga<\/td>\n<\/tr>\n<tr>\n<td width=\"221\"><strong>Autofookus<\/strong><\/td>\n<td style=\"text-align: center;\" colspan=\"3\" width=\"750\">Sisseehitatud<\/td>\n<\/tr>\n<tr>\n<td width=\"221\"><strong>Kaamera<\/strong><\/td>\n<td style=\"text-align: center;\" colspan=\"3\">100\u00b0 8 megapikslit<\/td>\n<\/tr>\n<tr>\n<td width=\"221\"><strong>Laserite ohutuse klassifikatsioon<\/strong><\/td>\n<td style=\"text-align: center;\" colspan=\"3\">Klassi 1 lasertoode<\/td>\n<\/tr>\n<tr>\n<td width=\"221\"><strong>Tarkvara<\/strong><\/td>\n<td style=\"text-align: center;\" colspan=\"3\" width=\"750\">RDWorks (Lightburn soovitatav, eraldi tasuline litsents)<\/td>\n<\/tr>\n<tr>\n<td width=\"221\"><strong>Toetatud vormingud<\/strong><\/td>\n<td style=\"text-align: center;\" colspan=\"3\" width=\"750\">DSP\/PLT\/BMP\/DXF\/AI\/DWG\/SVG<\/td>\n<\/tr>\n<tr>\n<td><strong>Masina m\u00f5\u00f5tmed<\/strong><\/td>\n<td style=\"text-align: center;\">1500*1210*1125 mm<\/td>\n<td style=\"text-align: center;\">1900*1410*1125 mm<\/td>\n<td style=\"text-align: center;\">2100*1510*1125 mm<\/td>\n<\/tr>\n<tr>\n<td><strong>Brutokaal<\/strong><\/td>\n<td style=\"text-align: center;\">532 kg<\/td>\n<td style=\"text-align: center;\">683 kg<\/td>\n<td style=\"text-align: center;\">730 kg<\/td>\n<\/tr>\n<tr>\n<td><strong>Netokaal<\/strong><\/td>\n<td style=\"text-align: center;\">415 kg<\/td>\n<td style=\"text-align: center;\">560 kg<\/td>\n<td style=\"text-align: center;\">566 kg<\/td>\n<\/tr>\n<tr>\n<td width=\"221\"><strong>Toitepinge<\/strong><\/td>\n<td style=\"text-align: center;\" colspan=\"3\" width=\"750\">220V AC 50Hz<\/td>\n<\/tr>\n<tr>\n<td width=\"221\"><strong>Koguv\u00f5imsus<\/strong><\/td>\n<td style=\"text-align: center;\" colspan=\"3\" width=\"750\">2300W<\/td>\n<\/tr>\n<tr>\n<td width=\"221\"><strong>Rotary<\/strong><\/td>\n<td style=\"text-align: center;\" colspan=\"3\" width=\"750\">Valikuline (toorik\/rull)<\/td>\n<\/tr>\n<\/tbody>\n<\/table>\n<\/div>\n","protected":false},"excerpt":{"rendered":"<p><strong>AEON Super NOVA<\/strong> on mitmek\u00fclgne lasert\u00f6\u00f6tluskeskus, mis \u00fchendab kahe erineva lasertehnoloogia eelised \u00fches seadmes. T\u00e4nu <strong>kahele laserpeale<\/strong> (klaasist DC ja metallist RF-toru) ja <strong>integreeritud kaamerale<\/strong> positsioneerimiseks saab see masin t\u00e4ita praktiliselt k\u00f5iki \u00fclesandeid &#8211; alates s\u00fcgavast ja kiirest l\u00f5ikamisest kuni \u00fclipeene, fotokvaliteediga graveerimiseni. See on ideaalne lahendus neile, kes otsivad maksimaalset paindlikkust ilma kompromissideta.  <\/p>\n","protected":false},"featured_media":7413,"template":"","meta":{"_acf_changed":false},"product_brand":[],"product_cat":[319,318],"product_tag":[],"class_list":{"0":"post-7412","1":"product","2":"type-product","3":"status-publish","4":"has-post-thumbnail","6":"product_cat-aeon-co2-laserloikus-graveerimismasin","7":"product_cat-laser-toopingid","8":"","9":"woocommerce-text-align-center","10":"woocommerce-image-align-center","11":"wc-has-gallery","13":"first","14":"instock","15":"shipping-taxable","16":"purchasable","17":"product-type-simple"},"acf":[],"_links":{"self":[{"href":"https:\/\/eltechnika.eu\/et\/wp-json\/wp\/v2\/product\/7412","targetHints":{"allow":["GET"]}}],"collection":[{"href":"https:\/\/eltechnika.eu\/et\/wp-json\/wp\/v2\/product"}],"about":[{"href":"https:\/\/eltechnika.eu\/et\/wp-json\/wp\/v2\/types\/product"}],"wp:featuredmedia":[{"embeddable":true,"href":"https:\/\/eltechnika.eu\/et\/wp-json\/wp\/v2\/media\/7413"}],"wp:attachment":[{"href":"https:\/\/eltechnika.eu\/et\/wp-json\/wp\/v2\/media?parent=7412"}],"wp:term":[{"taxonomy":"product_brand","embeddable":true,"href":"https:\/\/eltechnika.eu\/et\/wp-json\/wp\/v2\/product_brand?post=7412"},{"taxonomy":"product_cat","embeddable":true,"href":"https:\/\/eltechnika.eu\/et\/wp-json\/wp\/v2\/product_cat?post=7412"},{"taxonomy":"product_tag","embeddable":true,"href":"https:\/\/eltechnika.eu\/et\/wp-json\/wp\/v2\/product_tag?post=7412"}],"curies":[{"name":"wp","href":"https:\/\/api.w.org\/{rel}","templated":true}]}}