{"id":11854,"date":"2025-10-03T10:17:05","date_gmt":"2025-10-03T07:17:05","guid":{"rendered":"https:\/\/eltechnika.eu\/produktas\/metalfab-metalli-keevitus-ja-loikamismasin\/"},"modified":"2025-10-23T15:52:07","modified_gmt":"2025-10-23T12:52:07","slug":"metalfab-metalli-keevitus-ja-loikamismasin","status":"publish","type":"product","link":"https:\/\/eltechnika.eu\/et\/toode\/metalfab-metalli-keevitus-ja-loikamismasin\/","title":{"rendered":"MetalFab metalli keevitus- ja l\u00f5ikamismasin"},"content":{"rendered":"<h1><strong>xTool MetalFab \u2013 laserkeevitus ja CNC-metalli l\u00f5ikamine \u00fches<\/strong><\/h1>\n<p>Kogu metalli t\u00f6\u00f6tlemine \u00fches s\u00fcsteemis \u2013 MetalFab \u00fchendab laserkeevituse ja t\u00e4pse CNC-l\u00f5ikamise\/metalli graveerimise mugaval ja t\u00e4iustatud viisil.<\/p>\n<hr>\n<h2>???? <strong>Laserkeevitus ja CNC-l\u00f5ikamine<\/strong><\/h2>\n<ul>\n<li>MetalFab ei suuda mitte ainult \u00fchendada metallosi laserkeevitusega, vaid ka CNC-l\u00f5igata keerulisi kontuure \u00fclit\u00e4pselt.<\/li>\n<li>Saate keevitada, puhastada keevitatud servi ja l\u00f5igata osi \u2013 seda k\u00f5ike \u00fches seadmes.<\/li>\n<li>\u00dcmmargused, lamedad v\u00f5i tekstuursed metallpinnad \u2013 MetalFabil on k\u00f5ik k\u00e4es.<\/li>\n<\/ul>\n<hr>\n<h2>???? <strong>Tehnoloogiline innovatsioon v\u00e4ikseima<\/strong> detailini<\/h2>\n<ul>\n<li><strong>VibeFreeCut\u2122<\/strong> \u2013 reaalajas vibratsiooni juhtimine, sujuv liikumine ilma k\u00f5ikumisteta.<\/li>\n<li><strong>FlexiTrack\u2122<\/strong> \u2013 automaatne Z-telje reguleerimine, nii et laser on alati t\u00e4iuslikus fookuses.<\/li>\n<li><strong>ObstacleFree\u2122<\/strong> \u2013 intelligentne trajektoori planeerimine, mis l\u00e4heb takistustest automaatselt m\u00f6\u00f6da.<\/li>\n<li><strong>SaveGasi\u2122<\/strong> otsik \u2013 gaasitarbimise t\u00f5hus optimeerimine (kuni 50% v\u00e4hem gaasi).<\/li>\n<li><strong>Topeltkaamera<\/strong> \u2013 16 MP panoraamkaamera + l\u00e4hikaamera, positsioneerimine &lt; 0,2 mm.<\/li>\n<li><strong>\u00dche kl\u00f5psuga nutikas pesitsemine<\/strong> \u2013 kuni 98,7% materjalikasutus \u00fche kl\u00f5psuga.<\/li>\n<\/ul>\n<hr>\n<h2>???? <strong>Mis on komplektis<\/strong><\/h2>\n<ul>\n<li>MetalFab laser CNC-mooduliga.<\/li>\n<li>Juurdep\u00e4\u00e4s ja juhtimine komponentidele.<\/li>\n<li>D\u00fc\u00fcside komplektid (l\u00f5ikamine, keevitamine, puhastamine).<\/li>\n<li>Juhised ja ohutusdokumendid.<\/li>\n<li>Katsetamise l\u00e4htematerjalid.<\/li>\n<\/ul>\n<hr>\n<h2>\u23f1\ufe0f <strong>Avastage 1 tunni MetalFabi potentsiaal<\/strong><\/h2>\n<ul>\n<li>Sageli v\u00f5rreldakse TIG-keevituse kvaliteeti, kuid kuni <strong>8\u00d7<\/strong> kiirem.<\/li>\n<li><strong>20 mm<\/strong> s\u00fcsinikterasest \u00f5mblus toodetakse laseriga ~<strong>14 sekundiga<\/strong> (vs ~2 minutit traditsioonilisel viisil).<\/li>\n<\/ul>\n<hr>\n<h2>\u2699\ufe0f <strong>Tehnilised andmed<\/strong><\/h2>\n<table>\n<thead>\n<tr>\n<th>Millega<\/th>\n<th>V\u00e4\u00e4rtus<\/th>\n<\/tr>\n<\/thead>\n<tbody>\n<tr>\n<td><strong>Toiteallikas (masina toide)<\/strong><\/td>\n<td>1200 W<\/td>\n<\/tr>\n<tr>\n<td><strong>Paketi varustus \/ toitevalikud<\/strong><\/td>\n<td>1200 W keevituskomplekt \/ 800 W keevituskomplekt<\/td>\n<\/tr>\n<tr>\n<td><strong>Turvalisuse sertifitseerimine<\/strong><\/td>\n<td>1. klassi laserohutus<\/td>\n<\/tr>\n<tr>\n<td><strong>Gaasis\u00fcsteem<\/strong><\/td>\n<td>SaveGasi\u2122 otsik, keraamiline tihenduss\u00fcsteem<\/td>\n<\/tr>\n<tr>\n<td><strong>Funktsionaalsust<\/strong><\/td>\n<td>Keevitamine, l\u00f5ikamine, CNC-graveerimine, puhastamine<\/td>\n<\/tr>\n<\/tbody>\n<\/table>\n<hr>\n<h2>???? <strong>Saadaolevad komplektid<\/strong><\/h2>\n<table>\n<tbody>\n<tr>\n<td><img decoding=\"async\" src=\"https:\/\/eltechnika.eu\/wp-content\/uploads\/2025\/10\/metalfab-800w-160x160.jpg\" alt=\"800W keevitaja\"><\/td>\n<td><img decoding=\"async\" src=\"https:\/\/eltechnika.eu\/wp-content\/uploads\/2025\/10\/metalfab-1200w-160x160.jpg\" alt=\"1200 W keevitaja\"><\/td>\n<td><img decoding=\"async\" src=\"https:\/\/eltechnika.eu\/wp-content\/uploads\/2025\/10\/metalfab-combo-160x160.jpg\" alt=\"Kombineeritud komplekt\"><\/td>\n<\/tr>\n<tr>\n<td><strong>800 W keevitaja<\/strong><\/td>\n<td><strong>1200 W keevitaja<\/strong><\/td>\n<td><strong>Kombineeritud komplekt (CNC + keevitaja)<\/strong><\/td>\n<\/tr>\n<tr>\n<td><small>MetalFab 800 W keevituslaser on efektiivne \u00f5hukeste ja keskmise paksusega metallide keevitamiseks.<\/small><\/td>\n<td><small>MetalFab 1200W keevituslaser \u2013 suurem v\u00f5imsus, suurem kiirus ja s\u00fcgavamad \u00f5mblused professionaalseks kasutamiseks.<\/small><\/td>\n<td><small>T\u00e4ielik komplekt: CNC-l\u00f5ikamine + 800\/1200W keevituslaser.<\/small><\/td>\n<\/tr>\n<\/tbody>\n<\/table>\n","protected":false},"excerpt":{"rendered":"<p data-start=\"273\" data-end=\"1108\"><strong data-start=\"273\" data-end=\"292\">K\u00f5ik-\u00fches:<\/strong> keevitada, l\u00f5igata ja puhastada metalli \u00fche v\u00f5imsa seadmega.<br data-start=\"367\" data-end=\"370\"><strong data-start=\"370\" data-end=\"399\">T\u00f6\u00f6stuslik j\u00f5udlus:<\/strong> roostevaba terase, s\u00fcsinikterase, messingi v\u00f5i alumiiniumi professionaalne keevitamine ja l\u00f5ikamine \u2013 t\u00e4pselt ja puhtalt.<br data-start=\"523\" data-end=\"526\"><strong data-start=\"526\" data-end=\"556\">Eksklusiivsed tehnoloogiad:<\/strong> nutikad topeltkaamerad ja automaatne Smart Nesting optimeerivad t\u00f6\u00f6d, samas kui <strong data-start=\"635\" data-end=\"651\" data-is-only-node=\"\">VibeFreeCut\u2122<\/strong>, <strong data-start=\"653\" data-end=\"668\">FlexiTrack\u2122<\/strong> ja <strong data-start=\"672\" data-end=\"689\">ObstacleFree\u2122<\/strong> tagavad veatu l\u00f5iketulemuse. SaveGasi\u2122 tehnoloogia v\u00e4hendab gaasitarbimist ja kulusid. <br data-start=\"794\" data-end=\"797\"><strong data-start=\"797\" data-end=\"826\">Kasutajas\u00f5bralik tarkvara:<\/strong> intuitiivne juhtimiskeskkond eelseadistatud parameetritega \u2013 t\u00f6\u00f6 on vaid \u00fche hiirekl\u00f5psu kaugusel.<br data-start=\"925\" data-end=\"928\"><strong data-start=\"928\" data-end=\"951\">Kvaliteet ja ohutus:<\/strong> stabiilne t\u00f6\u00f6 24\/7, laseri eluiga \u00fcle <strong data-start=\"1009\" data-end=\"1024\">10 000 tunni<\/strong>, usaldusv\u00e4\u00e4rne t\u00f6\u00f6 <strong data-start=\"1047\" data-end=\"1068\">vahemikus -10 \u00b0C kuni +40 \u00b0C<\/strong>, sisseehitatud <strong data-start=\"1082\" data-end=\"1105\">10 ohutusfunktsiooni<\/strong>.<\/p>\n","protected":false},"featured_media":11729,"template":"","meta":{"_acf_changed":false},"product_brand":[],"product_cat":[413],"product_tag":[],"class_list":{"0":"post-11854","1":"product","2":"type-product","3":"status-publish","4":"has-post-thumbnail","6":"product_cat-xtool-hobby-diy","7":"","8":"woocommerce-text-align-center","9":"woocommerce-image-align-center","10":"wc-has-gallery","12":"first","13":"instock","14":"shipping-taxable","15":"product-type-simple"},"acf":[],"_links":{"self":[{"href":"https:\/\/eltechnika.eu\/et\/wp-json\/wp\/v2\/product\/11854","targetHints":{"allow":["GET"]}}],"collection":[{"href":"https:\/\/eltechnika.eu\/et\/wp-json\/wp\/v2\/product"}],"about":[{"href":"https:\/\/eltechnika.eu\/et\/wp-json\/wp\/v2\/types\/product"}],"wp:featuredmedia":[{"embeddable":true,"href":"https:\/\/eltechnika.eu\/et\/wp-json\/wp\/v2\/media\/11729"}],"wp:attachment":[{"href":"https:\/\/eltechnika.eu\/et\/wp-json\/wp\/v2\/media?parent=11854"}],"wp:term":[{"taxonomy":"product_brand","embeddable":true,"href":"https:\/\/eltechnika.eu\/et\/wp-json\/wp\/v2\/product_brand?post=11854"},{"taxonomy":"product_cat","embeddable":true,"href":"https:\/\/eltechnika.eu\/et\/wp-json\/wp\/v2\/product_cat?post=11854"},{"taxonomy":"product_tag","embeddable":true,"href":"https:\/\/eltechnika.eu\/et\/wp-json\/wp\/v2\/product_tag?post=11854"}],"curies":[{"name":"wp","href":"https:\/\/api.w.org\/{rel}","templated":true}]}}