{"id":11847,"date":"2025-10-01T15:28:49","date_gmt":"2025-10-01T12:28:49","guid":{"rendered":"https:\/\/eltechnika.eu\/produktas\/f-seeria-kiudlasergraveerimismasin\/"},"modified":"2025-10-23T15:51:51","modified_gmt":"2025-10-23T12:51:51","slug":"f-seeria-kiudlasergraveerimismasin","status":"publish","type":"product","link":"https:\/\/eltechnika.eu\/et\/toode\/f-seeria-kiudlasergraveerimismasin\/","title":{"rendered":"F-seeria: kiudlasergraveerimismasin"},"content":{"rendered":"<h1><strong>xTool F2 Ultra \u2013 60 W MOPA + 40 W dioodiga topeltlaser<\/strong><\/h1>\n<p>Maailma esimene <strong>60 W MOPA<\/strong> ja <strong>40 W dioodmooduli<\/strong> ning <strong>tehisintellektiga topeltlaser toimib<\/strong> \u00fches korpuses.<strong> Saate metalli v\u00e4rvim\u00e4rgistada, s\u00fcgavalt graveerida, metalli l\u00f5igata ja t\u00f6\u00f6tada mittemetalliliste materjalidega, ilma et oleks vaja mitut eraldi seadet.<\/strong> <\/p>\n<hr>\n<h2>???? <strong>Miks on MOPA professionaalne valik metallit\u00f6\u00f6deks?<\/strong><\/h2>\n<ul>\n<li><strong>V\u00e4rvigraveerimine metallile<\/strong> \u2013 T\u00e4nu laiemale impulsi- ja sagedusvahemikule v\u00f5imaldab MOPA eraldada sadu erksaid v\u00e4rve, suurendades toodete v\u00e4\u00e4rtust.<\/li>\n<li><strong>T\u00f5eline must m\u00e4rgistus<\/strong> \u2013 MOPA kontrollib t\u00e4pselt impulsi laiust ja sagedust, et tekitada s\u00fcgavaid ja rikkalikke musti toone ilma t\u00e4iendavate pihustiteta.<\/li>\n<li><strong>Kiirem 3D-graveerimine<\/strong> \u2013 60W MOPA 3D graveerib metallm\u00fcnte kuni 5\u00d7 kiiremini kui 20W kiud.<\/li>\n<li><strong>Metalli l\u00f5ikamine<\/strong> \u2013 suurem v\u00f5imsus v\u00f5imaldab l\u00f5igata paksemat metalli; N\u00e4iteks 1 mm nimeripats l\u00f5igatakse v\u00e4lja ~6 minutiga.<\/li>\n<\/ul>\n<hr>\n<h2>\u26a1 <strong>Kahekordne v\u00f5imsus \u00fches seadmes<\/strong><\/h2>\n<p>Maailma esimene <strong>60W MOPA + 40W dioodikombinatsioon<\/strong>: <\/p>\n<ul>\n<li><strong>60W MOPA<\/strong> \u2013 v\u00e4rvim\u00e4rgistus metallile, s\u00fcgav graveerimine, kiirem t\u00f6\u00f6tlemine.<\/li>\n<li><strong>40 W diood<\/strong> akr\u00fc\u00fcli, puidu ja muude mittemetallide puhtamaks l\u00f5ikamiseks ja graveerimiseks.<\/li>\n<\/ul>\n<hr>\n<h2>???? <strong>Kaamera eelvaade ja t\u00e4psus<\/strong><\/h2>\n<ul>\n<li>Kaks <strong>48 MP kaamerat<\/strong> ~0,2 mm t\u00e4psusega \u2013 kuni <strong>60% t\u00e4psem<\/strong> kui \u00fche kaameraga s\u00fcsteemid.<\/li>\n<li>V\u00f5imaldab enne graveerimist paigutust t\u00e4pselt n\u00e4ha ja v\u00e4ltida materjalikadu.<\/li>\n<\/ul>\n<hr>\n<h2>???? <strong>AI-toega t\u00f6\u00f6 \u2013 \u00fchest kl\u00f5psust tulemuseni<\/strong><\/h2>\n<ul>\n<li><strong>Materjali tuvastamine, seaded ja vaatamine<\/strong> \u2013 tehisintellekt lihtsustab iga sammu.<\/li>\n<li><strong>AI v\u00e4rvituvastus<\/strong> \u2013 laadige \u00fcles pilt, AI jaotab v\u00e4rvid ja v\u00f5imaldab teil iga\u00fchele kiiresti parameetreid m\u00e4\u00e4rata.<\/li>\n<li><strong>AI disain<\/strong> \u2013 muudab ideed piltideks 70+ stiilis.<\/li>\n<li><strong>AI modelleerimine<\/strong> \u2013 intelligentne 3D-modelleerimine t\u00e4pseks graveerimiseks erinevatele kujunditele.<\/li>\n<\/ul>\n<hr>\n<h2>????\ufe0f <strong>T\u00f6\u00f6piirkond ja seeriatootmine<\/strong><\/h2>\n<ul>\n<li><strong>T\u00f6\u00f6pind kuni 220 \u00d7 220 mm<\/strong> \u2013 ideaalne \u00fchekordseks ja detailseks t\u00f6\u00f6ks.<\/li>\n<li><strong>Konveieriga (Auto Streamline\u2122)<\/strong> laieneb laud kuni <strong>220 \u00d7 500 mm<\/strong> \u2013 mugav kiireloomuliste ja suuremate tellimuste jaoks.<\/li>\n<li><strong>Nutikas t\u00e4itmine<\/strong> \u2013 automaatne paigutus ja partii t\u00e4itmine, et hulgiprojektid t\u00f6\u00f6taksid t\u00e4pselt.<\/li>\n<\/ul>\n<hr>\n<h2>???? <strong>Materjalid ja v\u00f5imsused<\/strong><\/h2>\n<ul>\n<li><strong>Metallid:<\/strong> messing ja roostevaba teras kuni 2 mm, alumiinium kuni 1 mm.<\/li>\n<li><strong>Akr\u00fc\u00fcl:<\/strong> kuni 20 mm (mitmek\u00e4iguline), puhtad servad.<\/li>\n<li><strong>Puit:<\/strong> kuni 23 mm (mitmek\u00e4iguline), v\u00e4hem p\u00f5letusi.<\/li>\n<li><strong>Toetatud materjalid (lai spekter):<\/strong> kuld, h\u00f5be, alumiinium, plaatina, titaan (v\u00e4rvim\u00e4rgistusega), puit, akr\u00fc\u00fcl, plastid, klaas, kiltkivi, paber, papp jne.<\/li>\n<\/ul>\n<hr>\n<h2>????\ufe0f <strong>Ohutu ja mugav kasutamine<\/strong><\/h2>\n<ul>\n<li><strong>T\u00e4ielikult suletud korpus<\/strong> \u2013 blokeerib t\u00f5husalt laseri lekke ja suitsu.<\/li>\n<li><strong>xTool SafetyPro\u2122 AP2<\/strong> \u2013 6-kihiliste filtritega ts\u00fcklons\u00fcsteem, SGS heakskiidetud.<\/li>\n<li>L\u00fclitub gaasi tuvastamisel automaatselt sisse.<\/li>\n<\/ul>\n<hr>\n<h2>???? <strong>Tarkvara ja t\u00f6\u00f6voog<\/strong><\/h2>\n<ul>\n<li><strong>xTool Creative Space (XCS)<\/strong> \u2013 toetab SVG\/DXF\/JPG\/JPEG\/PNG\/BMP\/TIF, mida n\u00e4ete, saate eelvaate, nutika t\u00e4itmise seeriatootmiseks.<\/li>\n<li><strong>Automaatne teekonna planeerimine<\/strong> \u2013 protsess on kuni 300% kiirem.<\/li>\n<li><strong>Materjali EasySet\u2122 teek<\/strong> \u2013 500+ materjali parameetrit \u00fche kl\u00f5psuga.<\/li>\n<li><strong>Multitegumt\u00f6\u00f6<\/strong> \u2013 mitme seadme\/projekti reaalajas hooldus.<\/li>\n<\/ul>\n<hr>\n<h2>\u2699\ufe0f <strong>Tehnilised andmed<\/strong><\/h2>\n<table>\n<thead>\n<tr>\n<th>Millega<\/th>\n<th>V\u00e4\u00e4rtus<\/th>\n<\/tr>\n<\/thead>\n<tbody>\n<tr>\n<td><strong>Laseri<\/strong><\/td>\n<p> t\u00fc\u00fcp<\/p>\n<td>F2 Ultra: 40 W dioodi + 60 W MOPA laser<br \/>\nF2 Ultra (\u00fchekordne): 60 W MOPA laser<\/td>\n<\/tr>\n<tr>\n<td><strong>T\u00f6\u00f6re\u017eiimid<\/strong><\/td>\n<td>Lasergraveerimine, laserl\u00f5ikamine<\/td>\n<\/tr>\n<tr>\n<td><strong>Toetatud materjalid (l\u00f5ikamiseks)<\/strong><\/td>\n<td>Diood: paber, puit, nahk, MDF, vilt, m\u00f5ned tumedad l\u00e4bipaistmatud akr\u00fc\u00fclid<br \/>\nMOPA: messing, roostevaba teras, alumiinium<\/td>\n<\/tr>\n<tr>\n<td><strong>Toetatud materjalid (graveerimiseks)<\/strong><\/td>\n<td>Diood: paber, puit, nahk, MDF, roostevaba teras, m\u00f5ned tumedad akr\u00fc\u00fclid, bambus, kangas, tume klaas, keraamika, jade, marmor, kiltkivi, tsement, tellised, kaetud\/v\u00e4rvitud metallid<br \/>\nMOPA: roostevaba teras, alumiinium, messing, h\u00f5be, plastik, plaatina, titaan, kuld<\/td>\n<\/tr>\n<tr>\n<td><strong>T\u00f6\u00f6piirkond<\/strong><\/td>\n<td>220 \u00d7 220 mm (konveieriga kuni 220 \u00d7 500 mm)<\/td>\n<\/tr>\n<tr>\n<td><strong>Maksimaalne t\u00f6\u00f6kiirus<\/strong><\/td>\n<td>15 000 mm\/s<\/td>\n<\/tr>\n<tr>\n<td><strong>Max. L\u00f5ike paksus (juuli) <\/strong><\/td>\n<td>23 mm (mitme l\u00e4bimisega)<\/td>\n<\/tr>\n<tr>\n<td><strong>Max. L\u00f5ike paksus (akr\u00fc\u00fcl) <\/strong><\/td>\n<td>20 mm (mitmek\u00e4iguline)<\/td>\n<\/tr>\n<tr>\n<td><strong>Max. T\u00f6\u00f6tlemise k\u00f5rgus <\/strong><\/td>\n<td>150 mm<\/td>\n<\/tr>\n<tr>\n<td><strong>Max. P\u00f6\u00f6rleva graveeringu l\u00e4bim\u00f5\u00f5t <\/strong><\/td>\n<td>150 mm<\/td>\n<\/tr>\n<tr>\n<td><strong>Tarkvara<\/strong><\/td>\n<td>xTool Creative Space \/ Atomm<\/td>\n<\/tr>\n<tr>\n<td><strong>Operatsioonis\u00fcsteemid<\/strong><\/td>\n<td>Windows \/ macOS<\/td>\n<\/tr>\n<tr>\n<td><strong>Suhtluse meetodid<\/strong><\/td>\n<td>USB\/Wi-Fi\/IP<\/td>\n<\/tr>\n<tr>\n<td><strong>Toetatud failid<\/strong><\/td>\n<td>SVG\/DXF\/JPG\/JPEG\/PNG\/BMP\/TIF<\/td>\n<\/tr>\n<tr>\nAI <\/p>\n<td><strong>\u00fchilduvus<\/strong><\/td>\n<td>Jah (AImake)<\/td>\n<\/tr>\n<tr>\n<td><strong>Assamblee<\/strong><\/td>\n<td>Eelmonteeritud<\/td>\n<\/tr>\n<tr>\n<td><strong>Sisseehitatud kaamera<\/strong><\/td>\n<td>Kaks 48 MP kaamerat<\/td>\n<\/tr>\n<tr>\n<td><strong>Positsioneerimine<\/strong><\/td>\n<td>Kaamerate poolt<\/td>\n<\/tr>\n<tr>\n<td><strong>Fookuse meetod<\/strong><\/td>\n<td>Automaatne teravustamine<\/td>\n<\/tr>\n<tr>\n<td><strong>\u00dclevaatuse meetod<\/strong><\/td>\n<td>Nutikaamera eelvaade<\/td>\n<\/tr>\n<tr>\n<td><strong>Laserpunkti suurus<\/strong><\/td>\n<td>0,09 \u00d7 0,1 mm (40 W diood)<br \/>\n 0,03 \u00d7 0,03 mm (60 W MOPA)<\/td>\n<\/tr>\n<tr>\n<td><strong>Positsioneerimise t\u00e4psus<\/strong><\/td>\n<td>0,2 mm<\/td>\n<\/tr>\n<tr>\n<td><strong>Kauguse m\u00f5\u00f5tmise t\u00e4psus<\/strong><\/td>\n<td>0,2 mm (kaamera)<\/td>\n<\/tr>\n<tr>\n<td><strong>Liikumise t\u00e4psus<\/strong><\/td>\n<td>0,00482 mm<\/td>\n<\/tr>\n<tr>\n<td><strong>Turvalisuse sertifitseerimine<\/strong><\/td>\n<p>4<\/p>\n<td>. klassi laserohutus<\/td>\n<\/tr>\n<tr>\n<td><strong>Seadme suurus<\/strong><\/td>\n<td>294 \u00d7 429 \u00d7 521 mm<\/td>\n<\/tr>\n<tr>\n<td><strong>Seadme kaal<\/strong><\/td>\n<td>F2 Ultra: 21,6 kg<br \/>\nF2 Ultra (\u00fchekordne): 20,8 kg<\/td>\n<\/tr>\n<tr>\n<td><strong>Max. Energiakulu <\/strong><\/td>\n<td>400 W<\/td>\n<\/tr>\n<tr>\n<td><strong>Toiteadapteri pinge<\/strong><\/td>\n<td>220\u2013240 V vahelduvvool, 50\/60 Hz<\/td>\n<\/tr>\n<\/tbody>\n<\/table>\n<hr>\n<h2>???? <strong>Mis on karbis<\/strong><\/h2>\n<p>xTool F2 Ultra, puutetundlik kontroller, voolik, toiteadapter, toitekaabel, USB-kaabel, v\u00f5ti, v\u00f5repaneel, L-kujuline positsioneerimisdetail, lausriidest salvr\u00e4tik, kruvikeeraja, materjalikomplekt, kiirjuhend, ohutusjuhised.<\/p>\n<h2>Saadaolevad komplektid:<\/h2>\n<table>\n<tbody>\n<tr>\n<td><img decoding=\"async\" class=\"aligncenter\" src=\"https:\/\/eltechnika.eu\/wp-content\/uploads\/2025\/10\/xtool-f2-ultra-lazerines-stakles_1-1-160x160.jpg\" alt=\"Eraldiseisev\"><\/td>\n<td><img decoding=\"async\" class=\"aligncenter\" src=\"https:\/\/eltechnika.eu\/wp-content\/uploads\/2025\/10\/xtool-f2ultra_1-160x160.jpg\" alt=\"+ Konveier\"><\/td>\n<td><img decoding=\"async\" class=\"aligncenter\" src=\"https:\/\/eltechnika.eu\/wp-content\/uploads\/2025\/10\/XF2U-DB-160x160.jpg\" alt=\"Deluxe komplekt\"><\/td>\n<\/tr>\n<tr>\n<td style=\"text-align: center;\"><strong>Eraldiseisev<\/strong><\/td>\n<td style=\"text-align: center;\"><strong>+ Konveier<\/strong><\/td>\n<td style=\"text-align: center;\"><strong>Deluxe komplekt<\/strong><\/td>\n<\/tr>\n<tr>\n<td style=\"text-align: center;\"><small>F2 Ultra seade<\/small><\/td>\n<td style=\"text-align: center;\"><small>+ <strong>Auto Streamline\u2122 konveier<\/strong> (t\u00f6\u00f6ala kuni 220 \u00d7 500 mm, kiirem seeriat\u00f6\u00f6).<\/small><\/td>\n<td style=\"text-align: center;\"><small>K\u00f5ik alates + konveierist + <strong>\u00f5hufiltreerimisseadmest (AP2)<\/strong> ja <strong>p\u00f6\u00f6rlevast kinnitusest (RA2 Pro)<\/strong> silindrilisteks t\u00f6\u00f6deks.<\/small><\/td>\n<\/tr>\n<\/tbody>\n<\/table>\n","protected":false},"excerpt":{"rendered":"<p data-start=\"1355\" data-end=\"1712\"><em data-start=\"1355\" data-end=\"1371\">xTool F seeria<\/em> on hobiklassi kiudlaser metallide t\u00f6\u00f6tlemiseks. Need tagavad ereda, t\u00e4pse graveerimise ja kauakestvad tulemused isegi keerulistel pindadel. Suurep\u00e4rane valik neile, kes soovivad luua isikup\u00e4rastatud metallist tarvikuid, t\u00f6\u00f6riistu, nimesilte v\u00f5i isegi v\u00e4ikesemahulist tootmist.  <\/p>\n","protected":false},"featured_media":10967,"template":"","meta":{"_acf_changed":false},"product_brand":[],"product_cat":[413],"product_tag":[],"class_list":{"0":"post-11847","1":"product","2":"type-product","3":"status-publish","4":"has-post-thumbnail","6":"product_cat-xtool-hobby-diy","7":"","8":"woocommerce-text-align-center","9":"woocommerce-image-align-center","10":"wc-has-gallery","12":"first","13":"instock","14":"shipping-taxable","15":"product-type-simple"},"acf":[],"_links":{"self":[{"href":"https:\/\/eltechnika.eu\/et\/wp-json\/wp\/v2\/product\/11847","targetHints":{"allow":["GET"]}}],"collection":[{"href":"https:\/\/eltechnika.eu\/et\/wp-json\/wp\/v2\/product"}],"about":[{"href":"https:\/\/eltechnika.eu\/et\/wp-json\/wp\/v2\/types\/product"}],"wp:featuredmedia":[{"embeddable":true,"href":"https:\/\/eltechnika.eu\/et\/wp-json\/wp\/v2\/media\/10967"}],"wp:attachment":[{"href":"https:\/\/eltechnika.eu\/et\/wp-json\/wp\/v2\/media?parent=11847"}],"wp:term":[{"taxonomy":"product_brand","embeddable":true,"href":"https:\/\/eltechnika.eu\/et\/wp-json\/wp\/v2\/product_brand?post=11847"},{"taxonomy":"product_cat","embeddable":true,"href":"https:\/\/eltechnika.eu\/et\/wp-json\/wp\/v2\/product_cat?post=11847"},{"taxonomy":"product_tag","embeddable":true,"href":"https:\/\/eltechnika.eu\/et\/wp-json\/wp\/v2\/product_tag?post=11847"}],"curies":[{"name":"wp","href":"https:\/\/api.w.org\/{rel}","templated":true}]}}