{"id":11838,"date":"2025-10-02T15:29:30","date_gmt":"2025-10-02T12:29:30","guid":{"rendered":"https:\/\/eltechnika.eu\/produktas\/p-seeria-co2-lasergraveerimis-ja-loikamismasin\/"},"modified":"2025-10-23T15:51:28","modified_gmt":"2025-10-23T12:51:28","slug":"p-seeria-co2-lasergraveerimis-ja-loikamismasin","status":"publish","type":"product","link":"https:\/\/eltechnika.eu\/et\/toode\/p-seeria-co2-lasergraveerimis-ja-loikamismasin\/","title":{"rendered":"P-seeria: CO2 lasergraveerimis- ja l\u00f5ikamismasin"},"content":{"rendered":"<h1><strong>xTool P3 \u2013 lipulaev 80 W CO\u2082 laser koos intelligentse automaatikaga<\/strong><\/h1>\n<p>K\u00f5ige v\u00f5imsam, kiireim ja laiem t\u00f6\u00f6piirkond xTool CO\u2082 laser intelligentsete automatiseerimisfunktsioonidega. <strong>T\u00f6\u00f6ala 80 W CO\u2082,<\/strong> <strong>914 \u00d7 457 mm<\/strong> , kiirus kuni <strong>1,200 mm\/s<\/strong> \u2013 see on lauaarvuti laseri j\u00f5udluse j\u00e4rgmine p\u00f5lvkond. <\/p>\n<hr>\n<h2>\u2702\ufe0f <strong>Materjalide meister<\/strong><\/h2>\n<p>80 W CO\u2082 laser tagab puhtama l\u00f5ike oluliselt v\u00e4iksema s\u00fcsinikuga kui dioodlaserid. P3 sobib suurep\u00e4raselt <strong>l\u00e4bipaistva akr\u00fc\u00fcli<\/strong> ja isegi <strong>klaasi<\/strong> l\u00f5ikamiseks ja graveerimiseks \u2013 l\u00e4bipaistvate materjalide jaoks, millega dioodid tavaliselt toime ei tule. Alates <strong>20 mm puidust<\/strong> ja <strong>25 mm akr\u00fc\u00fclist<\/strong> kuni \u00f5hukeste kangasteni saab P3 hakkama k\u00f5igega.  <\/p>\n<hr>\n<h2>???? <strong>Kahe kaamera s\u00fcnergia ja 0,2 mm t\u00e4psus<\/strong><\/h2>\n<p>Kaks kaamerat t\u00f6\u00f6tavad \u00fchena: <strong>16 MP SkyView panoraamkaamera<\/strong> suurte projektide ja l\u00e4hiv\u00f5tete detailide jaoks, t\u00e4psusega <strong>~0,2 mm<\/strong> . S\u00fcsteem valib automaatselt sobivaima kaamera ja tagab t\u00e4iusliku sobitamise, alates siltidest kuni \u00fclipeente eheteni. <\/p>\n<hr>\n<h2>\u2b06\ufe0f\u2744\ufe0f <strong>AutoLift alus ja inverteri veejahuti<\/strong><\/h2>\n<p>Sisseehitatud <strong>AutoLift<\/strong> alus teravustab automaatselt ja tagab kuni <strong>220 mm<\/strong> vertikaalse k\u00f5rguse, mis on mugav paksude v\u00f5i pikkade objektide jaoks. Lisaks reguleerib <strong>kompressori inverteriga veejahuti<\/strong> t\u00e4pselt temperatuuri, s\u00e4ilitab stabiilse v\u00f5imsuse pikkadeks t\u00f6\u00f6deks ja pikendab seadme eluiga. <\/p>\n<hr>\n<h2>???? <strong>Vahetatavad fookusl\u00e4\u00e4tsed<\/strong><\/h2>\n<p>Valige objektiiv vastavalt \u00fclesandele:<\/p>\n<ul>\n<li><strong>S \u2013 38 mm<\/strong>: \u00fclipeente mustrite ja \u00f5hukese akr\u00fc\u00fclgraveeringu jaoks.<\/li>\n<li><strong>M \u2013 50 mm<\/strong>: universaalne igap\u00e4evastele materjalidele (puit, nahk, akr\u00fc\u00fcl) \u2014 <strong>sisaldub komplektis<\/strong>.<\/li>\n<li><strong>L \u2013 63 mm<\/strong>: Tiheda puidu, akr\u00fc\u00fcli, siledate servadega v\u00f5imsaks l\u00f5ikamiseks.<br \/>\nSuurused S ja L on lisaks.<\/li>\n<\/ul>\n<hr>\n<h2>\u267e\ufe0f  <strong>1 seade. 2 tehnoloogiat. \u221e v\u00f5imalused  <\/strong><\/h2>\n<p>Juhtige <strong>300+ materjali<\/strong> , kombineerides <strong>80 W CO\u2082<\/strong> l\u00f5ike ja <strong>5 W IR-mooduli<\/strong> t\u00e4pseks metallile graveerimiseks (IR-moodul m\u00fc\u00fcakse eraldi; tulekul hiljem).<\/p>\n<hr>\n<h2>???? <strong>ACS\u2122 \u2013 automatiseeritud loomiss\u00fcsteem<\/strong><\/h2>\n<p>Place &amp; Go t\u00f6\u00f6voog \u00fchendab arvutin\u00e4gemise, kauguse m\u00f5\u00f5tmise ja liikumise juhtimise:<\/p>\n<ul>\n<li><strong>Automaatne positsioneerimine<\/strong> \u2013 topeltkaamera loob koheselt vaate kogu alale (t\u00e4psus ~0,2 mm).<\/li>\n<li><strong>LiDAR Auto-Ranging<\/strong> \u2013 kontaktivaba kauguse m\u00f5\u00f5tmine t\u00e4iusliku teravustamise tagamiseks.<\/li>\n<li><strong>Automaatne fookuse t\u00f5stmine<\/strong> \u2013 AutoLift alus t\u00f5stab teid automaatselt ideaalsesse fookusesse.<\/li>\n<\/ul>\n<hr>\n<h2>????\u27a1\ufe0f <strong>Intelligentne konveieri s\u00f6\u00f6tur<\/strong><\/h2>\n<p>Muutke P3 suureformaadiliseks tootmist\u00f6\u00f6riistaks: s\u00fcsteem <strong>pingutab, tsentreerib ja<\/strong> s\u00f6\u00f6tab materjali automaatselt \u2013 alates \u00fclevaatusest kuni t\u00f6\u00f6tlemiseni. <strong>Alus<\/strong> paigaldatakse \u00fcks kord; Lisate r\u00f6\u00f6pad m\u00f5ne sekundiga. <\/p>\n<hr>\n<h2>???? <strong>MagSwap\u2122 RA3 p\u00f6\u00f6rlev<\/strong><\/h2>\n<ul>\n<li><strong>360\u00b0 LiDAR kaardistamine\u2122<\/strong> \u2013 ideaalne <strong>3D-eelvaade<\/strong> enne graveerimist.<\/li>\n<li><strong>Seconds to Swap<\/strong> on t\u00f6\u00f6riistavaba ja \u00fclikiire vahetus.<\/li>\n<li><strong>T-kujulised tangid<\/strong> tagavad parema haarde kuni <strong>130 mm<\/strong> l\u00e4bim\u00f5\u00f5duga servadega.<\/li>\n<li><strong>Partii<\/strong> \u2013 seeriagraveerimine kuni <strong>1 200 mm\/s<\/strong>.<\/li>\n<\/ul>\n<hr>\n<h2>????\ufe0f <strong>Mitmetasandiline turvalisus<\/strong><\/h2>\n<ul>\n<li><strong>Nutikas tuvastus<\/strong> \u2013 <strong>8<\/strong> leegiandurit, <strong>temperatuuriandur<\/strong> ja <strong>k\u00fclgkaamerad<\/strong> j\u00e4lgivad eelhoiatusega kogu t\u00f6\u00f6piirkonda ja isegi pr\u00fcgisahtlit.<\/li>\n<li><strong>Sisseehitatud 0,6 L CO\u2082 kustutuss\u00fcsteem<\/strong> \u2013 k\u00e4ivitub <strong>&lt;1 sekundiks<\/strong> ja kustutab kohe s\u00fc\u00fcte.<\/li>\n<li><strong>Sertifitseeritud klass 1<\/strong> \u2013 kaane\/pr\u00fcgikasti turvapidurid, <strong>E-Stop,<\/strong> v\u00f5tmelukk.<\/li>\n<li><strong>SafetyPro\u2122 AP2 Max<\/strong> \u2013 <strong>7-kihiline<\/strong> filter, <strong>SuperCyclone<\/strong>, \u00f5huvool kuni <strong>700 m\u00b3\/h<\/strong> .<\/li>\n<\/ul>\n<hr>\n<h2>???? <strong>Reaalajas kahe vaatega monitor<\/strong><\/h2>\n<p>J\u00e4lgige tootmist reaalajas \u2013 te ei j\u00e4ta \u00fchtegi detaili kahe silma vahele.<\/p>\n<hr>\n<h2>\u2699\ufe0f <strong>Tehnilised andmed<\/strong><\/h2>\n<table>\n<thead>\n<tr>\n<th>Millega<\/th>\n<th>V\u00e4\u00e4rtus<\/th>\n<\/tr>\n<\/thead>\n<tbody>\n<tr>\n<td><strong>Laseri<\/strong><\/td>\n<p> t\u00fc\u00fcp<\/p>\n<td>80 W CO\u2082 laser + 5 W IR-laser (valikuline)<\/td>\n<\/tr>\n<tr>\n<td><strong>T\u00f6\u00f6re\u017eiimid<\/strong><\/td>\n<td>Laserl\u00f5ikamine, lasergraveerimine<\/td>\n<\/tr>\n<tr>\n<td><strong>Toetatud materjalid<\/strong><\/td>\n<td><strong>L\u00f5ikamine:<\/strong> puit, akr\u00fc\u00fcl, kangas, nahk jne.<br \/>\n<strong>Graveering:<\/strong> metall, klaas, bambus, keraamika jne (300+ materjali) <\/td>\n<\/tr>\n<tr>\n<td><strong>T\u00f6\u00f6piirkond<\/strong><\/td>\n<td>914 \u00d7 457 mm<\/td>\n<\/tr>\n<tr>\n<td><strong>Maksimaalne t\u00f6\u00f6kiirus<\/strong><\/td>\n<td>1200 mm\/s, X-telje kiirendus 19 600 mm\/s\u00b2<\/td>\n<\/tr>\n<tr>\n<td><strong>Max. L\u00f5ike paksus (juuli) <\/strong><\/td>\n<td>20 mm \u00fche k\u00e4iguga<\/td>\n<\/tr>\n<tr>\n<td><strong>Max. L\u00f5ike paksus (akr\u00fc\u00fcl) <\/strong><\/td>\n<td>25 mm \u00fchekordse l\u00e4bimisega<\/td>\n<\/tr>\n<tr>\n<td><strong>Max. T\u00f6\u00f6tlemise k\u00f5rgus <\/strong><\/td>\n<td>220 mm<\/td>\n<\/tr>\n<tr>\n<td><strong>Max. P\u00f6\u00f6rleva graveeringu l\u00e4bim\u00f5\u00f5t <\/strong><\/td>\n<td>0-200 mm<\/td>\n<\/tr>\n<tr>\n<td><strong>Tarkvara<\/strong><\/td>\n<td>xTool Studio<\/td>\n<\/tr>\n<tr>\n<td><strong>\u00dchilduv OS<\/strong><\/td>\n<td>Windows \/ macOS<\/td>\n<\/tr>\n<tr>\n<td><strong>Suhtluse meetodid<\/strong><\/td>\n<td>USB\/Wi-Fi<\/td>\n<\/tr>\n<tr>\n<td><strong>Toetatud failid<\/strong><\/td>\n<td>SVG\/DXF\/JPG\/JPEG\/PNG\/BMP\/TIF<\/td>\n<\/tr>\n<tr>\n<td><strong>AImake \u00fchilduvus<\/strong><\/td>\n<td>Nii<\/td>\n<\/tr>\n<tr>\n<td><strong>ACS\u2122 (automatiseeritud loomiss\u00fcsteem\u2122)<\/strong><\/td>\n<td>Nii<\/td>\n<\/tr>\n<tr>\n<td><strong>Sisseehitatud kaamerad<\/strong><\/td>\n<td>16MP SkyView panoraamkaamera + l\u00e4hikaamera + 2 k\u00fclgkaamerat<\/td>\n<\/tr>\n<tr>\n<td><strong>Positsioneerimise meetod<\/strong><\/td>\n<td>Kahe kaamera positsioneerimine<\/td>\n<\/tr>\n<tr>\n<td><strong>Fookuse meetod<\/strong><\/td>\n<td>Automaatne teravustamine<\/td>\n<\/tr>\n<tr>\n<td><strong>Kauguse m\u00f5\u00f5tmise s\u00fcsteem<\/strong><\/td>\n<td>Lidar<\/td>\n<\/tr>\n<tr>\n<td><strong>\u00dclevaatuse meetod<\/strong><\/td>\n<td>Nutikaamera eelvaade<\/td>\n<\/tr>\n<tr>\n<td><strong>Laserpunkti suurus<\/strong><\/td>\n<td>S-objektiiv: 0,14 \u00d7 0,16 mm (valikuline)<br \/>\nM-objektiiv: 0,15 \u00d7 0,18 mm (standardne)<br \/>\n L-objektiiv: 0,18 \u00d7 0,20 mm (valikuline)<\/td>\n<\/tr>\n<tr>\n<td><strong>Positsioneerimise t\u00e4psus<\/strong><\/td>\n<td>0,2 mm (kaamera)<\/td>\n<\/tr>\n<tr>\n<td><strong>Liikumise t\u00e4psus<\/strong><\/td>\n<td>0,01 mm<\/td>\n<\/tr>\n<tr>\n<td><strong>Turvalisuse sertifitseerimine<\/strong><\/td>\n<td>1. klassi laserohutus<\/td>\n<\/tr>\n<tr>\n<td><strong>Seadme m\u00f5\u00f5tmed<\/strong><\/td>\n<td>1250 \u00d7 780 \u00d7 496 mm<\/td>\n<\/tr>\n<tr>\n<td><strong>Seadme kaal<\/strong><\/td>\n<td>105 kg<\/td>\n<\/tr>\n<tr>\n<td><strong>Max. Energiakulu <\/strong><\/td>\n<td>1400 W<\/td>\n<\/tr>\n<tr>\n<td><strong>Toiteadapteri pinge<\/strong><\/td>\n<td>100\u2013240 V vahelduvvool, 50 Hz<\/td>\n<\/tr>\n<\/tbody>\n<\/table>\n<h2>Saadaolevad komplektid:<\/h2>\n<table>\n<tbody>\n<tr>\n<td><img decoding=\"async\" class=\"aligncenter\" src=\"https:\/\/eltechnika.eu\/wp-content\/uploads\/2025\/10\/xtool-p3-438188-1-160x160.jpg\" alt=\"Eraldiseisev\"><\/td>\n<td><img decoding=\"async\" class=\"aligncenter\" src=\"https:\/\/eltechnika.eu\/wp-content\/uploads\/2025\/10\/p3-co2-laser-160x160.jpg\" alt=\"Mitmek\u00fclgne komplekt\"><\/td>\n<td><img decoding=\"async\" class=\"aligncenter\" src=\"https:\/\/eltechnika.eu\/wp-content\/uploads\/2025\/10\/XP3-AIOB-160x160.jpg\" alt=\"K\u00f5ik-\u00fches komplekt\"><\/td>\n<\/tr>\n<tr>\n<td style=\"text-align: center;\"><strong>Eraldiseisev<\/strong><\/td>\n<td style=\"text-align: center;\"><strong>Mitmek\u00fclgne komplekt<\/strong><\/td>\n<td style=\"text-align: center;\"><strong>K\u00f5ik-\u00fches komplekt<\/strong><\/td>\n<\/tr>\n<tr>\n<td style=\"text-align: center;\"><small><br \/>\nAinult P3 seade. Sobib, kui plaanite valida tarvikuid (p\u00f6\u00f6rlev\/s\u00f6\u00f6tur\/filtreerimine) eraldi.<br \/>\n<\/small><\/td>\n<td style=\"text-align: center;\"><small><br \/>\n+ <strong>Mobiilne t\u00f6\u00f6alus<\/strong> Tugev alus, <strong>RA3 MagSwap\u2122 p\u00f6\u00f6rdlaud<\/strong> silindrilisteks t\u00f6\u00f6deks, <strong>intelligentne konveieris\u00f6\u00f6tur<\/strong> pikkade toorikute jaoks<br \/>\n<\/small><\/td>\n<td style=\"text-align: center;\"><small><br \/>\nK\u00f5ik Versatile + <strong>SafetyPro\u2122 AP2-lt (\u00f5hufiltreerimisseade)<\/strong> ohutumaks siseruumides t\u00f6\u00f6tamiseks.<br \/>\n<\/small><\/td>\n<\/tr>\n<\/tbody>\n<\/table>\n","protected":false},"excerpt":{"rendered":"<p data-start=\"1355\" data-end=\"1712\"><em data-start=\"920\" data-end=\"936\">xTool P-seeria<\/em> on kompaktsed CO\u2082-laserid, mis on m\u00f5eldud t\u00f5sisemate hobi- v\u00f5i v\u00e4ikeettev\u00f5tete projektide jaoks. Need pakuvad suuremat v\u00f5imsust, t\u00e4psust ja v\u00f5imalusi kui dioodlaserid, mist\u00f5ttu sobivad need suurep\u00e4raselt nii l\u00f5ikamiseks kui ka graveerimiseks.<br data-start=\"1145\" data-end=\"1148\">P-seeria seadmed v\u00f5imaldavad teil t\u00f6\u00f6tada laiema materjalivalikuga ja saavutada k\u00f5rge kvaliteedi m\u00fc\u00fcgil olevate kaunistuste, aksessuaaride, kinketoodete v\u00f5i v\u00e4ikeste seeriate tootmisel. <\/p>\n","protected":false},"featured_media":11065,"template":"","meta":{"_acf_changed":false},"product_brand":[],"product_cat":[413],"product_tag":[],"class_list":{"0":"post-11838","1":"product","2":"type-product","3":"status-publish","4":"has-post-thumbnail","6":"product_cat-xtool-hobby-diy","7":"","8":"woocommerce-text-align-center","9":"woocommerce-image-align-center","10":"wc-has-gallery","12":"first","13":"instock","14":"shipping-taxable","15":"product-type-simple"},"acf":[],"_links":{"self":[{"href":"https:\/\/eltechnika.eu\/et\/wp-json\/wp\/v2\/product\/11838","targetHints":{"allow":["GET"]}}],"collection":[{"href":"https:\/\/eltechnika.eu\/et\/wp-json\/wp\/v2\/product"}],"about":[{"href":"https:\/\/eltechnika.eu\/et\/wp-json\/wp\/v2\/types\/product"}],"wp:featuredmedia":[{"embeddable":true,"href":"https:\/\/eltechnika.eu\/et\/wp-json\/wp\/v2\/media\/11065"}],"wp:attachment":[{"href":"https:\/\/eltechnika.eu\/et\/wp-json\/wp\/v2\/media?parent=11838"}],"wp:term":[{"taxonomy":"product_brand","embeddable":true,"href":"https:\/\/eltechnika.eu\/et\/wp-json\/wp\/v2\/product_brand?post=11838"},{"taxonomy":"product_cat","embeddable":true,"href":"https:\/\/eltechnika.eu\/et\/wp-json\/wp\/v2\/product_cat?post=11838"},{"taxonomy":"product_tag","embeddable":true,"href":"https:\/\/eltechnika.eu\/et\/wp-json\/wp\/v2\/product_tag?post=11838"}],"curies":[{"name":"wp","href":"https:\/\/api.w.org\/{rel}","templated":true}]}}