{"id":11837,"date":"2025-10-02T17:15:25","date_gmt":"2025-10-02T14:15:25","guid":{"rendered":"https:\/\/eltechnika.eu\/produktas\/dtf-printer-riietele-printimiseks\/"},"modified":"2025-10-23T15:51:27","modified_gmt":"2025-10-23T12:51:27","slug":"dtf-printer-riietele-printimiseks","status":"publish","type":"product","link":"https:\/\/eltechnika.eu\/et\/toode\/dtf-printer-riietele-printimiseks\/","title":{"rendered":"DTF-printer riietele printimiseks"},"content":{"rendered":"<h1><strong>xTooli r\u00f5ivaprinter \u2013 \u00fche kl\u00f5psuga DTF-printer<\/strong><\/h1>\n<p>xTool Apparel Printer loob DTF-printimislahenduse, kus kogu protsess \u2013 printimine, pulberv\u00e4rvimine, kuivatamine \u2013 toimub automaatselt \u00fche kl\u00f5psuga.<\/p>\n<hr>\n<h2>???? ???????? <strong>\u00dche kl\u00f5psuga k\u00fcpsetamiseks printimise protsess<\/strong><\/h2>\n<p>K\u00f5ik etapid \u2013 tr\u00fckkimine, pulberv\u00e4rvimine, loksutamine, kuivatamine \u2013 on integreeritud \u00fchte s\u00fcsteemi. Mugav t\u00f6\u00f6protsess ilma k\u00e4sitsi erinevatele seadmetele l\u00fclitumata. <\/p>\n<hr>\n<h2>???? <strong>Tr\u00fckised k\u00f5ikidele kangastele<\/strong><\/h2>\n<p>Seade t\u00f6\u00f6tab kompromissideta nii heledate kui ka tumedate kangastega. Saab printida T-s\u00e4rkidele, dressipluusidele, kottidele ja muud t\u00fc\u00fcpi kangastele. <\/p>\n<hr>\n<h2>???? <strong>Hooldus ja automaatne hooldus (SmartCycle\u2122)<\/strong><\/h2>\n<p>Printer j\u00e4lgib pidevalt niiskust ja temperatuuri, puhastab automaatselt prindipead ja tsirkuleerib ummistumise v\u00e4ltimiseks valget tinti.<\/p>\n<hr>\n<h2>???? <strong>V\u00e4rvide t\u00e4psus ja tehnoloogia<\/strong><\/h2>\n<ul>\n<li>Kasutatakse kahte <strong>Epson I1600 prindipead<\/strong>, mis t\u00f6\u00f6tavad koos \u2013 \u00fcks kannab tumedale kangale v\u00e4rvilist ja teine valget tinti.<\/li>\n<li><strong>G7 sertifikaat<\/strong> \u2013 V\u00e4rve hallatakse t\u00e4pselt reprodutseerima vastavalt t\u00f6\u00f6stusstandarditele.<\/li>\n<\/ul>\n<hr>\n<h2>???? <strong>K\u00f5ik-\u00fches tarkvara, lihtne printimine<\/strong><\/h2>\n<p>Kogu t\u00f6\u00f6voogu \u2013 alates disainist kuni valmisfilmini \u2013 hallatakse <strong>\u00fches tarkvaras<\/strong>.<\/p>\n<ul>\n<li>Enam pole vaja \u00fchendada 3-5 eraldi rakendust v\u00f5i lisandmoodulit.<\/li>\n<li>Intuitiivne liides, mis on m\u00f5eldud nii algajatele kui ka professionaalidele.<\/li>\n<li>V\u00f5imalus printida t\u00e4pselt ja j\u00e4rjepidevalt, ilma lisat\u00f6\u00f6deta.<\/li>\n<\/ul>\n<hr>\n<h2>\u23f1\ufe0f <strong>Vabastage 1-tunnine printimis- ja k\u00fcpsetamispotentsiaal<\/strong><\/h2>\n<p>Print-to-Bake automatiseerimisega v\u00f5imaldab xTool Apparel Printer valmistada umbes <strong>4,6 m\u00b2 prinditud ja k\u00fcpsetatud kilet<\/strong> <strong>1 tunniga<\/strong>.<\/p>\n<ul>\n<li>T\u00f5hus seeriatootmises.<\/li>\n<li>Sobib nii v\u00e4ikestele kui ka keskmise suurusega partiidele.<\/li>\n<li>V\u00f5imaldab v\u00e4hendada t\u00f6\u00f6j\u00f5uvajadust ja vigade arvu.<\/li>\n<\/ul>\n<hr>\n<h2>\u2699\ufe0f <strong>T\u00f6\u00f6parameetrid<\/strong><\/h2>\n<table>\n<thead>\n<tr>\n<th>Millega<\/th>\n<th>V\u00e4\u00e4rtus<\/th>\n<\/tr>\n<\/thead>\n<tbody>\n<tr>\n<td><strong>Prindi laius<\/strong><\/td>\n<td>356 mm<\/td>\n<\/tr>\n<tr>\n<td><strong>Maksimaalne prindiala<\/strong><\/td>\n<td>356 mm \u00d7 460 mm<\/td>\n<\/tr>\n<tr>\n<td><strong>Printimise re\u017eiim<\/strong><\/td>\n<td>\u00dche lehega s\u00f6\u00f6detud\/rulls\u00f6\u00f6tmine (tutvustatakse hiljem)<\/td>\n<\/tr>\n<tr>\n<td><strong>Prindipead<\/strong><\/td>\n<td>Uue p\u00f5lvkonna kahekordsed prindipead<\/td>\n<\/tr>\n<tr>\n<td><strong>V\u00e4rvide haldamine<\/strong><\/td>\n<td>G7 v\u00e4rvi standard<\/td>\n<\/tr>\n<tr>\n<td><strong>\u00dchilduvad s\u00fcsteemid<\/strong><\/td>\n<td>Windows \/ macOS<\/td>\n<\/tr>\n<tr>\n<td><strong>M\u00f5\u00f5tmed (printeri soolo suurus)<\/strong><\/td>\n<td>905 \u00d7 365 \u00d7 356,5 mm<\/td>\n<\/tr>\n<tr>\n<td><strong>Kaal<\/strong><\/td>\n<td>34 kg<\/td>\n<\/tr>\n<tr>\n<td><strong>Printeri puhkere\u017eiimi energiatarve<\/strong><\/td>\n<td>23,5 W (umbes 0,5 kWh p\u00e4evas)<\/td>\n<\/tr>\n<tr>\n<td><strong>T\u00f6\u00f6temperatuur<\/strong><\/td>\n<td>15-30 \u00b0C (soovitatav 20-30 \u00b0C)<\/td>\n<\/tr>\n<tr>\n<td><strong>T\u00f6\u00f6niiskus<\/strong><\/td>\n<td>30% \u2013 80% suhteline \u00f5huniiskus (soovitatav 50% \u2013 80%)<\/td>\n<\/tr>\n<\/tbody>\n<\/table>\n<h2>Saadaolevad komplektid:<\/h2>\n<table>\n<tbody>\n<tr>\n<td><img decoding=\"async\" class=\"aligncenter\" src=\"https:\/\/eltechnika.eu\/wp-content\/uploads\/2025\/10\/xtool-dtf-printer-160x160.jpg\" alt=\"Eraldiseisev\"><\/td>\n<td><img decoding=\"async\" class=\"aligncenter\" src=\"https:\/\/eltechnika.eu\/wp-content\/uploads\/2025\/10\/xtool-dtf-printer-versatile-bundle-160x160.jpg\" alt=\"Mitmek\u00fclgne komplekt\"><\/td>\n<td><img decoding=\"async\" class=\"aligncenter\" src=\"https:\/\/eltechnika.eu\/wp-content\/uploads\/2025\/10\/xtool-dtf-printer-all-in-one-bundle-160x160.jpg\" alt=\"K\u00f5ik-\u00fches komplekt\"><\/td>\n<\/tr>\n<tr>\n<td style=\"text-align: center;\"><strong>Eraldiseisev<\/strong><\/td>\n<td style=\"text-align: center;\"><strong>Mitmek\u00fclgne komplekt<\/strong><\/td>\n<td style=\"text-align: center;\"><strong>K\u00f5ik-\u00fches komplekt<\/strong><\/td>\n<\/tr>\n<tr>\n<td style=\"text-align: center;\"><small>Ainult printer, ilma loksuti-ahju v\u00f5i filtriseadmeteta, on m\u00f5eldud neile, kellel on juba kuivatus- ja t\u00f6\u00f6tlemisseadmed.<\/small><\/td>\n<td style=\"text-align: center;\"><small>Printer + automaatne loksuti-ahi (pulberv\u00e4rvimine, loksutamine, kuivatamine) \u2013 kiire algus.<\/small><\/td>\n<td style=\"text-align: center;\"><small>T\u00e4ielik pakett: printer + loksuti-ahi + \u00f5hufiltreerimisseade \u2013 professionaalne, ohutu ja valmis t\u00e4ielikuks tootmiskeskkonnaks.<\/small><\/td>\n<\/tr>\n<\/tbody>\n<\/table>\n","protected":false},"excerpt":{"rendered":"<p data-start=\"1355\" data-end=\"1712\"><em data-start=\"1747\" data-end=\"1783\">DTF (Direct-to-Film) printerid<\/em> on uuenduslik tekstiilitr\u00fckitehnoloogia, mis v\u00f5imaldab luua v\u00e4rvilisi, erksaid ja vastupidavaid kujundusi T-s\u00e4rkidele, dressipluusidele, kottidele ja muudele kangastele. See on mugav lahendus v\u00e4ikeettev\u00f5tetele, reklaamiagentuuridele v\u00f5i loomeprojektidele, sest tr\u00fckkimine ei n\u00f5ua keerulisi ettevalmistusprotsesse ning tulemus saadakse kiiresti ja kvaliteetselt. <\/p>\n","protected":false},"featured_media":11200,"template":"","meta":{"_acf_changed":false},"product_brand":[],"product_cat":[413],"product_tag":[],"class_list":{"0":"post-11837","1":"product","2":"type-product","3":"status-publish","4":"has-post-thumbnail","6":"product_cat-xtool-hobby-diy","7":"","8":"woocommerce-text-align-center","9":"woocommerce-image-align-center","10":"wc-has-gallery","12":"first","13":"instock","14":"shipping-taxable","15":"product-type-simple"},"acf":[],"_links":{"self":[{"href":"https:\/\/eltechnika.eu\/et\/wp-json\/wp\/v2\/product\/11837","targetHints":{"allow":["GET"]}}],"collection":[{"href":"https:\/\/eltechnika.eu\/et\/wp-json\/wp\/v2\/product"}],"about":[{"href":"https:\/\/eltechnika.eu\/et\/wp-json\/wp\/v2\/types\/product"}],"wp:featuredmedia":[{"embeddable":true,"href":"https:\/\/eltechnika.eu\/et\/wp-json\/wp\/v2\/media\/11200"}],"wp:attachment":[{"href":"https:\/\/eltechnika.eu\/et\/wp-json\/wp\/v2\/media?parent=11837"}],"wp:term":[{"taxonomy":"product_brand","embeddable":true,"href":"https:\/\/eltechnika.eu\/et\/wp-json\/wp\/v2\/product_brand?post=11837"},{"taxonomy":"product_cat","embeddable":true,"href":"https:\/\/eltechnika.eu\/et\/wp-json\/wp\/v2\/product_cat?post=11837"},{"taxonomy":"product_tag","embeddable":true,"href":"https:\/\/eltechnika.eu\/et\/wp-json\/wp\/v2\/product_tag?post=11837"}],"curies":[{"name":"wp","href":"https:\/\/api.w.org\/{rel}","templated":true}]}}