{"id":10531,"date":"2025-08-27T17:24:59","date_gmt":"2025-08-27T14:24:59","guid":{"rendered":"https:\/\/eltechnika.eu\/produktas\/toostuslik-suitsu-ja-tolmukollektor-todc-4b\/"},"modified":"2025-08-27T18:26:31","modified_gmt":"2025-08-27T15:26:31","slug":"toostuslik-suitsu-ja-tolmukollektor-todc-4b","status":"publish","type":"product","link":"https:\/\/eltechnika.eu\/et\/toode\/toostuslik-suitsu-ja-tolmukollektor-todc-4b\/","title":{"rendered":"T\u00f6\u00f6stuslik suitsu- ja tolmukollektor TODC-4B"},"content":{"rendered":"<h2>TODC-4L: Puhas \u00f5hk &#8211; ohutu t\u00f6\u00f6koht<\/h2>\n<p>Intensiivsed tootmisprotsessid, nagu laserl\u00f5ikus, keevitamine v\u00f5i freesimine, paiskavad keskkonda suures koguses kahjulikke osakesi ja gaase. Need saasteained ei kujuta endast mitte ainult otsest ohtu t\u00f6\u00f6tajate hingamisteedele ja \u00fcldisele tervisele, vaid v\u00f5ivad ka kahjustada tundlikke t\u00f6\u00f6stusseadmeid, kuna need satuvad optikale, elektroonikale v\u00f5i mehaanilistele komponentidele. T\u00f6\u00f6stuskollektor TODC-4L on m\u00f5eldud selle probleemi t\u00f5husaks lahendamiseks, filtreerides \u00f5hku ja tagastades selle puhtana ja ohutuna ruumi.  <\/p>\n<h2>T\u00e4iustatud 4-astmeline filtreerimiss\u00fcsteem<\/h2>\n<p>TODC-4L-i t\u00f5hususe saladus on selle j\u00e4rjepidev mitmeastmeline filtreerimiss\u00fcsteem, mis p\u00fc\u00fcab kinni eri suurusega osakesi ja gaase, tagades maksimaalse \u00f5hupuhastuse:<\/p>\n<ol>\n<li><strong>Eelfilter:<\/strong> esimene takistus, mis p\u00fc\u00fcab kinni k\u00f5ige j\u00e4medamad tolmuosakesed, metallilaastud ja s\u00e4demed. See kaitseb selle all olevaid filtreid kiire m\u00e4\u00e4rdumise ja kahjustuste eest. <\/li>\n<li><strong>Keskmine filter:<\/strong> p\u00fc\u00fcab peenemaid tolmuosakesi, pikendades peamise HEPA-filtri kasutusiga.<\/li>\n<li><strong>HEPA-filter:<\/strong> see on peamine filter, mis vastutab k\u00f5ige peenemate ja ohtlikumate osakeste (kuni 0,3 mikronit), sealhulgas suitsu ja aerosoolide kogumise eest. Selle t\u00f5husus on kuni 99,97%. <\/li>\n<li><strong>Aktiivs\u00f6efilter:<\/strong> viimane etapp, mis neutraliseerib ebameeldivad l\u00f5hnad, lenduvad orgaanilised \u00fchendid (VOC) ja muud kahjulikud gaasid, mis eralduvad plastiku, akr\u00fc\u00fcli v\u00f5i muude kemikaalide l\u00f5ikamisel.<\/li>\n<\/ol>\n<h2>M\u00f5eldud t\u00f6\u00f6stuslikuks kasutamiseks<\/h2>\n<p>TODC-4L-i iga detail on l\u00e4bi m\u00f5eldud, et tagada mugav ja t\u00f5hus kasutamine t\u00f6\u00f6stuskeskkonnas.<\/p>\n<ul>\n<li><strong>V\u00f5imas imemine:<\/strong> k\u00f5rgsurve, kuid vaikne mootor tekitab tugeva imemise, mis korjab saasteained t\u00f5husalt otse nende tekkimise allikast.<\/li>\n<li><strong>Mobiilsus ja paindlikkus:<\/strong> seade on varustatud ratastega, mis v\u00f5imaldab seda h\u00f5lpsasti t\u00f6\u00f6ks vajalikku kohta liigutada. Kaasasolevad paindlikud voolikud v\u00f5imaldavad kollektorit mugavalt \u00fchendada mis tahes seadmetega. <\/li>\n<li><strong>Vastupidav konstruktsioon:<\/strong> metallist korpus on vastupidav mehaanilistele kahjustustele ja m\u00f5eldud intensiivseks kasutamiseks t\u00f6\u00f6koja tingimustes.<\/li>\n<li><strong>Lihtne hooldus:<\/strong> filtrid on kergesti ligip\u00e4\u00e4setavad ja kiiresti vahetatavad ning filtri oleku indikaator annab teile teada, kui on aeg vahetada.<\/li>\n<\/ul>\n<h3>Rakendusvaldkonnad:<\/h3>\n<ul>\n<li>Laserl\u00f5ikamine ja graveerimine (CO2 ja kiudoptiline)<\/li>\n<li>CNC freesimine ja graveerimine<\/li>\n<li>Keevitamine, jootmine ja metalli lihvimine<\/li>\n<li>3D printimine (FDM, SLA)<\/li>\n<li>Elektroonika tootmine ja remont<\/li>\n<li>keemialaborid ja muud t\u00f6\u00f6stusharud, kus eraldub tolmu ja suitsu.<\/li>\n<\/ul>\n<table width=\"454\">\n<tbody>\n<tr>\n<td width=\"261\">Tehnilised andmed<\/td>\n<td width=\"193\"><\/td>\n<\/tr>\n<tr data-start=\"929\" data-end=\"991\">\n<td width=\"261\" data-start=\"929\" data-end=\"962\" data-col-size=\"sm\">Mudel<\/td>\n<td width=\"193\" data-col-size=\"sm\" data-start=\"962\" data-end=\"991\">TODC-4B<\/td>\n<\/tr>\n<tr data-start=\"992\" data-end=\"1054\">\n<td width=\"261\" data-start=\"992\" data-end=\"1025\" data-col-size=\"sm\">Filtrite arv<\/td>\n<td width=\"193\" data-col-size=\"sm\" data-start=\"1025\" data-end=\"1054\">4 tk kassetti <\/td>\n<\/tr>\n<tr data-start=\"1055\" data-end=\"1117\">\n<td width=\"261\" data-start=\"1055\" data-end=\"1088\" data-col-size=\"sm\">Filtreerimisala<\/td>\n<td width=\"193\" data-col-size=\"sm\" data-start=\"1088\" data-end=\"1117\">80 m\u00b2<\/td>\n<\/tr>\n<tr data-start=\"1118\" data-end=\"1180\">\n<td width=\"261\" data-start=\"1118\" data-end=\"1151\" data-col-size=\"sm\">Filtreerimise t\u00f5husus<\/td>\n<td width=\"193\" data-col-size=\"sm\" data-start=\"1151\" data-end=\"1180\">99,99 %<\/td>\n<\/tr>\n<tr data-start=\"1181\" data-end=\"1243\">\n<td width=\"261\" data-start=\"1181\" data-end=\"1214\" data-col-size=\"sm\">\u00d5huvool<\/td>\n<td width=\"193\" data-col-size=\"sm\" data-start=\"1214\" data-end=\"1243\">~4000 m\u00b3\/h<\/td>\n<\/tr>\n<tr data-start=\"1244\" data-end=\"1306\">\n<td width=\"261\" data-start=\"1244\" data-end=\"1277\" data-col-size=\"sm\">Puhuri v\u00f5imsus<\/td>\n<td width=\"193\" data-col-size=\"sm\" data-start=\"1277\" data-end=\"1306\">5,5 kW (Siemens)<\/td>\n<\/tr>\n<tr data-start=\"1307\" data-end=\"1369\">\n<td width=\"261\" data-start=\"1307\" data-end=\"1340\" data-col-size=\"sm\">Kogumiskonteineri mahutavus<\/td>\n<td width=\"193\" data-col-size=\"sm\" data-start=\"1340\" data-end=\"1369\">45 l<\/td>\n<\/tr>\n<tr data-start=\"1370\" data-end=\"1432\">\n<td width=\"261\" data-start=\"1370\" data-end=\"1403\" data-col-size=\"sm\">Surve<\/td>\n<td width=\"193\" data-col-size=\"sm\" data-start=\"1403\" data-end=\"1432\">3000 Pa<\/td>\n<\/tr>\n<tr data-start=\"1433\" data-end=\"1499\">\n<td width=\"261\" data-start=\"1433\" data-end=\"1466\" data-col-size=\"sm\">Vajalik suru\u00f5hk<\/td>\n<td width=\"193\" data-col-size=\"sm\" data-start=\"1466\" data-end=\"1499\">0,6 MPa, \u00f5li- ja niiskusevaba<\/td>\n<\/tr>\n<tr data-start=\"1500\" data-end=\"1562\">\n<td width=\"261\" data-start=\"1500\" data-end=\"1533\" data-col-size=\"sm\">Toitlustamine<\/td>\n<td width=\"193\" data-col-size=\"sm\" data-start=\"1533\" data-end=\"1562\">3 faasi, 380 V<\/td>\n<\/tr>\n<tr data-start=\"1563\" data-end=\"1625\">\n<td width=\"261\" data-start=\"1563\" data-end=\"1596\" data-col-size=\"sm\">Heitkoguste \u00f5husaaste<\/td>\n<td width=\"193\" data-col-size=\"sm\" data-start=\"1596\" data-end=\"1625\">&lt;10 mg\/m\u00b3<\/td>\n<\/tr>\n<tr data-start=\"1626\" data-end=\"1688\">\n<td width=\"261\" data-start=\"1626\" data-end=\"1659\" data-col-size=\"sm\">Kaal<\/td>\n<td width=\"193\" data-col-size=\"sm\" data-start=\"1659\" data-end=\"1688\">~700 kg<\/td>\n<\/tr>\n<\/tbody>\n<\/table>\n","protected":false},"excerpt":{"rendered":"<p>TODC-4L t\u00f6\u00f6stuslik tolmu- ja suitsusegude koguja on teie lahendus puhta ja ohutu t\u00f6\u00f6keskkonna loomiseks. V\u00f5imas <strong>mitmeastmeline filtreerimiss\u00fcsteem HEPA- ja aktiivs\u00f6efiltritega<\/strong> p\u00fc\u00fcab t\u00f5husalt \u00e4ra ohtlikud aurud, peentolmu ja lenduvad orgaanilised \u00fchendid (VOC), mis tekivad laserl\u00f5ikamise, graveerimise, keevitamise v\u00f5i CNC-freesimise k\u00e4igus. Kaitske oma t\u00f6\u00f6tajate tervist, pikendage oma kallite seadmete kasutusiga ja j\u00e4rgige t\u00f6\u00f6ohutusn\u00f5udeid.  <\/p>\n","protected":false},"featured_media":10520,"template":"","meta":{"_acf_changed":false},"product_brand":[],"product_cat":[385],"product_tag":[],"class_list":{"0":"post-10531","1":"product","2":"type-product","3":"status-publish","4":"has-post-thumbnail","6":"product_cat-fiiberlaseriga-metalliloikamismasinad","7":"","8":"woocommerce-text-align-center","9":"woocommerce-image-align-center","11":"first","12":"instock","13":"shipping-taxable","14":"product-type-simple"},"acf":[],"_links":{"self":[{"href":"https:\/\/eltechnika.eu\/et\/wp-json\/wp\/v2\/product\/10531","targetHints":{"allow":["GET"]}}],"collection":[{"href":"https:\/\/eltechnika.eu\/et\/wp-json\/wp\/v2\/product"}],"about":[{"href":"https:\/\/eltechnika.eu\/et\/wp-json\/wp\/v2\/types\/product"}],"wp:featuredmedia":[{"embeddable":true,"href":"https:\/\/eltechnika.eu\/et\/wp-json\/wp\/v2\/media\/10520"}],"wp:attachment":[{"href":"https:\/\/eltechnika.eu\/et\/wp-json\/wp\/v2\/media?parent=10531"}],"wp:term":[{"taxonomy":"product_brand","embeddable":true,"href":"https:\/\/eltechnika.eu\/et\/wp-json\/wp\/v2\/product_brand?post=10531"},{"taxonomy":"product_cat","embeddable":true,"href":"https:\/\/eltechnika.eu\/et\/wp-json\/wp\/v2\/product_cat?post=10531"},{"taxonomy":"product_tag","embeddable":true,"href":"https:\/\/eltechnika.eu\/et\/wp-json\/wp\/v2\/product_tag?post=10531"}],"curies":[{"name":"wp","href":"https:\/\/api.w.org\/{rel}","templated":true}]}}