{"id":10530,"date":"2025-08-27T17:14:58","date_gmt":"2025-08-27T14:14:58","guid":{"rendered":"https:\/\/eltechnika.eu\/produktas\/el-6060p-korge-tapsusega-kiudmetallide-loikamise-masin\/"},"modified":"2025-08-27T18:26:30","modified_gmt":"2025-08-27T15:26:30","slug":"el-6060p-korge-tapsusega-kiudmetallide-loikamise-masin","status":"publish","type":"product","link":"https:\/\/eltechnika.eu\/et\/toode\/el-6060p-korge-tapsusega-kiudmetallide-loikamise-masin\/","title":{"rendered":"EL-6060P K\u00f5rge t\u00e4psusega kiudmetallide l\u00f5ikamise masin"},"content":{"rendered":"<h2>ELTECHNIKA EL-6060P: Automatiseeritud torude ja profiilide l\u00f5ikamine<\/h2>\n<p>H\u00fcvasti ebat\u00f5husate ja ebat\u00e4psete metalltorude l\u00f5ikamismeetoditega, nagu n\u00e4iteks nurklihvijad v\u00f5i lintsaed. ELTECHNIKA EL-6060P kiudoptiline laserl\u00f5ikur on kaasaegne lahendus, mis on m\u00f5eldud torude ja profiilide ettevalmistamise protsessi t\u00e4ielikuks automatiseerimiseks. See masin mitte ainult ei l\u00f5ika, vaid suudab ka keerulisi kujundeid, auke, \u00fchendusi ja mustreid l\u00f5igata v\u00f5rratu t\u00e4psuse ja kiirusega. See on investeering, mis v\u00f5imaldab valmistada keerulisemaid konstruktsioone kiiremini, t\u00e4psemalt ja madalama hinnaga.   <\/p>\n<h2>Intelligentne automatiseerimine maksimaalse tootlikkuse saavutamiseks<\/h2>\n<p>\u00dcks EL-6060P suurimaid tugevusi on selle keerukas automaatikas\u00fcsteem, mis v\u00f5imaldab masinal t\u00f6\u00f6tada peaaegu ilma operaatori sekkumiseta.<\/p>\n<h3>T\u00e4iesti automaatne laadimine ja mahalaadimine<\/h3>\n<p>Masinad on varustatud automaatse &#8220;kimbu laadimiss\u00fcsteemiga&#8221;, mis v\u00f5tab kogu torupaketi \u00fcles, eraldab need automaatselt ja suunab need \u00fckshaaval l\u00f5iketsooni. P\u00e4rast l\u00f5ikamist laaditakse valmis osad automaatselt v\u00e4lja. See v\u00f5imaldab masina pidevat t\u00f6\u00f6tamist, kuni materjalid on k\u00e4ttesaadavad, samal ajal kui operaator saab teha muid t\u00f6id. See v\u00e4hendab oluliselt t\u00f6\u00f6j\u00f5ukulusid ja suurendab tootlikkust.   <\/p>\n<h3>Poolautomaatne laadimine<\/h3>\n<p>Kui teil on vaja t\u00f6\u00f6delda \u00fcksikuid, mittestandardseid profiile v\u00f5i v\u00e4iksemaid tellimusi, on masinal ka poolautomaatne laadimine. Operaator saab lihtsalt ja kiiresti \u00fcksikut t\u00f6\u00f6deldavat detaili k\u00e4sitsi sisestada, mis annab suurema paindlikkuse tootmises. <\/p>\n<h2>T\u00e4pne l\u00f5ikamine iga kord<\/h2>\n<p>EL-6060P on loodud maksimaalse t\u00e4psuse ja l\u00f5ikekvaliteedi tagamiseks, s\u00f5ltumata profiili kujust v\u00f5i suurusest.<\/p>\n<ul>\n<li><strong>Kaks pneumaatilist pingutuspinki (Chuck):<\/strong> esi- ja tagapinkid kinnitavad ja p\u00f6\u00f6rlevad t\u00f6\u00f6deldavat detaili s\u00fcnkroonselt l\u00f5ikamise ajal. See tagab, et isegi \u00f5hukese seinaga profiilid ei deformeeru ja j\u00e4\u00e4vad kogu protsessi jooksul stabiilseks. <\/li>\n<li><strong>Servomootorid:<\/strong> k\u00f5iki telgesid juhivad kvaliteetsed servomootorid, mis tagavad kiire, t\u00e4pse ja sujuva liikumise.<\/li>\n<li><strong>Minimaalne raiskamine:<\/strong> nutikas konstruktsioon v\u00f5imaldab tagumise klambri v\u00f5imalikult l\u00e4hedale l\u00f5ikepinnale, j\u00e4ttes v\u00e4ga l\u00fchikese kasutamata materjali j\u00e4\u00e4gi.<\/li>\n<\/ul>\n<h2>Mitmek\u00fclgsus: mehaaniliselt t\u00f6\u00f6deldavad torud ja profiilid<\/h2>\n<p>See masin suudab t\u00f5husalt l\u00f5igata erineva kujuga torusid ja profiile, mis on valmistatud mustast terasest, roostevabast terasest, alumiiniumist ja muudest metallidest:<\/p>\n<ul>\n<li>\u00dcmmargused torud<\/li>\n<li>Ruudukujulised profiilid<\/li>\n<li>Ristk\u00fclikukujulised profiilid<\/li>\n<li>Ovaalsed torud<\/li>\n<li>L-kujulised profiilid (nurgad)<\/li>\n<li>Ja muud mittestandardsed profiilid<\/li>\n<\/ul>\n<table width=\"454\">\n<tbody>\n<tr>\n<td colspan=\"2\" width=\"454\"><strong>PEAMISED SPETSIFIKATSIOONID<\/strong><\/td>\n<\/tr>\n<tr>\n<td><strong>Mudel<\/strong><\/td>\n<td>EL-6060P<\/td>\n<\/tr>\n<tr>\n<td><strong>Laseri allikas<\/strong><\/td>\n<td>MAX<\/td>\n<\/tr>\n<tr>\n<td><strong>Laseri v\u00f5imsus<\/strong><\/td>\n<td>1500W<\/td>\n<\/tr>\n<tr>\n<td><strong>L\u00f5ikepaksus:<\/strong><\/td>\n<td><\/td>\n<\/tr>\n<tr>\n<td><strong>Roostevaba teras<\/strong><\/td>\n<td>&lt; 5mm<\/td>\n<\/tr>\n<tr>\n<td><strong>Teras<\/strong><\/td>\n<td>&lt; 12mm<\/td>\n<\/tr>\n<tr>\n<td><strong>T\u00f6\u00f6valdkond<\/strong><\/td>\n<td>600 x 600 mm<\/td>\n<\/tr>\n<tr>\n<td><strong>Z-telg, k\u00f5rgus<\/strong><\/td>\n<td>100 mm<\/td>\n<\/tr>\n<tr>\n<td><strong>\u00dcmberpaigutamise t\u00e4psus<\/strong><\/td>\n<td>\u00b10,03 mm<\/td>\n<\/tr>\n<tr>\n<td><strong>Brutokaal<\/strong><\/td>\n<td>1,2 tonni<\/td>\n<\/tr>\n<tr>\n<td><strong>Toitlustamine<\/strong><\/td>\n<td>Kolmefaasiline<\/td>\n<\/tr>\n<tr>\n<td colspan=\"2\"><\/td>\n<\/tr>\n<tr>\n<td colspan=\"2\"><strong>PEAMISED KOMPONENDID<\/strong><\/td>\n<\/tr>\n<tr>\n<td><strong>L\u00f5ikepea<\/strong><\/td>\n<td>Raytools BM110 (\u0160veits)<\/td>\n<\/tr>\n<tr>\n<td><strong>Liikumise \u00fclekandes\u00fcsteem<\/strong><\/td>\n<td>Keermestatud varras<\/td>\n<\/tr>\n<tr>\n<td><strong>Servomootor<\/strong><\/td>\n<td>Leadshine<\/td>\n<\/tr>\n<tr>\n<td><strong>Veejahutuss\u00fcsteem<\/strong><\/td>\n<td>Hanli<\/td>\n<\/tr>\n<tr>\n<td><strong>Kontrollija\/kontroller<\/strong><\/td>\n<td>Cypcut (FSCUT2000C)<\/td>\n<\/tr>\n<tr>\n<td><strong>Magnetventiil<\/strong><\/td>\n<td>AIRTAC (Taiwan)<\/td>\n<\/tr>\n<tr>\n<td colspan=\"2\"><\/td>\n<\/tr>\n<tr>\n<td><strong>Garantii<\/strong><\/td>\n<td>2 aastat f\u00fc\u00fcsilistele isikutele<\/td>\n<\/tr>\n<tr>\n<td><\/td>\n<td>1 aasta juriidiliste isikute puhul<\/td>\n<\/tr>\n<\/tbody>\n<\/table>\n","protected":false},"excerpt":{"rendered":"<p>ELTECHNIKA EL-6060P t\u00f6\u00f6stuslik kiudoptiline lasermasin on ette n\u00e4htud <strong>torude ja profiilide automatiseeritud l\u00f5ikamiseks<\/strong>. T\u00e4nu v\u00f5imalusele t\u00f6\u00f6delda kuni 6 meetri pikkuseid toorikuid ning <strong>t\u00e4isautomaatsele laadimis- ja mahalaadimiss\u00fcsteemile<\/strong> suurendab see masin oluliselt tootmise t\u00f5husust ja v\u00e4hendab vajadust k\u00e4sitsi tehtava t\u00f6\u00f6 j\u00e4rele. Kaks pneumaatilist kinnituspinki tagavad stabiilse kinnituse ja maksimaalse l\u00f5iket\u00e4psuse. See on ideaalne lahendus raudtee-, metallm\u00f6\u00f6bli-, spordivarustuse ja muude metallkonstruktsioonide tootjatele.   <\/p>\n","protected":false},"featured_media":10393,"template":"","meta":{"_acf_changed":false},"product_brand":[],"product_cat":[385],"product_tag":[],"class_list":{"0":"post-10530","1":"product","2":"type-product","3":"status-publish","4":"has-post-thumbnail","6":"product_cat-fiiberlaseriga-metalliloikamismasinad","7":"","8":"woocommerce-text-align-center","9":"woocommerce-image-align-center","10":"wc-has-gallery","12":"first","13":"instock","14":"shipping-taxable","15":"product-type-simple"},"acf":[],"_links":{"self":[{"href":"https:\/\/eltechnika.eu\/et\/wp-json\/wp\/v2\/product\/10530","targetHints":{"allow":["GET"]}}],"collection":[{"href":"https:\/\/eltechnika.eu\/et\/wp-json\/wp\/v2\/product"}],"about":[{"href":"https:\/\/eltechnika.eu\/et\/wp-json\/wp\/v2\/types\/product"}],"wp:featuredmedia":[{"embeddable":true,"href":"https:\/\/eltechnika.eu\/et\/wp-json\/wp\/v2\/media\/10393"}],"wp:attachment":[{"href":"https:\/\/eltechnika.eu\/et\/wp-json\/wp\/v2\/media?parent=10530"}],"wp:term":[{"taxonomy":"product_brand","embeddable":true,"href":"https:\/\/eltechnika.eu\/et\/wp-json\/wp\/v2\/product_brand?post=10530"},{"taxonomy":"product_cat","embeddable":true,"href":"https:\/\/eltechnika.eu\/et\/wp-json\/wp\/v2\/product_cat?post=10530"},{"taxonomy":"product_tag","embeddable":true,"href":"https:\/\/eltechnika.eu\/et\/wp-json\/wp\/v2\/product_tag?post=10530"}],"curies":[{"name":"wp","href":"https:\/\/api.w.org\/{rel}","templated":true}]}}