{"id":11543,"date":"2025-10-07T14:11:48","date_gmt":"2025-10-07T11:11:48","guid":{"rendered":"https:\/\/eltechnika.eu\/meie-kohta-2\/"},"modified":"2025-12-01T17:22:10","modified_gmt":"2025-12-01T14:22:10","slug":"meie-kohta","status":"publish","type":"page","link":"https:\/\/eltechnika.eu\/et\/meie-kohta\/","title":{"rendered":"Meie kohta"},"content":{"rendered":"\n<div class=\"gbp-section gb-element-0f4a3430\">\n<span class=\"gb-shape gb-shape-84bbe83e gb-shape--divider\"><svg xmlns=\"http:\/\/www.w3.org\/2000\/svg\" viewbox=\"0 0 400 26\" id=\"Layer_1\" preserveaspectratio=\"none\">\n  <path d=\"M340.4,0H0v26h400l-45.31-22.63c-4.44-2.22-9.34-3.37-14.3-3.37Z\"><\/path>\n<\/svg><\/span>\n\n\n\n<div class=\"gbp-section__inner\">\n<div class=\"gb-element-bde193af\">\n<p class=\"gb-text gbp-section__tagline gb-text-0a036e4d\">UAB &#8220;Eltechnika&#8221; kohta<\/p>\n\n\n\n<h1 class=\"gb-text gb-text-728927bf\">Kaasaegsed tehnoloogiad teie ettev\u00f5tte kasvuks<\/h1>\n\n\n\n<p class=\"gb-text gbp-section__text--lg gb-text-d139beba\">Teie usaldusv\u00e4\u00e4rne partner t\u00e4iustatud laser-, CNC- ja kiudt\u00f6\u00f6pinkide lahenduste osas k\u00f5igis Balti riikides.<\/p>\n<\/div>\n<\/div>\n<\/div>\n\n<div class=\"gbp-section gb-element-8e0d4ea6\" id=\"history\">\n<span class=\"gb-shape gb-shape-4ea398f0 gb-shape--divider\"><svg xmlns=\"http:\/\/www.w3.org\/2000\/svg\" preserveaspectratio=\"none\" viewbox=\"0 0 400 27\"><path d=\"M400 27H0v-.5h342.71c2.46 0 4.89-.57 7.1-1.66L400 0v27Z\"><\/path><\/svg><\/span>\n\n\n\n<div class=\"gbp-section__inner gb-element-5f3b4253\">\n<div class=\"gb-element-ebcff6bc\">\n<div>\n<h2 class=\"gb-text\">Edusammud ja kogemused teie teenistuses<\/h2>\n\n\n\n<p class=\"gb-text gbp-section__text\">Tere tulemast Eltechnikasse, mis on tipptasemel laserite, CO2, RF, CNC ja kiudoptiliste lahenduste partner. Alates ettev\u00f5tte asutamisest 2015. aastal oleme uhked oma tehnoloogiliste uuenduste ja laitmatu klienditeeninduse \u00fcle Baltikumis. Meie teekond algas p\u00fchendumisega kvaliteedile ja visiooniga muuta t\u00f6\u00f6stust \u2013 eetika, mis j\u00e4\u00e4b meie tegevuse keskmesse.  <\/p>\n<\/div>\n\n\n\n<div class=\"gb-element-8a9042de\">\n<img decoding=\"async\" width=\"800\" height=\"400\" class=\"gbp--border-radius gb-media-df973794\" src=\"https:\/\/eltechnika.eu\/wp-content\/uploads\/2023\/11\/lietuviskas-e1749808252417.png\" title=\"Leedu\" alt=\"\">\n<\/div>\n<\/div>\n\n\n\n<div class=\"gb-element-f913f7c9\">\n<div class=\"gb-element-e564c1bf\"><style>.kb-count-up-11285_afb7fc-ca .kb-count-up-number{color:var(--contrast);font-size:45px;letter-spacing:2px;font-family:Montserrat;font-weight:700;}.kb-count-up-11285_afb7fc-ca .kb-count-up-number{padding-bottom:0px;margin-bottom:0px;text-align:center;}<\/style>\n<div class=\"wp-block-kadence-countup kb-count-up-11285_afb7fc-ca kb-count-up\" data-start=\"1000\" data-end=\"2015\" data-prefix=\"\" data-suffix=\"\" data-duration=\"1.2\" data-separator=\"\"><div class=\"kb-count-up-process kb-count-up-number\"><\/div><\/div>\n\n\n\n<span class=\"gb-text gb-text-95a5099f\">Loodud<\/span>\n<\/div>\n\n\n\n<div class=\"gb-element-14b885e8\"><style>.kb-count-up-11285_f163be-0d .kb-count-up-number{color:var(--contrast);font-size:45px;letter-spacing:2px;font-family:Montserrat;font-weight:700;}.kb-count-up-11285_f163be-0d .kb-count-up-number{padding-bottom:0px;margin-bottom:0px;text-align:center;}<\/style>\n<div class=\"wp-block-kadence-countup kb-count-up-11285_f163be-0d kb-count-up\" data-start=\"1\" data-end=\"17\" data-prefix=\"\" data-suffix=\"\" data-duration=\"1.2\" data-separator=\"\"><div class=\"kb-count-up-process kb-count-up-number\"><\/div><\/div>\n\n\n\n<span class=\"gb-text gb-text-fcdbbe6e\">T\u00f6\u00f6tajad<\/span>\n<\/div>\n\n\n\n<div class=\"gb-element-17cb0d25\"><style>.kb-count-up-11285_11d50e-3e .kb-count-up-number{color:var(--contrast);font-size:45px;letter-spacing:2px;font-family:Montserrat;font-weight:700;}.kb-count-up-11285_11d50e-3e .kb-count-up-number{padding-bottom:0px;margin-bottom:0px;text-align:center;}<\/style>\n<div class=\"wp-block-kadence-countup kb-count-up-11285_11d50e-3e kb-count-up\" data-start=\"1\" data-end=\"199\" data-prefix=\"\" data-suffix=\"\" data-duration=\"1.2\" data-separator=\"\"><div class=\"kb-count-up-process kb-count-up-number\"><\/div><\/div>\n\n\n\n<span class=\"gb-text gb-text-ff5c5cde\">Elluviidud projektid<\/span>\n<\/div>\n\n\n\n<div class=\"gb-element-9ae84ed7\"><style>.kb-count-up-11285_263829-14 .kb-count-up-number{color:var(--contrast);font-size:45px;letter-spacing:2px;font-family:Montserrat;font-weight:700;}.kb-count-up-11285_263829-14 .kb-count-up-number{padding-bottom:0px;margin-bottom:0px;text-align:center;}<\/style>\n<div class=\"wp-block-kadence-countup kb-count-up-11285_263829-14 kb-count-up\" data-start=\"1\" data-end=\"6\" data-prefix=\"\" data-suffix=\"\" data-duration=\"1.2\" data-separator=\"\"><div class=\"kb-count-up-process kb-count-up-number\"><\/div><\/div>\n\n\n\n<span class=\"gb-text gb-text-5c181ae7\">Ekspositsioonid<\/span>\n<\/div>\n<\/div>\n<\/div>\n<\/div>\n\n<div class=\"gbp-section gb-element-51bac0f4\">\n<div class=\"gbp-section__inner gb-element-b04e7d02\">\n<p class=\"gb-text gb-text-a2007bd2\">Meie kliendid<\/p>\n\n\n\n<div class=\"gb-element-bf690e56\">\n<div class=\"gb-element-d9661670\">\n<img decoding=\"async\" width=\"727\" height=\"250\" class=\"gb-media-0a720aea\" alt=\"\" src=\"https:\/\/eltechnika.eu\/wp-content\/uploads\/2025\/10\/VGTU.png\" title=\"VGTU\" srcset=\"https:\/\/eltechnika.eu\/wp-content\/uploads\/2025\/10\/VGTU.png 727w, https:\/\/eltechnika.eu\/wp-content\/uploads\/2025\/10\/VGTU-640x220.png 640w, https:\/\/eltechnika.eu\/wp-content\/uploads\/2025\/10\/VGTU-600x206.png 600w\" sizes=\"(max-width: 727px) 100vw, 727px\" \/>\n<\/div>\n\n\n\n<div class=\"gb-element-810377ba\">\n<img decoding=\"async\" width=\"868\" height=\"473\" class=\"gb-media-cd201028\" alt=\"KTU\" src=\"https:\/\/eltechnika.eu\/wp-content\/uploads\/2025\/10\/KTU.png\" title=\"KTU\" srcset=\"https:\/\/eltechnika.eu\/wp-content\/uploads\/2025\/10\/KTU.png 868w, https:\/\/eltechnika.eu\/wp-content\/uploads\/2025\/10\/KTU-640x349.png 640w, https:\/\/eltechnika.eu\/wp-content\/uploads\/2025\/10\/KTU-600x327.png 600w\" sizes=\"(max-width: 868px) 100vw, 868px\" \/>\n<\/div>\n\n\n\n<div class=\"gb-element-ae23008a\">\n<img decoding=\"async\" width=\"1106\" height=\"250\" class=\"gb-media-b9301798\" alt=\"\" src=\"https:\/\/eltechnika.eu\/wp-content\/uploads\/2025\/10\/Klaipedos-universitetas.png\" title=\"Klaip\u0117da \u00fclikool\" srcset=\"https:\/\/eltechnika.eu\/wp-content\/uploads\/2025\/10\/Klaipedos-universitetas.png 1106w, https:\/\/eltechnika.eu\/wp-content\/uploads\/2025\/10\/Klaipedos-universitetas-640x145.png 640w, https:\/\/eltechnika.eu\/wp-content\/uploads\/2025\/10\/Klaipedos-universitetas-1024x231.png 1024w, https:\/\/eltechnika.eu\/wp-content\/uploads\/2025\/10\/Klaipedos-universitetas-600x136.png 600w\" sizes=\"(max-width: 1106px) 100vw, 1106px\" \/>\n<\/div>\n\n\n\n<div class=\"gb-element-7552fb51\">\n<img decoding=\"async\" width=\"1221\" height=\"407\" class=\"gb-media-aa00f272\" alt=\"\" src=\"https:\/\/eltechnika.eu\/wp-content\/uploads\/2025\/10\/Ignitis.png\" title=\"S\u00fcttimine\" srcset=\"https:\/\/eltechnika.eu\/wp-content\/uploads\/2025\/10\/Ignitis.png 1221w, https:\/\/eltechnika.eu\/wp-content\/uploads\/2025\/10\/Ignitis-640x213.png 640w, https:\/\/eltechnika.eu\/wp-content\/uploads\/2025\/10\/Ignitis-1024x341.png 1024w, https:\/\/eltechnika.eu\/wp-content\/uploads\/2025\/10\/Ignitis-600x200.png 600w\" sizes=\"(max-width: 1221px) 100vw, 1221px\" \/>\n<\/div>\n\n\n\n<div class=\"gb-element-ea5de62a\">\n<img decoding=\"async\" width=\"2021\" height=\"250\" class=\"gb-media-6f5f6435\" alt=\"\" src=\"https:\/\/eltechnika.eu\/wp-content\/uploads\/2025\/10\/Ryanair.png\" title=\"Ryanair\" srcset=\"https:\/\/eltechnika.eu\/wp-content\/uploads\/2025\/10\/Ryanair.png 2021w, https:\/\/eltechnika.eu\/wp-content\/uploads\/2025\/10\/Ryanair-640x79.png 640w, https:\/\/eltechnika.eu\/wp-content\/uploads\/2025\/10\/Ryanair-1280x158.png 1280w, https:\/\/eltechnika.eu\/wp-content\/uploads\/2025\/10\/Ryanair-1024x127.png 1024w, https:\/\/eltechnika.eu\/wp-content\/uploads\/2025\/10\/Ryanair-1536x190.png 1536w, https:\/\/eltechnika.eu\/wp-content\/uploads\/2025\/10\/Ryanair-600x74.png 600w\" sizes=\"(max-width: 2021px) 100vw, 2021px\" \/>\n<\/div>\n\n\n\n<div class=\"gb-element-f6bcbbf6\">\n<img decoding=\"async\" width=\"1280\" height=\"287\" class=\"gb-media-368133f9\" alt=\"\" src=\"https:\/\/eltechnika.eu\/wp-content\/uploads\/2025\/10\/Logispace.png\" title=\"Loogiline ruum\" srcset=\"https:\/\/eltechnika.eu\/wp-content\/uploads\/2025\/10\/Logispace.png 1280w, https:\/\/eltechnika.eu\/wp-content\/uploads\/2025\/10\/Logispace-640x144.png 640w, https:\/\/eltechnika.eu\/wp-content\/uploads\/2025\/10\/Logispace-1024x230.png 1024w, https:\/\/eltechnika.eu\/wp-content\/uploads\/2025\/10\/Logispace-600x135.png 600w\" sizes=\"(max-width: 1280px) 100vw, 1280px\" \/>\n<\/div>\n\n\n\n<div class=\"gb-element-e4ea7a1e\">\n<img decoding=\"async\" width=\"497\" height=\"111\" class=\"gb-media-be7580ff\" alt=\"\" src=\"https:\/\/eltechnika.eu\/wp-content\/uploads\/2025\/10\/RSI-Europe.png\" title=\"RSI Euroopa\">\n<\/div>\n\n\n\n<div class=\"gb-element-5bbe006c\">\n<img decoding=\"async\" width=\"1077\" height=\"213\" class=\"gb-media-16796f43\" alt=\"\" src=\"https:\/\/eltechnika.eu\/wp-content\/uploads\/2025\/10\/Optoman.png\" title=\"Optomaanne\" srcset=\"https:\/\/eltechnika.eu\/wp-content\/uploads\/2025\/10\/Optoman.png 1077w, https:\/\/eltechnika.eu\/wp-content\/uploads\/2025\/10\/Optoman-640x127.png 640w, https:\/\/eltechnika.eu\/wp-content\/uploads\/2025\/10\/Optoman-1024x203.png 1024w, https:\/\/eltechnika.eu\/wp-content\/uploads\/2025\/10\/Optoman-600x119.png 600w\" sizes=\"(max-width: 1077px) 100vw, 1077px\" \/>\n<\/div>\n\n\n\n<div class=\"gb-element-88888651\">\n<img decoding=\"async\" width=\"203\" height=\"60\" class=\"gb-media-b08ea931\" alt=\"\" src=\"https:\/\/eltechnika.eu\/wp-content\/uploads\/2025\/10\/Electric-box.png\" title=\"Elektriline kast\">\n<\/div>\n\n\n\n<div class=\"gb-element-371bf914\">\n<img decoding=\"async\" width=\"507\" height=\"92\" class=\"gb-media-1e6d2b6a\" alt=\"\" src=\"https:\/\/eltechnika.eu\/wp-content\/uploads\/2025\/10\/Aconitum.png\" title=\"Aconitum\">\n<\/div>\n\n\n\n<div class=\"gb-element-2481dc98\">\n<img decoding=\"async\" width=\"2560\" height=\"785\" class=\"gb-media-58153cf3\" alt=\"\" src=\"https:\/\/eltechnika.eu\/wp-content\/uploads\/2025\/10\/Dolomitas-scaled.png\" title=\"Dolomiit\" srcset=\"https:\/\/eltechnika.eu\/wp-content\/uploads\/2025\/10\/Dolomitas-scaled.png 2560w, https:\/\/eltechnika.eu\/wp-content\/uploads\/2025\/10\/Dolomitas-640x196.png 640w, https:\/\/eltechnika.eu\/wp-content\/uploads\/2025\/10\/Dolomitas-1280x392.png 1280w, https:\/\/eltechnika.eu\/wp-content\/uploads\/2025\/10\/Dolomitas-1024x314.png 1024w, https:\/\/eltechnika.eu\/wp-content\/uploads\/2025\/10\/Dolomitas-1536x471.png 1536w, https:\/\/eltechnika.eu\/wp-content\/uploads\/2025\/10\/Dolomitas-2048x628.png 2048w, https:\/\/eltechnika.eu\/wp-content\/uploads\/2025\/10\/Dolomitas-600x184.png 600w\" sizes=\"(max-width: 2560px) 100vw, 2560px\" \/>\n<\/div>\n\n\n\n<div class=\"gb-element-3ee05529\">\n<img decoding=\"async\" width=\"581\" height=\"208\" class=\"gb-media-4c5902be\" alt=\"\" src=\"https:\/\/eltechnika.eu\/wp-content\/uploads\/2025\/10\/Utenos-Kolegija.png\" title=\"Utena Rakendusk\u00f5rgkool\">\n<\/div>\n<\/div>\n<\/div>\n<\/div>\n\n<div class=\"gbp-section\">\n<div class=\"gbp-section__inner gb-element-ae7196b6\">\n<div class=\"gb-element-6b85d847\">\n<h2 class=\"gb-text\">Meie meeskond<\/h2>\n<\/div>\n\n\n\n<div class=\"gb-element-2898abb0\">\n<div class=\"team-member-container\">\n<img decoding=\"async\" width=\"600\" height=\"900\" class=\"gbp--border-radius gb-media-18462014\" src=\"https:\/\/eltechnika.eu\/wp-content\/uploads\/2025\/11\/Artur-Kadzevic.jpg\" title=\"Artur Kadzevic\" alt=\"\">\n\n\n\n<div class=\"gbp--border-radius gbp--box-shadow team-member-bio\">\n<p class=\"gb-text gb-text-e9a2acb4\">Art\u016br Kadzevi\u010d<\/p>\n\n\n\n<p class=\"gb-text gbp-section__text--sm gb-text-e67cd45f\">Lavastaja<\/p>\n<\/div>\n<\/div>\n\n\n\n<div>\n<img decoding=\"async\" width=\"600\" height=\"900\" class=\"gbp--border-radius gb-media-7a4fd74f\" src=\"https:\/\/eltechnika.eu\/wp-content\/uploads\/2025\/11\/Ruslanas-Alijevas.jpg\" title=\"Ruslanas Alijevas\" alt=\"\">\n\n\n\n<div class=\"gbp--border-radius gbp--box-shadow team-member-bio\">\n<p class=\"gb-text gb-text-78a48026\">Ruslanas Alijevas<\/p>\n\n\n\n<p class=\"gb-text gbp-section__text--sm gb-text-e91e2229\">Projektijuht<\/p>\n<\/div>\n<\/div>\n\n\n\n<div>\n<img decoding=\"async\" width=\"600\" height=\"900\" class=\"gbp--border-radius gb-media-403a1d11\" src=\"https:\/\/eltechnika.eu\/wp-content\/uploads\/2025\/11\/Vitas-Navickas.jpg\" title=\"Vitas Navickas\" alt=\"\">\n\n\n\n<div class=\"gbp--border-radius gbp--box-shadow team-member-bio\">\n<p class=\"gb-text gb-text-6b7d6579\">Vitas Navickas<\/p>\n\n\n\n<p class=\"gb-text gbp-section__text--sm gb-text-ef83d36f\">Juhataja<\/p>\n<\/div>\n<\/div>\n<\/div>\n<\/div>\n<\/div>\n\n<div class=\"gbp-section gb-element-f360bb61\">\n<span class=\"gb-shape gb-shape-3ae35491 gb-shape--divider\"><svg xmlns=\"http:\/\/www.w3.org\/2000\/svg\" preserveaspectratio=\"none\" viewbox=\"0 0 400 27\"><path d=\"M400 27H0v-.5h342.71c2.46 0 4.89-.57 7.1-1.66L400 0v27Z\"><\/path><\/svg><\/span>\n\n\n\n<div class=\"gbp-section__inner gb-element-597d52c6\">\n<div class=\"gb-element-1a92868c\">\n<h2 class=\"gb-text gb-text-d2ec477f\">Meie v\u00e4\u00e4rtused<\/h2>\n\n\n\n<p class=\"gb-text gbp-section__text--lg gb-text-a6c9d337\">Teie usaldusv\u00e4\u00e4rne partner t\u00e4iustatud laser-, CNC- ja kiudt\u00f6\u00f6pinkide lahenduste osas k\u00f5igis Balti riikides.<\/p>\n<\/div>\n\n\n\n<div>\n<div class=\"gb-element-c51b6167\">\n<div class=\"gbp--border-radius gb-element-92e87ae8\">\n<div class=\"gb-element-1dc94316\">\n<span class=\"gb-shape service-guarantee-icon gb-shape-dae582b4\"><svg xmlns=\"http:\/\/www.w3.org\/2000\/svg\" viewbox=\"0 0 640 640\"><path d=\"M240 88C240 74.7 229.3 64 216 64C202.7 64 192 74.7 192 88L192 128C156.7 128 128 156.7 128 192L88 192C74.7 192 64 202.7 64 216C64 229.3 74.7 240 88 240L128 240L128 296L88 296C74.7 296 64 306.7 64 320C64 333.3 74.7 344 88 344L128 344L128 400L88 400C74.7 400 64 410.7 64 424C64 437.3 74.7 448 88 448L128 448C128 483.3 156.7 512 192 512L192 552C192 565.3 202.7 576 216 576C229.3 576 240 565.3 240 552L240 512L296 512L296 552C296 565.3 306.7 576 320 576C333.3 576 344 565.3 344 552L344 512L400 512L400 552C400 565.3 410.7 576 424 576C437.3 576 448 565.3 448 552L448 512C483.3 512 512 483.3 512 448L552 448C565.3 448 576 437.3 576 424C576 410.7 565.3 400 552 400L512 400L512 344L552 344C565.3 344 576 333.3 576 320C576 306.7 565.3 296 552 296L512 296L512 240L552 240C565.3 240 576 229.3 576 216C576 202.7 565.3 192 552 192L512 192C512 156.7 483.3 128 448 128L448 88C448 74.7 437.3 64 424 64C410.7 64 400 74.7 400 88L400 128L344 128L344 88C344 74.7 333.3 64 320 64C306.7 64 296 74.7 296 88L296 128L240 128L240 88zM224 192L416 192C433.7 192 448 206.3 448 224L448 416C448 433.7 433.7 448 416 448L224 448C206.3 448 192 433.7 192 416L192 224C192 206.3 206.3 192 224 192zM240 240L240 400L400 400L400 240L240 240z\"><\/path><\/svg><\/span>\n\n\n\n<div>\n<h3 class=\"gb-text headline-medium gb-text-1e7bc295\">Tehnoloogiline eelis<\/h3>\n\n\n\n<p class=\"gb-text gbp-section__text gb-text-7d9a6b9f\">J\u00e4lgime pidevalt turuuuendusi ja pakume ainult t\u00f5estatud, t\u00f5husaid tehnoloogiaid. Meie eesm\u00e4rk ei ole ainult m\u00fc\u00fca, vaid pakkuda k\u00f5ige optimaalsemat varustust, mis vastab teie ootustele ja tasub end k\u00f5ige kiiremini \u00e4ra. <\/p>\n<\/div>\n<\/div>\n<\/div>\n\n\n\n<div class=\"gbp--border-radius gb-element-c19bd001\">\n<div class=\"gb-element-6eeaf6de\">\n<span class=\"gb-shape service-guarantee-icon gb-shape-ff026c1d\"><svg xmlns=\"http:\/\/www.w3.org\/2000\/svg\" width=\"32\" height=\"32\" viewbox=\"0 0 256 256\"><path d=\"M164.38,181.1a52,52,0,1,0-72.76,0,75.89,75.89,0,0,0-30,28.89,12,12,0,0,0,20.78,12,53,53,0,0,1,91.22,0,12,12,0,1,0,20.78-12A75.89,75.89,0,0,0,164.38,181.1ZM100,144a28,28,0,1,1,28,28A28,28,0,0,1,100,144Zm147.21,9.59a12,12,0,0,1-16.81-2.39c-8.33-11.09-19.85-19.59-29.33-21.64a12,12,0,0,1-1.82-22.91,20,20,0,1,0-24.78-28.3,12,12,0,1,1-21-11.6,44,44,0,1,1,73.28,48.35,92.18,92.18,0,0,1,22.85,21.69A12,12,0,0,1,247.21,153.59Zm-192.28-24c-9.48,2.05-21,10.55-29.33,21.65A12,12,0,0,1,6.41,136.79,92.37,92.37,0,0,1,29.26,115.1a44,44,0,1,1,73.28-48.35,12,12,0,1,1-21,11.6,20,20,0,1,0-24.78,28.3,12,12,0,0,1-1.82,22.91Z\"><\/path><\/svg><\/span>\n\n\n\n<div>\n<h3 class=\"gb-text headline-medium gb-text-b689d841\">Oskusteave<\/h3>\n\n\n\n<div>\n<p class=\"gb-text gbp-section__text gb-text-fa14cb36\">Rohkem kui 10-aastane kogemus ja sajad paigaldatud masinad k\u00f5igis Balti riikides on v\u00f5imaldanud meil koguda ainulaadseid teadmisi. M\u00f5istame pigem tegelikke kui teoreetilisi tootmisprobleeme ja teame, kuidas neid lahendada. <\/p>\n<\/div>\n<\/div>\n<\/div>\n<\/div>\n\n\n\n<div class=\"gbp--border-radius gb-element-4d88057f\">\n<div class=\"gb-element-78aad18c\">\n<span class=\"gb-shape service-guarantee-icon gb-shape-39d30bd5\"><svg xmlns=\"http:\/\/www.w3.org\/2000\/svg\" width=\"32\" height=\"32\" viewbox=\"0 0 256 256\"><path d=\"M208,36H48A20,20,0,0,0,28,56v56c0,54.29,26.32,87.22,48.4,105.29,23.71,19.39,47.44,26,48.44,26.29a12.1,12.1,0,0,0,6.32,0c1-.28,24.73-6.9,48.44-26.29,22.08-18.07,48.4-51,48.4-105.29V56A20,20,0,0,0,208,36Zm-4,76c0,35.71-13.09,64.69-38.91,86.15A126.28,126.28,0,0,1,128,219.38a126.14,126.14,0,0,1-37.09-21.23C65.09,176.69,52,147.71,52,112V60H204ZM79.51,144.49a12,12,0,1,1,17-17L112,143l47.51-47.52a12,12,0,0,1,17,17l-56,56a12,12,0,0,1-17,0Z\"><\/path><\/svg><\/span>\n\n\n\n<div>\n<h3 class=\"gb-text headline-medium gb-text-498438ab\">Pikaajaline partnerlus<\/h3>\n\n\n\n<p class=\"gb-text gbp-section__text gb-text-606643c1\">Meie suhe kliendiga ei l\u00f5pe p\u00e4rast seadmete m\u00fc\u00fcki. Pakume koolitust, professionaalset garantii- ja garantiij\u00e4rgset teenindust ning konsultatsioone, mis aitavad teil oma seadmete potentsiaali maksimeerida. <\/p>\n<\/div>\n<\/div>\n<\/div>\n\n\n\n<div class=\"gbp--border-radius gb-element-ff909d53\">\n<div class=\"gb-element-a69c3402\">\n<span class=\"gb-shape service-guarantee-icon gb-shape-0e72eada\"><svg xmlns=\"http:\/\/www.w3.org\/2000\/svg\" width=\"32\" height=\"32\" viewbox=\"0 0 256 256\"><path d=\"M208,76H180V56A52,52,0,0,0,76,56V76H48A20,20,0,0,0,28,96V208a20,20,0,0,0,20,20H208a20,20,0,0,0,20-20V96A20,20,0,0,0,208,76ZM100,56a28,28,0,0,1,56,0V76H100ZM204,204H52V100H204Zm-60-52a16,16,0,1,1-16-16A16,16,0,0,1,144,152Z\"><\/path><\/svg><\/span>\n\n\n\n<div>\n<h3 class=\"gb-text headline-medium gb-text-3b6cbc79\">T\u00f6\u00f6kindlus ja kiirus<\/h3>\n\n\n\n<p class=\"gb-text gbp-section__text gb-text-0d28512f\">M\u00f5istame, et seisakud tootmises on kallid. Kohalik teenindus- ja varuosade ladu Vilniuses v\u00f5imaldab meil k\u00f5nedele kiiresti reageerida ja minimeerida teie seadmete remondiaega. <\/p>\n<\/div>\n<\/div>\n<\/div>\n<\/div>\n<\/div>\n<\/div>\n<\/div>\n\n<div class=\"gbp-section gb-element-f0c8eaa6\">\n<div class=\"gbp-section__inner gb-element-869efe06\">\n<div class=\"gb-element-746f0208\">\n<div class=\"gb-element-4e92549c\" style=\"--inline-bg-image: url(https:\/\/eltechnika.eu\/wp-content\/uploads\/2023\/11\/Nova10ELITE_28.jpg)\"><\/div>\n\n\n\n<div class=\"gb-element-e22818f9\">\n<h2 class=\"gb-text gb-text-d6495b71\">Kas olete valmis viima tootmise j\u00e4rgmisele tasemele?<\/h2>\n\n\n\n<p class=\"gb-text gbp-section__text gb-text-deb2a870\">Olenemata sellest, kas otsite esimest t\u00f6\u00f6pinki v\u00f5i soovite optimeerida oma olemasolevaid tootmisprotsesse \u2013 oleme valmis oma kogemusi jagama. V\u00f5tke meiega \u00fchendust ja leiame koos parima lahenduse. <\/p>\n\n\n\n<a class=\"gb-text gbp-button--primary gb-text-9e692950\" href=\"https:\/\/eltechnika.eu\/et\/votke-meiega-uhendust\/\">Kontakt<\/a>\n\n\n\n<div class=\"gbp--border-radius gb-element-7a2b860e\">\n<div class=\"gb-element-907d7fd5\">\n<p class=\"gb-text gbp-section__text--lg gb-text-e97f7ba7\">V\u00f5ta kohe \u00fchendust<\/p>\n\n\n\n<div class=\"gb-element-7bc334d8\">\n<p class=\"gb-text-eaad25a1\"><span class=\"gb-shape\"><svg xmlns=\"http:\/\/www.w3.org\/2000\/svg\" viewbox=\"0 0 256 256\" height=\"32\" width=\"32\"><path d=\"M224,154.8l-47.09-21.11-.18-.08a19.94,19.94,0,0,0-19,1.75,13.08,13.08,0,0,0-1.12.84l-22.31,19c-13-7.05-26.43-20.37-33.49-33.21l19.06-22.66a11.76,11.76,0,0,0,.85-1.15,20,20,0,0,0,1.66-18.83,1.42,1.42,0,0,1-.08-.18L101.2,32A20.06,20.06,0,0,0,80.42,20.15,60.27,60.27,0,0,0,28,80c0,81.61,66.39,148,148,148a60.27,60.27,0,0,0,59.85-52.42A20.06,20.06,0,0,0,224,154.8ZM176,204A124.15,124.15,0,0,1,52,80,36.29,36.29,0,0,1,80.48,44.46l18.82,42L80.14,109.28a12,12,0,0,0-.86,1.16A20,20,0,0,0,78,130.08c9.42,19.28,28.83,38.56,48.31,48A20,20,0,0,0,146,176.63a11.63,11.63,0,0,0,1.11-.85l22.43-19.07,42,18.81A36.29,36.29,0,0,1,176,204Z\"><\/path><\/svg><\/span><span class=\"gb-text\"><a href=\"tel:+37060667238\">+370 6 06 67238<\/a><\/span><\/p>\n\n\n\n<p class=\"gb-text-c56af5c9\"><span class=\"gb-shape\"><svg xmlns=\"http:\/\/www.w3.org\/2000\/svg\" viewbox=\"0 0 640 640\"><!--!Font Awesome Free v7.1.0 by @fontawesome - https:\/\/fontawesome.com License - https:\/\/fontawesome.com\/license\/free Copyright 2025 Fonticons, Inc.--><path d=\"M125.4 128C91.5 128 64 155.5 64 189.4C64 190.3 64 191.1 64.1 192L64 192L64 448C64 483.3 92.7 512 128 512L512 512C547.3 512 576 483.3 576 448L576 192L575.9 192C575.9 191.1 576 190.3 576 189.4C576 155.5 548.5 128 514.6 128L125.4 128zM528 256.3L528 448C528 456.8 520.8 464 512 464L128 464C119.2 464 112 456.8 112 448L112 256.3L266.8 373.7C298.2 397.6 341.7 397.6 373.2 373.7L528 256.3zM112 189.4C112 182 118 176 125.4 176L514.6 176C522 176 528 182 528 189.4C528 193.6 526 197.6 522.7 200.1L344.2 335.5C329.9 346.3 310.1 346.3 295.8 335.5L117.3 200.1C114 197.6 112 193.6 112 189.4z\"><\/path><\/svg><\/span><span class=\"gb-text\"><a href=\"mailto:info@eltechnika.lt\">info@eltechnika.lt<\/a><\/span><\/p>\n<\/div>\n<\/div>\n<\/div>\n<\/div>\n<\/div>\n<\/div>\n<\/div>\n","protected":false},"excerpt":{"rendered":"<p>UAB &#8220;Eltechnika&#8221; kohta Kaasaegsed tehnoloogiad teie ettev\u00f5tte kasvuks Teie usaldusv\u00e4\u00e4rne partner t\u00e4iustatud laser-, CNC- ja kiudt\u00f6\u00f6pinkide lahenduste osas k\u00f5igis Balti riikides. Edusammud ja kogemused teie teenistuses Tere tulemast Eltechnikasse, mis on tipptasemel laserite, CO2, RF, CNC ja kiudoptiliste lahenduste partner. Alates ettev\u00f5tte asutamisest 2015. aastal oleme uhked oma tehnoloogiliste uuenduste ja laitmatu klienditeeninduse \u00fcle Baltikumis. &#8230; <a title=\"Meie kohta\" class=\"read-more\" href=\"https:\/\/eltechnika.eu\/et\/meie-kohta\/\" aria-label=\"Read more about Meie kohta\">Read more<\/a><\/p>\n","protected":false},"author":1,"featured_media":0,"parent":0,"menu_order":0,"comment_status":"closed","ping_status":"closed","template":"","meta":{"_acf_changed":false,"footnotes":""},"class_list":["post-11543","page","type-page","status-publish"],"acf":[],"_links":{"self":[{"href":"https:\/\/eltechnika.eu\/et\/wp-json\/wp\/v2\/pages\/11543","targetHints":{"allow":["GET"]}}],"collection":[{"href":"https:\/\/eltechnika.eu\/et\/wp-json\/wp\/v2\/pages"}],"about":[{"href":"https:\/\/eltechnika.eu\/et\/wp-json\/wp\/v2\/types\/page"}],"author":[{"embeddable":true,"href":"https:\/\/eltechnika.eu\/et\/wp-json\/wp\/v2\/users\/1"}],"replies":[{"embeddable":true,"href":"https:\/\/eltechnika.eu\/et\/wp-json\/wp\/v2\/comments?post=11543"}],"version-history":[{"count":7,"href":"https:\/\/eltechnika.eu\/et\/wp-json\/wp\/v2\/pages\/11543\/revisions"}],"predecessor-version":[{"id":12033,"href":"https:\/\/eltechnika.eu\/et\/wp-json\/wp\/v2\/pages\/11543\/revisions\/12033"}],"wp:attachment":[{"href":"https:\/\/eltechnika.eu\/et\/wp-json\/wp\/v2\/media?parent=11543"}],"curies":[{"name":"wp","href":"https:\/\/api.w.org\/{rel}","templated":true}]}}